{"id":28059,"date":"2024-09-18T14:56:32","date_gmt":"2024-09-18T12:56:32","guid":{"rendered":"https:\/\/geab.se\/elnat\/?page_id=28059"},"modified":"2026-04-13T14:41:53","modified_gmt":"2026-04-13T12:41:53","slug":"om-oss","status":"publish","type":"page","link":"https:\/\/geab.se\/elnat\/om-oss\/","title":{"rendered":"Om oss"},"content":{"rendered":"\t\t<div data-elementor-type=\"wp-page\" data-elementor-id=\"28059\" class=\"elementor elementor-28059\" data-elementor-post-type=\"page\">\n\t\t\t\t\t\t<section class=\"elementor-section elementor-top-section elementor-element elementor-element-3ace9fd6 elementor-section-boxed elementor-section-height-default elementor-section-height-default\" data-id=\"3ace9fd6\" data-element_type=\"section\" data-e-type=\"section\">\n\t\t\t\t\t\t<div class=\"elementor-container elementor-column-gap-default\">\n\t\t\t\t\t<div class=\"elementor-column elementor-col-100 elementor-top-column elementor-element elementor-element-4367df8f\" data-id=\"4367df8f\" data-element_type=\"column\" data-e-type=\"column\">\n\t\t\t<div class=\"elementor-widget-wrap elementor-element-populated\">\n\t\t\t\t\t\t<div class=\"elementor-element elementor-element-4cd204f4 elementor-nav-menu__align-center elementor-nav-menu--dropdown-mobile elementor-hidden-mobile elementor-hidden-tablet elementor-nav-menu__text-align-aside elementor-widget elementor-widget-nav-menu\" data-id=\"4cd204f4\" data-element_type=\"widget\" data-e-type=\"widget\" data-settings=\"{&quot;submenu_icon&quot;:{&quot;value&quot;:&quot;&lt;i class=\\&quot;\\&quot; aria-hidden=\\&quot;true\\&quot;&gt;&lt;\\\/i&gt;&quot;,&quot;library&quot;:&quot;&quot;},&quot;layout&quot;:&quot;horizontal&quot;}\" data-widget_type=\"nav-menu.default\">\n\t\t\t\t<div class=\"elementor-widget-container\">\n\t\t\t\t\t\t\t\t<nav aria-label=\"Meny\" class=\"elementor-nav-menu--main elementor-nav-menu__container elementor-nav-menu--layout-horizontal e--pointer-none\">\n\t\t\t\t<ul id=\"menu-1-4cd204f4\" class=\"elementor-nav-menu\"><li class=\"menu-item menu-item-type-post_type menu-item-object-page menu-item-28067\"><a href=\"https:\/\/geab.se\/elnat\/om-oss\/\" class=\"elementor-item\">Om oss<\/a><\/li>\n<li class=\"menu-item menu-item-type-post_type menu-item-object-page menu-item-27896\"><a href=\"https:\/\/geab.se\/elnat\/elnatetgotland\/\" class=\"elementor-item\">Eln\u00e4tets uppbyggnad<\/a><\/li>\n<li class=\"menu-item menu-item-type-post_type menu-item-object-page menu-item-102972\"><a href=\"https:\/\/geab.se\/elnat\/var-verksamhet\/teknikvalet\/\" class=\"elementor-item\">Teknikvalet<\/a><\/li>\n<li class=\"menu-item menu-item-type-post_type menu-item-object-page menu-item-28010\"><a href=\"https:\/\/geab.se\/elnat\/var-verksamhet\/gotlandsforbindelsen\/\" class=\"elementor-item\">Gotlands elf\u00f6rbindelse<\/a><\/li>\n<li class=\"menu-item menu-item-type-post_type menu-item-object-page menu-item-27672\"><a href=\"https:\/\/geab.se\/elnat\/miljoarbete\/\" class=\"elementor-item\">Milj\u00f6ansvar eln\u00e4t<\/a><\/li>\n<li class=\"menu-item menu-item-type-post_type menu-item-object-page menu-item-27671\"><a href=\"https:\/\/geab.se\/elnat\/natutvecklingsplan\/\" class=\"elementor-item\">N\u00e4tutvecklingsplan<\/a><\/li>\n<\/ul>\t\t\t<\/nav>\n\t\t\t\t\t\t<nav class=\"elementor-nav-menu--dropdown elementor-nav-menu__container\" aria-hidden=\"true\">\n\t\t\t\t<ul id=\"menu-2-4cd204f4\" class=\"elementor-nav-menu\"><li class=\"menu-item menu-item-type-post_type menu-item-object-page menu-item-28067\"><a href=\"https:\/\/geab.se\/elnat\/om-oss\/\" class=\"elementor-item\" tabindex=\"-1\">Om oss<\/a><\/li>\n<li class=\"menu-item menu-item-type-post_type menu-item-object-page menu-item-27896\"><a href=\"https:\/\/geab.se\/elnat\/elnatetgotland\/\" class=\"elementor-item\" tabindex=\"-1\">Eln\u00e4tets uppbyggnad<\/a><\/li>\n<li class=\"menu-item menu-item-type-post_type menu-item-object-page menu-item-102972\"><a href=\"https:\/\/geab.se\/elnat\/var-verksamhet\/teknikvalet\/\" class=\"elementor-item\" tabindex=\"-1\">Teknikvalet<\/a><\/li>\n<li class=\"menu-item menu-item-type-post_type menu-item-object-page menu-item-28010\"><a href=\"https:\/\/geab.se\/elnat\/var-verksamhet\/gotlandsforbindelsen\/\" class=\"elementor-item\" tabindex=\"-1\">Gotlands elf\u00f6rbindelse<\/a><\/li>\n<li class=\"menu-item menu-item-type-post_type menu-item-object-page menu-item-27672\"><a href=\"https:\/\/geab.se\/elnat\/miljoarbete\/\" class=\"elementor-item\" tabindex=\"-1\">Milj\u00f6ansvar eln\u00e4t<\/a><\/li>\n<li class=\"menu-item menu-item-type-post_type menu-item-object-page menu-item-27671\"><a href=\"https:\/\/geab.se\/elnat\/natutvecklingsplan\/\" class=\"elementor-item\" tabindex=\"-1\">N\u00e4tutvecklingsplan<\/a><\/li>\n<\/ul>\t\t\t<\/nav>\n\t\t\t\t\t\t<\/div>\n\t\t\t\t<\/div>\n\t\t\t\t\t<\/div>\n\t\t<\/div>\n\t\t\t\t\t<\/div>\n\t\t<\/section>\n\t\t\t\t<section class=\"elementor-section elementor-top-section elementor-element elementor-element-939793c elementor-section-full_width elementor-section-height-min-height elementor-section-items-stretch elementor-section-content-middle elementor-section-height-default\" data-id=\"939793c\" data-element_type=\"section\" data-e-type=\"section\" data-settings=\"{&quot;background_background&quot;:&quot;classic&quot;}\">\n\t\t\t\t\t\t\t<div class=\"elementor-background-overlay\"><\/div>\n\t\t\t\t\t\t\t<div class=\"elementor-container elementor-column-gap-no\">\n\t\t\t\t\t<div class=\"elementor-column elementor-col-100 elementor-top-column elementor-element elementor-element-ca48292\" data-id=\"ca48292\" data-element_type=\"column\" data-e-type=\"column\">\n\t\t\t<div class=\"elementor-widget-wrap elementor-element-populated\">\n\t\t\t\t\t\t<section class=\"elementor-section elementor-inner-section elementor-element elementor-element-1be7548 elementor-section-content-middle elementor-section-boxed elementor-section-height-default elementor-section-height-default\" data-id=\"1be7548\" data-element_type=\"section\" data-e-type=\"section\">\n\t\t\t\t\t\t<div class=\"elementor-container elementor-column-gap-wide\">\n\t\t\t\t\t<div class=\"elementor-column elementor-col-100 elementor-inner-column elementor-element elementor-element-73b6174\" data-id=\"73b6174\" data-element_type=\"column\" data-e-type=\"column\">\n\t\t\t<div class=\"elementor-widget-wrap elementor-element-populated\">\n\t\t\t\t\t\t<div class=\"elementor-element elementor-element-275a489 elementor-widget elementor-widget-heading\" data-id=\"275a489\" data-element_type=\"widget\" data-e-type=\"widget\" data-widget_type=\"heading.default\">\n\t\t\t\t<div class=\"elementor-widget-container\">\n\t\t\t\t\t<h1 class=\"elementor-heading-title elementor-size-default\">Vi arbetar f\u00f6r fossilfrihet<\/h1>\t\t\t\t<\/div>\n\t\t\t\t<\/div>\n\t\t\t\t\t<\/div>\n\t\t<\/div>\n\t\t\t\t\t<\/div>\n\t\t<\/section>\n\t\t\t\t\t<\/div>\n\t\t<\/div>\n\t\t\t\t\t<\/div>\n\t\t<\/section>\n\t\t\t\t<section class=\"elementor-section elementor-top-section elementor-element elementor-element-2c59d37e elementor-section-boxed elementor-section-height-default elementor-section-height-default\" data-id=\"2c59d37e\" data-element_type=\"section\" data-e-type=\"section\">\n\t\t\t\t\t\t<div class=\"elementor-container elementor-column-gap-default\">\n\t\t\t\t\t<div class=\"elementor-column elementor-col-100 elementor-top-column elementor-element elementor-element-17fefdba\" data-id=\"17fefdba\" data-element_type=\"column\" data-e-type=\"column\">\n\t\t\t<div class=\"elementor-widget-wrap elementor-element-populated\">\n\t\t\t\t\t\t<div class=\"elementor-element elementor-element-4a94bd6d elementor-widget elementor-widget-spacer\" data-id=\"4a94bd6d\" data-element_type=\"widget\" data-e-type=\"widget\" data-widget_type=\"spacer.default\">\n\t\t\t\t<div class=\"elementor-widget-container\">\n\t\t\t\t\t\t\t<div class=\"elementor-spacer\">\n\t\t\t<div class=\"elementor-spacer-inner\"><\/div>\n\t\t<\/div>\n\t\t\t\t\t\t<\/div>\n\t\t\t\t<\/div>\n\t\t\t\t\t<\/div>\n\t\t<\/div>\n\t\t\t\t\t<\/div>\n\t\t<\/section>\n\t\t\t\t<section class=\"elementor-section elementor-top-section elementor-element elementor-element-a1de7e9 elementor-section-boxed elementor-section-height-default elementor-section-height-default\" data-id=\"a1de7e9\" data-element_type=\"section\" data-e-type=\"section\">\n\t\t\t\t\t\t<div class=\"elementor-container elementor-column-gap-wider\">\n\t\t\t\t\t<div class=\"elementor-column elementor-col-100 elementor-top-column elementor-element elementor-element-bd5945d\" data-id=\"bd5945d\" data-element_type=\"column\" data-e-type=\"column\">\n\t\t\t<div class=\"elementor-widget-wrap elementor-element-populated\">\n\t\t\t\t\t\t<div class=\"elementor-element elementor-element-c418e5b elementor-widget elementor-widget-text-editor\" data-id=\"c418e5b\" data-element_type=\"widget\" data-e-type=\"widget\" data-widget_type=\"text-editor.default\">\n\t\t\t\t<div class=\"elementor-widget-container\">\n\t\t\t\t\t\t\t\t\t<p style=\"text-align: center;\">Vi \u00e4r stolta m\u00f6jligg\u00f6rare av energiomst\u00e4llningen och arbetar f\u00f6r fossilfrihet.<\/p>\t\t\t\t\t\t\t\t<\/div>\n\t\t\t\t<\/div>\n\t\t\t\t\t<\/div>\n\t\t<\/div>\n\t\t\t\t\t<\/div>\n\t\t<\/section>\n\t\t\t\t<section class=\"elementor-section elementor-top-section elementor-element elementor-element-fa4b163 elementor-section-height-min-height elementor-section-items-stretch elementor-reverse-mobile elementor-section-boxed elementor-section-height-default\" data-id=\"fa4b163\" data-element_type=\"section\" data-e-type=\"section\" data-settings=\"{&quot;background_background&quot;:&quot;classic&quot;}\">\n\t\t\t\t\t\t<div class=\"elementor-container elementor-column-gap-no\">\n\t\t\t\t\t<div class=\"elementor-column elementor-col-50 elementor-top-column elementor-element elementor-element-f2dc1c5\" data-id=\"f2dc1c5\" data-element_type=\"column\" data-e-type=\"column\" data-settings=\"{&quot;background_background&quot;:&quot;classic&quot;}\">\n\t\t\t<div class=\"elementor-widget-wrap elementor-element-populated\">\n\t\t\t\t\t\t<section class=\"elementor-section elementor-inner-section elementor-element elementor-element-ebf2edc elementor-section-content-middle elementor-section-boxed elementor-section-height-default elementor-section-height-default\" data-id=\"ebf2edc\" data-element_type=\"section\" data-e-type=\"section\">\n\t\t\t\t\t\t<div class=\"elementor-container elementor-column-gap-no\">\n\t\t\t\t\t<div class=\"elementor-column elementor-col-100 elementor-inner-column elementor-element elementor-element-18bfa20\" data-id=\"18bfa20\" data-element_type=\"column\" data-e-type=\"column\">\n\t\t\t<div class=\"elementor-widget-wrap elementor-element-populated\">\n\t\t\t\t\t\t<div class=\"elementor-element elementor-element-3b57a79 elementor-widget elementor-widget-heading\" data-id=\"3b57a79\" data-element_type=\"widget\" data-e-type=\"widget\" data-widget_type=\"heading.default\">\n\t\t\t\t<div class=\"elementor-widget-container\">\n\t\t\t\t\t<h2 class=\"elementor-heading-title elementor-size-default\">Om oss<\/h2>\t\t\t\t<\/div>\n\t\t\t\t<\/div>\n\t\t\t\t<div class=\"elementor-element elementor-element-32b8342 elementor-widget__width-initial elementor-widget elementor-widget-text-editor\" data-id=\"32b8342\" data-element_type=\"widget\" data-e-type=\"widget\" data-widget_type=\"text-editor.default\">\n\t\t\t\t<div class=\"elementor-widget-container\">\n\t\t\t\t\t\t\t\t\t<p>Gotlands Eln\u00e4t \u00e4ger eln\u00e4tet p\u00e5 \u00f6n. Det \u00e4r v\u00e5rt uppdrag att bygga, underh\u00e5lla och driva ett eln\u00e4t som m\u00f6ter behoven av n\u00e4tkapacitet, el- och leveranskvalitet. I uppdraget ing\u00e5r ocks\u00e5 att ansluta nya kunder till eln\u00e4tet. Ut\u00f6ver den reglerade verksamheten bedriver bolaget \u00e4ven aff\u00e4rer som kompletterar eller fr\u00e4mjar n\u00e4tverksamheten, s\u00e5som gatubelysning, fiber\/bredband och IoT (Internet of Things).<\/p>\t\t\t\t\t\t\t\t<\/div>\n\t\t\t\t<\/div>\n\t\t\t\t\t<\/div>\n\t\t<\/div>\n\t\t\t\t\t<\/div>\n\t\t<\/section>\n\t\t\t\t\t<\/div>\n\t\t<\/div>\n\t\t\t\t<div class=\"elementor-column elementor-col-50 elementor-top-column elementor-element elementor-element-0e24f20\" data-id=\"0e24f20\" data-element_type=\"column\" data-e-type=\"column\" data-settings=\"{&quot;background_background&quot;:&quot;classic&quot;}\">\n\t\t\t<div class=\"elementor-widget-wrap elementor-element-populated\">\n\t\t\t\t\t<div class=\"elementor-background-overlay\"><\/div>\n\t\t\t\t\t\t<div class=\"elementor-element elementor-element-b0fb9b1 elementor-widget elementor-widget-image\" data-id=\"b0fb9b1\" data-element_type=\"widget\" data-e-type=\"widget\" data-widget_type=\"image.default\">\n\t\t\t\t<div class=\"elementor-widget-container\">\n\t\t\t\t\t\t\t\t\t\t\t\t\t\t\t<img fetchpriority=\"high\" decoding=\"async\" width=\"2560\" height=\"1710\" src=\"https:\/\/geab.se\/elnat\/wp-content\/uploads\/sites\/3\/2023\/12\/Elnat_vinter_23-13-scaled.jpg\" class=\"attachment-full size-full wp-image-25177\" alt=\"Medarbetare ute i naturen.\" srcset=\"https:\/\/geab.se\/elnat\/wp-content\/uploads\/sites\/3\/2023\/12\/Elnat_vinter_23-13-scaled.jpg 2560w, https:\/\/geab.se\/elnat\/wp-content\/uploads\/sites\/3\/2023\/12\/Elnat_vinter_23-13-449x300.jpg 449w, https:\/\/geab.se\/elnat\/wp-content\/uploads\/sites\/3\/2023\/12\/Elnat_vinter_23-13-898x600.jpg 898w, https:\/\/geab.se\/elnat\/wp-content\/uploads\/sites\/3\/2023\/12\/Elnat_vinter_23-13-1536x1026.jpg 1536w, https:\/\/geab.se\/elnat\/wp-content\/uploads\/sites\/3\/2023\/12\/Elnat_vinter_23-13-2048x1368.jpg 2048w\" sizes=\"(max-width: 2560px) 100vw, 2560px\" \/>\t\t\t\t\t\t\t\t\t\t\t\t\t\t\t<\/div>\n\t\t\t\t<\/div>\n\t\t\t\t\t<\/div>\n\t\t<\/div>\n\t\t\t\t\t<\/div>\n\t\t<\/section>\n\t\t\t\t<section class=\"elementor-section elementor-top-section elementor-element elementor-element-a7f8c3d elementor-section-boxed elementor-section-height-default elementor-section-height-default\" data-id=\"a7f8c3d\" data-element_type=\"section\" data-e-type=\"section\">\n\t\t\t\t\t\t<div class=\"elementor-container elementor-column-gap-default\">\n\t\t\t\t\t<div class=\"elementor-column elementor-col-100 elementor-top-column elementor-element elementor-element-9174bf2\" data-id=\"9174bf2\" data-element_type=\"column\" data-e-type=\"column\">\n\t\t\t<div class=\"elementor-widget-wrap elementor-element-populated\">\n\t\t\t\t\t\t<div class=\"elementor-element elementor-element-7e06b29 elementor-widget elementor-widget-heading\" data-id=\"7e06b29\" data-element_type=\"widget\" data-e-type=\"widget\" data-widget_type=\"heading.default\">\n\t\t\t\t<div class=\"elementor-widget-container\">\n\t\t\t\t\t<h2 class=\"elementor-heading-title elementor-size-default\">Kort fakta<\/h2>\t\t\t\t<\/div>\n\t\t\t\t<\/div>\n\t\t\t\t<div class=\"elementor-element elementor-element-6e58841 elementor-widget elementor-widget-text-editor\" data-id=\"6e58841\" data-element_type=\"widget\" data-e-type=\"widget\" data-widget_type=\"text-editor.default\">\n\t\t\t\t<div class=\"elementor-widget-container\">\n\t\t\t\t\t\t\t\t\t<ul><li>Vi \u00e4ger och driver 7 000 km eln\u00e4t p\u00e5 Gotland.<\/li><li>Vi levererar el till cirka 43 000 kunder &#8211; hush\u00e5ll, f\u00f6retag, industrier och samh\u00e4lle \u2013 dygnet runt, \u00e5ret om.<\/li><li><span class=\"TextRun SCXW190773769 BCX9\" lang=\"SV-SE\" xml:lang=\"SV-SE\" data-contrast=\"none\"><span class=\"NormalTextRun SCXW190773769 BCX9\">Vi planerar att investera f\u00f6r cirka 2 miljarder de kommande <\/span><\/span><span class=\"TextRun SCXW190773769 BCX9\" lang=\"SV-SE\" xml:lang=\"SV-SE\" data-contrast=\"none\"><span class=\"NormalTextRun SCXW190773769 BCX9\">\u00e5ren\u00a0<\/span><\/span><span class=\"TextRun SCXW190773769 BCX9\" lang=\"SV-SE\" xml:lang=\"SV-SE\" data-contrast=\"none\"><span class=\"NormalTextRun SCXW190773769 BCX9\">i syfte att b\u00e5de f\u00f6rnya, f\u00f6rst\u00e4rka<\/span><\/span><span class=\"TextRun SCXW190773769 BCX9\" lang=\"SV-SE\" xml:lang=\"SV-SE\" data-contrast=\"none\"><span class=\"NormalTextRun SCXW190773769 BCX9\">,<\/span><\/span><span class=\"TextRun SCXW190773769 BCX9\" lang=\"SV-SE\" xml:lang=\"SV-SE\" data-contrast=\"none\"><span class=\"NormalTextRun SCXW190773769 BCX9\">\u00a0<\/span><\/span><span class=\"TextRun SCXW190773769 BCX9\" lang=\"SV-SE\" xml:lang=\"SV-SE\" data-contrast=\"none\"><span class=\"NormalTextRun SCXW190773769 BCX9\">utveckla eln\u00e4tet\u00a0<\/span><\/span><span class=\"TextRun SCXW190773769 BCX9\" lang=\"SV-SE\" xml:lang=\"SV-SE\" data-contrast=\"none\"><span class=\"NormalTextRun SCXW190773769 BCX9\">och f\u00f6rb\u00e4ttra leveranskvaliteten. <\/span><\/span><\/li><li>Gotlands Eln\u00e4t AB \u00e4r en del av Geab som \u00e4gs till 75% av Vattenfall och till 25% av Region Gotland.\u00a0<\/li><li>Hos oss jobbar cirka 85 medarbetare.<\/li><li>100 \u00e5r med el p\u00e5 Gotland: elens historia p\u00e5 Gotland b\u00f6rjade \u00e5r 1904 d\u00e5 Visbys f\u00f6rsta dieseldrivna elverk togs i drift.<\/li><\/ul>\t\t\t\t\t\t\t\t<\/div>\n\t\t\t\t<\/div>\n\t\t\t\t\t<\/div>\n\t\t<\/div>\n\t\t\t\t\t<\/div>\n\t\t<\/section>\n\t\t\t\t<section class=\"elementor-section elementor-top-section elementor-element elementor-element-9e42c50 elementor-section-height-min-height elementor-section-items-stretch elementor-reverse-mobile elementor-section-boxed elementor-section-height-default\" data-id=\"9e42c50\" data-element_type=\"section\" data-e-type=\"section\" data-settings=\"{&quot;background_background&quot;:&quot;classic&quot;}\">\n\t\t\t\t\t\t<div class=\"elementor-container elementor-column-gap-no\">\n\t\t\t\t\t<div class=\"elementor-column elementor-col-50 elementor-top-column elementor-element elementor-element-75da912\" data-id=\"75da912\" data-element_type=\"column\" data-e-type=\"column\" data-settings=\"{&quot;background_background&quot;:&quot;classic&quot;}\">\n\t\t\t<div class=\"elementor-widget-wrap elementor-element-populated\">\n\t\t\t\t\t<div class=\"elementor-background-overlay\"><\/div>\n\t\t\t\t\t\t<div class=\"elementor-element elementor-element-dd66dc6 elementor-widget__width-initial elementor-absolute elementor-widget elementor-widget-image\" data-id=\"dd66dc6\" data-element_type=\"widget\" data-e-type=\"widget\" data-settings=\"{&quot;_position&quot;:&quot;absolute&quot;}\" data-widget_type=\"image.default\">\n\t\t\t\t<div class=\"elementor-widget-container\">\n\t\t\t\t\t\t\t\t\t\t\t\t\t\t\t<img decoding=\"async\" width=\"2377\" height=\"1767\" src=\"https:\/\/geab.se\/elnat\/wp-content\/uploads\/sites\/3\/2024\/03\/Kabellaggningen-halv.jpg\" class=\"attachment-full size-full wp-image-26450\" alt=\"Kabell\u00e4ggning av den f\u00f6rsta kabeln mellan Gotland och fastlandet.\" srcset=\"https:\/\/geab.se\/elnat\/wp-content\/uploads\/sites\/3\/2024\/03\/Kabellaggningen-halv.jpg 2377w, https:\/\/geab.se\/elnat\/wp-content\/uploads\/sites\/3\/2024\/03\/Kabellaggningen-halv-404x300.jpg 404w, https:\/\/geab.se\/elnat\/wp-content\/uploads\/sites\/3\/2024\/03\/Kabellaggningen-halv-807x600.jpg 807w, https:\/\/geab.se\/elnat\/wp-content\/uploads\/sites\/3\/2024\/03\/Kabellaggningen-halv-1536x1142.jpg 1536w, https:\/\/geab.se\/elnat\/wp-content\/uploads\/sites\/3\/2024\/03\/Kabellaggningen-halv-2048x1522.jpg 2048w\" sizes=\"(max-width: 2377px) 100vw, 2377px\" \/>\t\t\t\t\t\t\t\t\t\t\t\t\t\t\t<\/div>\n\t\t\t\t<\/div>\n\t\t\t\t\t<\/div>\n\t\t<\/div>\n\t\t\t\t<div class=\"elementor-column elementor-col-50 elementor-top-column elementor-element elementor-element-638e119\" data-id=\"638e119\" data-element_type=\"column\" data-e-type=\"column\" data-settings=\"{&quot;background_background&quot;:&quot;classic&quot;}\">\n\t\t\t<div class=\"elementor-widget-wrap elementor-element-populated\">\n\t\t\t\t\t\t<section class=\"elementor-section elementor-inner-section elementor-element elementor-element-9d34404 elementor-section-content-middle elementor-section-boxed elementor-section-height-default elementor-section-height-default\" data-id=\"9d34404\" data-element_type=\"section\" data-e-type=\"section\">\n\t\t\t\t\t\t<div class=\"elementor-container elementor-column-gap-no\">\n\t\t\t\t\t<div class=\"elementor-column elementor-col-100 elementor-inner-column elementor-element elementor-element-e96d162\" data-id=\"e96d162\" data-element_type=\"column\" data-e-type=\"column\">\n\t\t\t<div class=\"elementor-widget-wrap elementor-element-populated\">\n\t\t\t\t\t\t<div class=\"elementor-element elementor-element-dcdabb5 elementor-widget elementor-widget-heading\" data-id=\"dcdabb5\" data-element_type=\"widget\" data-e-type=\"widget\" data-widget_type=\"heading.default\">\n\t\t\t\t<div class=\"elementor-widget-container\">\n\t\t\t\t\t<h2 class=\"elementor-heading-title elementor-size-default\">Gotlands elf\u00f6rbindelse<\/h2>\t\t\t\t<\/div>\n\t\t\t\t<\/div>\n\t\t\t\t<div class=\"elementor-element elementor-element-d4f8ebc elementor-widget elementor-widget-text-editor\" data-id=\"d4f8ebc\" data-element_type=\"widget\" data-e-type=\"widget\" data-widget_type=\"text-editor.default\">\n\t\t\t\t<div class=\"elementor-widget-container\">\n\t\t\t\t\t\t\t\t\t<p>Gotlands elf\u00f6rbindelse \u00e4r en 96 kilometer l\u00e5ng sj\u00f6kabel p\u00e5 havsbotten som \u00f6verf\u00f6r h\u00f6gsp\u00e4nd likstr\u00f6m. Den var den f\u00f6rsta i sitt slag i v\u00e4rlden n\u00e4r den driftsattes den 7 mars 1954, d\u00e5 Gotland ansl\u00f6ts mot Sveriges eln\u00e4t.<\/p>\t\t\t\t\t\t\t\t<\/div>\n\t\t\t\t<\/div>\n\t\t\t\t<div class=\"elementor-element elementor-element-a1f06f5 elementor-icon-list--layout-traditional elementor-list-item-link-full_width elementor-widget elementor-widget-icon-list\" data-id=\"a1f06f5\" data-element_type=\"widget\" data-e-type=\"widget\" data-widget_type=\"icon-list.default\">\n\t\t\t\t<div class=\"elementor-widget-container\">\n\t\t\t\t\t\t\t<ul class=\"elementor-icon-list-items\">\n\t\t\t\t\t\t\t<li class=\"elementor-icon-list-item\">\n\t\t\t\t\t\t\t\t\t\t\t<a href=\"https:\/\/geab.se\/elnat\/elnatet-pa-gotland\/gotlandsforbindelsen\/\">\n\n\t\t\t\t\t\t\t\t\t\t\t\t<span class=\"elementor-icon-list-icon\">\n\t\t\t\t\t\t\t<i aria-hidden=\"true\" class=\"fas fa-arrow-right\"><\/i>\t\t\t\t\t\t<\/span>\n\t\t\t\t\t\t\t\t\t\t<span class=\"elementor-icon-list-text\">L\u00e4s mer <\/span>\n\t\t\t\t\t\t\t\t\t\t\t<\/a>\n\t\t\t\t\t\t\t\t\t<\/li>\n\t\t\t\t\t\t<\/ul>\n\t\t\t\t\t\t<\/div>\n\t\t\t\t<\/div>\n\t\t\t\t\t<\/div>\n\t\t<\/div>\n\t\t\t\t\t<\/div>\n\t\t<\/section>\n\t\t\t\t\t<\/div>\n\t\t<\/div>\n\t\t\t\t\t<\/div>\n\t\t<\/section>\n\t\t\t\t<\/div>\n\t\t","protected":false},"excerpt":{"rendered":"<p>Vi arbetar f\u00f6r fossilfrihet Vi \u00e4r stolta m\u00f6jligg\u00f6rare av energiomst\u00e4llningen och arbetar f\u00f6r fossilfrihet. Om oss Gotlands Eln\u00e4t \u00e4ger eln\u00e4tet p\u00e5 \u00f6n. Det \u00e4r v\u00e5rt uppdrag att bygga, underh\u00e5lla och driva ett eln\u00e4t som m\u00f6ter behoven av n\u00e4tkapacitet, el- och leveranskvalitet. I uppdraget ing\u00e5r ocks\u00e5 att ansluta nya kunder till eln\u00e4tet. Ut\u00f6ver den reglerade verksamheten [&hellip;]<\/p>\n","protected":false},"author":11,"featured_media":0,"parent":0,"menu_order":0,"comment_status":"closed","ping_status":"closed","template":"elementor_header_footer","meta":{"_seopress_robots_primary_cat":"","_seopress_titles_title":"Om oss | Gotlands Eln\u00e4t","_seopress_titles_desc":"","_seopress_robots_index":"","footnotes":""},"class_list":["post-28059","page","type-page","status-publish","hentry"],"_links":{"self":[{"href":"https:\/\/geab.se\/elnat\/wp-json\/wp\/v2\/pages\/28059","targetHints":{"allow":["GET"]}}],"collection":[{"href":"https:\/\/geab.se\/elnat\/wp-json\/wp\/v2\/pages"}],"about":[{"href":"https:\/\/geab.se\/elnat\/wp-json\/wp\/v2\/types\/page"}],"author":[{"embeddable":true,"href":"https:\/\/geab.se\/elnat\/wp-json\/wp\/v2\/users\/11"}],"replies":[{"embeddable":true,"href":"https:\/\/geab.se\/elnat\/wp-json\/wp\/v2\/comments?post=28059"}],"version-history":[{"count":28,"href":"https:\/\/geab.se\/elnat\/wp-json\/wp\/v2\/pages\/28059\/revisions"}],"predecessor-version":[{"id":106054,"href":"https:\/\/geab.se\/elnat\/wp-json\/wp\/v2\/pages\/28059\/revisions\/106054"}],"wp:attachment":[{"href":"https:\/\/geab.se\/elnat\/wp-json\/wp\/v2\/media?parent=28059"}],"curies":[{"name":"wp","href":"https:\/\/api.w.org\/{rel}","templated":true}]}}