{"id":27655,"date":"2024-09-13T11:03:28","date_gmt":"2024-09-13T09:03:28","guid":{"rendered":"https:\/\/geab.se\/elnat\/?page_id=27655"},"modified":"2025-11-24T10:31:19","modified_gmt":"2025-11-24T09:31:19","slug":"natutvecklingsplan","status":"publish","type":"page","link":"https:\/\/geab.se\/elnat\/natutvecklingsplan\/","title":{"rendered":"N\u00e4tutvecklingsplan"},"content":{"rendered":"\t\t<div data-elementor-type=\"wp-page\" data-elementor-id=\"27655\" class=\"elementor elementor-27655\" data-elementor-post-type=\"page\">\n\t\t\t\t\t\t<section class=\"elementor-section elementor-top-section elementor-element elementor-element-c4ebaa8 elementor-hidden-phone elementor-section-boxed elementor-section-height-default elementor-section-height-default\" data-id=\"c4ebaa8\" data-element_type=\"section\" data-e-type=\"section\">\n\t\t\t\t\t\t<div class=\"elementor-container elementor-column-gap-default\">\n\t\t\t\t\t<div class=\"elementor-column elementor-col-100 elementor-top-column elementor-element elementor-element-b2f4ecb\" data-id=\"b2f4ecb\" data-element_type=\"column\" data-e-type=\"column\">\n\t\t\t<div class=\"elementor-widget-wrap elementor-element-populated\">\n\t\t\t\t\t\t<div class=\"elementor-element elementor-element-f2b2550 elementor-nav-menu__align-center elementor-nav-menu--dropdown-mobile elementor-hidden-tablet elementor-hidden-mobile elementor-nav-menu__text-align-aside elementor-widget elementor-widget-nav-menu\" data-id=\"f2b2550\" data-element_type=\"widget\" data-e-type=\"widget\" data-settings=\"{&quot;submenu_icon&quot;:{&quot;value&quot;:&quot;&lt;i class=\\&quot;\\&quot; aria-hidden=\\&quot;true\\&quot;&gt;&lt;\\\/i&gt;&quot;,&quot;library&quot;:&quot;&quot;},&quot;layout&quot;:&quot;horizontal&quot;}\" data-widget_type=\"nav-menu.default\">\n\t\t\t\t<div class=\"elementor-widget-container\">\n\t\t\t\t\t\t\t\t<nav aria-label=\"Meny\" class=\"elementor-nav-menu--main elementor-nav-menu__container elementor-nav-menu--layout-horizontal e--pointer-none\">\n\t\t\t\t<ul id=\"menu-1-f2b2550\" class=\"elementor-nav-menu\"><li class=\"menu-item menu-item-type-post_type menu-item-object-page menu-item-28067\"><a href=\"https:\/\/geab.se\/elnat\/om-oss\/\" class=\"elementor-item\">Om oss<\/a><\/li>\n<li class=\"menu-item menu-item-type-post_type menu-item-object-page menu-item-27896\"><a href=\"https:\/\/geab.se\/elnat\/elnatetgotland\/\" class=\"elementor-item\">Eln\u00e4tets uppbyggnad<\/a><\/li>\n<li class=\"menu-item menu-item-type-post_type menu-item-object-page menu-item-102972\"><a href=\"https:\/\/geab.se\/elnat\/var-verksamhet\/teknikvalet\/\" class=\"elementor-item\">Teknikvalet<\/a><\/li>\n<li class=\"menu-item menu-item-type-post_type menu-item-object-page menu-item-28010\"><a href=\"https:\/\/geab.se\/elnat\/var-verksamhet\/gotlandsforbindelsen\/\" class=\"elementor-item\">Gotlands elf\u00f6rbindelse<\/a><\/li>\n<li class=\"menu-item menu-item-type-post_type menu-item-object-page menu-item-27672\"><a href=\"https:\/\/geab.se\/elnat\/miljoarbete\/\" class=\"elementor-item\">Milj\u00f6ansvar eln\u00e4t<\/a><\/li>\n<li class=\"menu-item menu-item-type-post_type menu-item-object-page menu-item-27671\"><a href=\"https:\/\/geab.se\/elnat\/natutvecklingsplan\/\" class=\"elementor-item\">N\u00e4tutvecklingsplan<\/a><\/li>\n<\/ul>\t\t\t<\/nav>\n\t\t\t\t\t\t<nav class=\"elementor-nav-menu--dropdown elementor-nav-menu__container\" aria-hidden=\"true\">\n\t\t\t\t<ul id=\"menu-2-f2b2550\" class=\"elementor-nav-menu\"><li class=\"menu-item menu-item-type-post_type menu-item-object-page menu-item-28067\"><a href=\"https:\/\/geab.se\/elnat\/om-oss\/\" class=\"elementor-item\" tabindex=\"-1\">Om oss<\/a><\/li>\n<li class=\"menu-item menu-item-type-post_type menu-item-object-page menu-item-27896\"><a href=\"https:\/\/geab.se\/elnat\/elnatetgotland\/\" class=\"elementor-item\" tabindex=\"-1\">Eln\u00e4tets uppbyggnad<\/a><\/li>\n<li class=\"menu-item menu-item-type-post_type menu-item-object-page menu-item-102972\"><a href=\"https:\/\/geab.se\/elnat\/var-verksamhet\/teknikvalet\/\" class=\"elementor-item\" tabindex=\"-1\">Teknikvalet<\/a><\/li>\n<li class=\"menu-item menu-item-type-post_type menu-item-object-page menu-item-28010\"><a href=\"https:\/\/geab.se\/elnat\/var-verksamhet\/gotlandsforbindelsen\/\" class=\"elementor-item\" tabindex=\"-1\">Gotlands elf\u00f6rbindelse<\/a><\/li>\n<li class=\"menu-item menu-item-type-post_type menu-item-object-page menu-item-27672\"><a href=\"https:\/\/geab.se\/elnat\/miljoarbete\/\" class=\"elementor-item\" tabindex=\"-1\">Milj\u00f6ansvar eln\u00e4t<\/a><\/li>\n<li class=\"menu-item menu-item-type-post_type menu-item-object-page menu-item-27671\"><a href=\"https:\/\/geab.se\/elnat\/natutvecklingsplan\/\" class=\"elementor-item\" tabindex=\"-1\">N\u00e4tutvecklingsplan<\/a><\/li>\n<\/ul>\t\t\t<\/nav>\n\t\t\t\t\t\t<\/div>\n\t\t\t\t<\/div>\n\t\t\t\t\t<\/div>\n\t\t<\/div>\n\t\t\t\t\t<\/div>\n\t\t<\/section>\n\t\t\t\t<section class=\"elementor-section elementor-top-section elementor-element elementor-element-80dd399 elementor-section-height-min-height elementor-section-content-middle elementor-section-full_width elementor-section-items-stretch elementor-section-height-default\" data-id=\"80dd399\" data-element_type=\"section\" data-e-type=\"section\" data-settings=\"{&quot;background_background&quot;:&quot;classic&quot;}\">\n\t\t\t\t\t\t\t<div class=\"elementor-background-overlay\"><\/div>\n\t\t\t\t\t\t\t<div class=\"elementor-container elementor-column-gap-no\">\n\t\t\t\t\t<div class=\"elementor-column elementor-col-100 elementor-top-column elementor-element elementor-element-8d94acb\" data-id=\"8d94acb\" data-element_type=\"column\" data-e-type=\"column\">\n\t\t\t<div class=\"elementor-widget-wrap elementor-element-populated\">\n\t\t\t\t\t\t<section class=\"elementor-section elementor-inner-section elementor-element elementor-element-85e90d1 elementor-section-content-middle elementor-section-boxed elementor-section-height-default elementor-section-height-default\" data-id=\"85e90d1\" data-element_type=\"section\" data-e-type=\"section\">\n\t\t\t\t\t\t<div class=\"elementor-container elementor-column-gap-wide\">\n\t\t\t\t\t<div class=\"elementor-column elementor-col-100 elementor-inner-column elementor-element elementor-element-bb32476\" data-id=\"bb32476\" data-element_type=\"column\" data-e-type=\"column\">\n\t\t\t<div class=\"elementor-widget-wrap elementor-element-populated\">\n\t\t\t\t\t\t<div class=\"elementor-element elementor-element-73ecac9 elementor-widget elementor-widget-heading\" data-id=\"73ecac9\" data-element_type=\"widget\" data-e-type=\"widget\" data-widget_type=\"heading.default\">\n\t\t\t\t<div class=\"elementor-widget-container\">\n\t\t\t\t\t<h1 class=\"elementor-heading-title elementor-size-default\">N\u00e4tutvecklingsplan<\/h1>\t\t\t\t<\/div>\n\t\t\t\t<\/div>\n\t\t\t\t\t<\/div>\n\t\t<\/div>\n\t\t\t\t\t<\/div>\n\t\t<\/section>\n\t\t\t\t\t<\/div>\n\t\t<\/div>\n\t\t\t\t\t<\/div>\n\t\t<\/section>\n\t\t<div class=\"elementor-element elementor-element-d4d5013 e-flex e-con-boxed e-con e-parent\" data-id=\"d4d5013\" data-element_type=\"container\" data-e-type=\"container\">\n\t\t\t\t\t<div class=\"e-con-inner\">\n\t\t\t\t<div class=\"elementor-element elementor-element-a2de854 elementor-widget elementor-widget-text-editor\" data-id=\"a2de854\" data-element_type=\"widget\" data-e-type=\"widget\" data-widget_type=\"text-editor.default\">\n\t\t\t\t<div class=\"elementor-widget-container\">\n\t\t\t\t\t\t\t\t\t<p>Gotlands Eln\u00e4t m\u00f6jligg\u00f6r energiomst\u00e4llningen och samh\u00e4llsutvecklingen. En \u00f6kande elektrifiering st\u00e4ller nya krav p\u00e5 kapaciteten i eln\u00e4tet och m\u00e5nga vill ansluta. Vi ser m\u00f6jligheter med en flexibel anv\u00e4ndning av eln\u00e4tet d\u00e4r det passar och investerar \u00e4ven stort f\u00f6r att m\u00f6ta den efterfr\u00e5gan som finns.<\/p><p>V\u00e5rt uppdrag \u00e4r att underh\u00e5lla, driva och vid behov bygga ut ett s\u00e4kert, tillf\u00f6rlitligt och effektivt eln\u00e4t till l\u00e4gsta kostnad f\u00f6r v\u00e5ra kunder. V\u00e5r uppgift \u00e4r ocks\u00e5 att ansluta nya kunder till eln\u00e4tet, allt fr\u00e5n sm\u00e5 hush\u00e5ll och nya bostadsomr\u00e5den till datahallar och industrier som vill st\u00e4lla om och elektrifiera drift och produktion. V\u00e5r n\u00e4tutvecklingsplan blir ett utm\u00e4rkt \u00f6vergripande instrument f\u00f6r att visa v\u00e4gen till framtiden.<\/p>\t\t\t\t\t\t\t\t<\/div>\n\t\t\t\t<\/div>\n\t\t\t\t<div class=\"elementor-element elementor-element-79a52fa elementor-widget elementor-widget-heading\" data-id=\"79a52fa\" data-element_type=\"widget\" data-e-type=\"widget\" data-widget_type=\"heading.default\">\n\t\t\t\t<div class=\"elementor-widget-container\">\n\t\t\t\t\t<h2 class=\"elementor-heading-title elementor-size-default\">Om n\u00e4tutvecklingsplaner<\/h2>\t\t\t\t<\/div>\n\t\t\t\t<\/div>\n\t\t\t\t<div class=\"elementor-element elementor-element-9680636 elementor-widget elementor-widget-text-editor\" data-id=\"9680636\" data-element_type=\"widget\" data-e-type=\"widget\" data-widget_type=\"text-editor.default\">\n\t\t\t\t<div class=\"elementor-widget-container\">\n\t\t\t\t\t\t\t\t\t<p>Gotlands Eln\u00e4t ska, liksom alla eln\u00e4tsbolag, ta fram en n\u00e4tutvecklingsplan. 2024 tog vi fram denna plan f\u00f6r f\u00f6rsta g\u00e5ngen. N\u00e4tutvecklingsplanen beskriver hur hela v\u00e5rt eln\u00e4t kommer utvecklas och ska tas fram minst vartannat \u00e5r.<\/p><p>Syftet med planen \u00e4r att skapa transparens kring nyttjandet av eln\u00e4tets kapacitet och de \u00e5tg\u00e4rder som beh\u00f6vs f\u00f6r att effektivisera detta p\u00e5 medell\u00e5ng och l\u00e5ng sikt.\u00a0<\/p>\t\t\t\t\t\t\t\t<\/div>\n\t\t\t\t<\/div>\n\t\t\t\t<div class=\"elementor-element elementor-element-96da500 elementor-widget elementor-widget-heading\" data-id=\"96da500\" data-element_type=\"widget\" data-e-type=\"widget\" data-widget_type=\"heading.default\">\n\t\t\t\t<div class=\"elementor-widget-container\">\n\t\t\t\t\t<h2 class=\"elementor-heading-title elementor-size-default\">Gotlands Eln\u00e4ts n\u00e4tutvecklingsplan 2025-2034 <\/h2>\t\t\t\t<\/div>\n\t\t\t\t<\/div>\n\t\t\t\t<div class=\"elementor-element elementor-element-abffdfd elementor-widget elementor-widget-text-editor\" data-id=\"abffdfd\" data-element_type=\"widget\" data-e-type=\"widget\" data-widget_type=\"text-editor.default\">\n\t\t\t\t<div class=\"elementor-widget-container\">\n\t\t\t\t\t\t\t\t\t<p><strong>Information om samr\u00e5d: <\/strong>Den f\u00f6rsta versionen av Gotlands Eln\u00e4ts n\u00e4tutvecklingsplan (version 0.1) publicerades f\u00f6r skriftligt samr\u00e5d den 15 september 2024. Efter att samr\u00e5det genomf\u00f6rts sammanst\u00e4lldes den slutliga n\u00e4tutvecklingsplanen (version 1) tillsammans med en samr\u00e5dsredog\u00f6relse. Synpunkterna som inkom under samr\u00e5det har beaktats vid framtagandet av den slutliga planen. En redog\u00f6relse f\u00f6r de inkomna synpunkterna finns i samr\u00e5dsredog\u00f6relsen.<\/p>\t\t\t\t\t\t\t\t<\/div>\n\t\t\t\t<\/div>\n\t\t\t\t<div class=\"elementor-element elementor-element-50b2336 elementor-icon-list--layout-traditional elementor-list-item-link-full_width elementor-widget elementor-widget-icon-list\" data-id=\"50b2336\" data-element_type=\"widget\" data-e-type=\"widget\" data-widget_type=\"icon-list.default\">\n\t\t\t\t<div class=\"elementor-widget-container\">\n\t\t\t\t\t\t\t<ul class=\"elementor-icon-list-items\">\n\t\t\t\t\t\t\t<li class=\"elementor-icon-list-item\">\n\t\t\t\t\t\t\t\t\t\t\t<a href=\"https:\/\/geab.se\/elnat\/wp-content\/uploads\/sites\/3\/2025\/08\/Natutvecklingsplan_241220_v-1.pdf\" target=\"_blank\">\n\n\t\t\t\t\t\t\t\t\t\t\t\t<span class=\"elementor-icon-list-icon\">\n\t\t\t\t\t\t\t<svg xmlns=\"http:\/\/www.w3.org\/2000\/svg\" xmlns:xlink=\"http:\/\/www.w3.org\/1999\/xlink\" id=\"Ebene_1\" x=\"0px\" y=\"0px\" viewBox=\"0 0 283.5 283.5\" style=\"enable-background:new 0 0 283.5 283.5;\" xml:space=\"preserve\"><path d=\"M99,201.4l28.8,28.8V156h28v74.1l28.8-28.8l19.6,19.8l-62.3,62.3l-62.3-62.3L99,201.4z M283.5,163v-14.1l0,0V0H0v121.5v27.4 v20.2l0,0V184h99v-28H28l0.3-7.1h0.1V28.4h226.7v120.5l0,0L255,156h-71v28h99L283.5,163z M61.3,63.7h30c12.6,0,21.6,5.9,21.6,17.5 s-9,17.6-21.6,17.6H75.5v21.6H61.3V63.7z M89.9,88c5.3,0,8.4-2.2,8.4-6.7s-3.1-6.7-8.4-6.7H75.5V88H89.9z M119.3,63.7h26.6 c17.3,0,29.4,10,29.4,28.3c0,18.4-12.1,28.3-29.4,28.3h-26.6C119.3,120.3,119.3,63.7,119.3,63.7z M144,109c10.3,0,16.3-5.9,16.3-17 s-5.9-17-16.3-17h-10.6v34H144z M196.4,75v10.3h22.7v10.9h-22.7v24.1h-14.2V63.7h39.9V75H196.4z\"><\/path><\/svg>\t\t\t\t\t\t<\/span>\n\t\t\t\t\t\t\t\t\t\t<span class=\"elementor-icon-list-text\">Gotlands Eln\u00e4ts n\u00e4tutvecklingsplan 2025-2034<\/span>\n\t\t\t\t\t\t\t\t\t\t\t<\/a>\n\t\t\t\t\t\t\t\t\t<\/li>\n\t\t\t\t\t\t\t\t<li class=\"elementor-icon-list-item\">\n\t\t\t\t\t\t\t\t\t\t\t<a href=\"https:\/\/geab.se\/elnat\/wp-content\/uploads\/sites\/3\/2025\/08\/Samradsversion-preliminar-natutvecklingsplan.pdf\" target=\"_blank\">\n\n\t\t\t\t\t\t\t\t\t\t\t\t<span class=\"elementor-icon-list-icon\">\n\t\t\t\t\t\t\t<svg xmlns=\"http:\/\/www.w3.org\/2000\/svg\" xmlns:xlink=\"http:\/\/www.w3.org\/1999\/xlink\" id=\"Ebene_1\" x=\"0px\" y=\"0px\" viewBox=\"0 0 283.5 283.5\" style=\"enable-background:new 0 0 283.5 283.5;\" xml:space=\"preserve\"><path d=\"M99,201.4l28.8,28.8V156h28v74.1l28.8-28.8l19.6,19.8l-62.3,62.3l-62.3-62.3L99,201.4z M283.5,163v-14.1l0,0V0H0v121.5v27.4 v20.2l0,0V184h99v-28H28l0.3-7.1h0.1V28.4h226.7v120.5l0,0L255,156h-71v28h99L283.5,163z M61.3,63.7h30c12.6,0,21.6,5.9,21.6,17.5 s-9,17.6-21.6,17.6H75.5v21.6H61.3V63.7z M89.9,88c5.3,0,8.4-2.2,8.4-6.7s-3.1-6.7-8.4-6.7H75.5V88H89.9z M119.3,63.7h26.6 c17.3,0,29.4,10,29.4,28.3c0,18.4-12.1,28.3-29.4,28.3h-26.6C119.3,120.3,119.3,63.7,119.3,63.7z M144,109c10.3,0,16.3-5.9,16.3-17 s-5.9-17-16.3-17h-10.6v34H144z M196.4,75v10.3h22.7v10.9h-22.7v24.1h-14.2V63.7h39.9V75H196.4z\"><\/path><\/svg>\t\t\t\t\t\t<\/span>\n\t\t\t\t\t\t\t\t\t\t<span class=\"elementor-icon-list-text\">Samr\u00e5dsversion\/prelimin\u00e4r n\u00e4tutvecklingsplan<\/span>\n\t\t\t\t\t\t\t\t\t\t\t<\/a>\n\t\t\t\t\t\t\t\t\t<\/li>\n\t\t\t\t\t\t\t\t<li class=\"elementor-icon-list-item\">\n\t\t\t\t\t\t\t\t\t\t\t<a href=\"https:\/\/geab.se\/elnat\/wp-content\/uploads\/sites\/3\/2025\/08\/Samradsredogorelse_241220_v-1.pdf\" target=\"_blank\">\n\n\t\t\t\t\t\t\t\t\t\t\t\t<span class=\"elementor-icon-list-icon\">\n\t\t\t\t\t\t\t<svg xmlns=\"http:\/\/www.w3.org\/2000\/svg\" xmlns:xlink=\"http:\/\/www.w3.org\/1999\/xlink\" id=\"Ebene_1\" x=\"0px\" y=\"0px\" viewBox=\"0 0 283.5 283.5\" style=\"enable-background:new 0 0 283.5 283.5;\" xml:space=\"preserve\"><path d=\"M99,201.4l28.8,28.8V156h28v74.1l28.8-28.8l19.6,19.8l-62.3,62.3l-62.3-62.3L99,201.4z M283.5,163v-14.1l0,0V0H0v121.5v27.4 v20.2l0,0V184h99v-28H28l0.3-7.1h0.1V28.4h226.7v120.5l0,0L255,156h-71v28h99L283.5,163z M61.3,63.7h30c12.6,0,21.6,5.9,21.6,17.5 s-9,17.6-21.6,17.6H75.5v21.6H61.3V63.7z M89.9,88c5.3,0,8.4-2.2,8.4-6.7s-3.1-6.7-8.4-6.7H75.5V88H89.9z M119.3,63.7h26.6 c17.3,0,29.4,10,29.4,28.3c0,18.4-12.1,28.3-29.4,28.3h-26.6C119.3,120.3,119.3,63.7,119.3,63.7z M144,109c10.3,0,16.3-5.9,16.3-17 s-5.9-17-16.3-17h-10.6v34H144z M196.4,75v10.3h22.7v10.9h-22.7v24.1h-14.2V63.7h39.9V75H196.4z\"><\/path><\/svg>\t\t\t\t\t\t<\/span>\n\t\t\t\t\t\t\t\t\t\t<span class=\"elementor-icon-list-text\">Samr\u00e5dsredog\u00f6relse n\u00e4tutvecklingsplan 2025-2034<\/span>\n\t\t\t\t\t\t\t\t\t\t\t<\/a>\n\t\t\t\t\t\t\t\t\t<\/li>\n\t\t\t\t\t\t<\/ul>\n\t\t\t\t\t\t<\/div>\n\t\t\t\t<\/div>\n\t\t\t\t<div class=\"elementor-element elementor-element-689083b elementor-widget elementor-widget-heading\" data-id=\"689083b\" data-element_type=\"widget\" data-e-type=\"widget\" data-widget_type=\"heading.default\">\n\t\t\t\t<div class=\"elementor-widget-container\">\n\t\t\t\t\t<h2 class=\"elementor-heading-title elementor-size-default\">Vad inneh\u00e5ller en n\u00e4tutvecklingsplan? <\/h2>\t\t\t\t<\/div>\n\t\t\t\t<\/div>\n\t\t\t\t<div class=\"elementor-element elementor-element-ef5bcba elementor-widget elementor-widget-text-editor\" data-id=\"ef5bcba\" data-element_type=\"widget\" data-e-type=\"widget\" data-widget_type=\"text-editor.default\">\n\t\t\t\t<div class=\"elementor-widget-container\">\n\t\t\t\t\t\t\t\t\t<p><span class=\"TextRun SCXW263548984 BCX8\" lang=\"SV-SE\" xml:lang=\"SV-SE\" data-contrast=\"none\"><span class=\"NormalTextRun SCXW263548984 BCX8\">Planen ska bland annat visa prognos f\u00f6r kommande kapacitetsbehov, begr\u00e4nsningar, flexibilitetstj\u00e4nster och kommande investeringar i v\u00e5rt eln\u00e4t f\u00f6r en 10-\u00e5rsperiod fram\u00e5t.<\/span><\/span><\/p>\t\t\t\t\t\t\t\t<\/div>\n\t\t\t\t<\/div>\n\t\t\t\t<div class=\"elementor-element elementor-element-89429f6 elementor-icon-list--layout-traditional elementor-list-item-link-full_width elementor-widget elementor-widget-icon-list\" data-id=\"89429f6\" data-element_type=\"widget\" data-e-type=\"widget\" data-widget_type=\"icon-list.default\">\n\t\t\t\t<div class=\"elementor-widget-container\">\n\t\t\t\t\t\t\t<ul class=\"elementor-icon-list-items\">\n\t\t\t\t\t\t\t<li class=\"elementor-icon-list-item\">\n\t\t\t\t\t\t\t\t\t\t\t<a href=\"https:\/\/ei.se\/bransch\/rapportera-in-uppgifter-till-ei\/natutvecklingsplan\" target=\"_blank\">\n\n\t\t\t\t\t\t\t\t\t\t\t\t<span class=\"elementor-icon-list-icon\">\n\t\t\t\t\t\t\t<svg xmlns=\"http:\/\/www.w3.org\/2000\/svg\" xmlns:xlink=\"http:\/\/www.w3.org\/1999\/xlink\" id=\"Ebene_1\" x=\"0px\" y=\"0px\" viewBox=\"0 0 283.5 283.5\" style=\"enable-background:new 0 0 283.5 283.5;\" xml:space=\"preserve\"><polygon points=\"21.3,127.6 208,127.6 133,52.6 153.1,32.6 262.2,141.7 153.1,250.9 133,230.8 208,155.9 21.3,155.9 \"><\/polygon><\/svg>\t\t\t\t\t\t<\/span>\n\t\t\t\t\t\t\t\t\t\t<span class=\"elementor-icon-list-text\">Om n\u00e4tutvecklingsplan p\u00e5 Ei.se<\/span>\n\t\t\t\t\t\t\t\t\t\t\t<\/a>\n\t\t\t\t\t\t\t\t\t<\/li>\n\t\t\t\t\t\t\t\t<li class=\"elementor-icon-list-item\">\n\t\t\t\t\t\t\t\t\t\t\t<a href=\"https:\/\/ei.se\/bransch\/flexibilitet-i-elsystemet\/effektivt-utnyttjande-av-elnaten\" target=\"_blank\">\n\n\t\t\t\t\t\t\t\t\t\t\t\t<span class=\"elementor-icon-list-icon\">\n\t\t\t\t\t\t\t<svg xmlns=\"http:\/\/www.w3.org\/2000\/svg\" xmlns:xlink=\"http:\/\/www.w3.org\/1999\/xlink\" id=\"Ebene_1\" x=\"0px\" y=\"0px\" viewBox=\"0 0 283.5 283.5\" style=\"enable-background:new 0 0 283.5 283.5;\" xml:space=\"preserve\"><polygon points=\"21.3,127.6 208,127.6 133,52.6 153.1,32.6 262.2,141.7 153.1,250.9 133,230.8 208,155.9 21.3,155.9 \"><\/polygon><\/svg>\t\t\t\t\t\t<\/span>\n\t\t\t\t\t\t\t\t\t\t<span class=\"elementor-icon-list-text\">Effektivt utnyttjande av eln\u00e4ten p\u00e5 Ei.se<\/span>\n\t\t\t\t\t\t\t\t\t\t\t<\/a>\n\t\t\t\t\t\t\t\t\t<\/li>\n\t\t\t\t\t\t<\/ul>\n\t\t\t\t\t\t<\/div>\n\t\t\t\t<\/div>\n\t\t\t\t\t<\/div>\n\t\t\t\t<\/div>\n\t\t\t\t<\/div>\n\t\t","protected":false},"excerpt":{"rendered":"<p>N\u00e4tutvecklingsplan Gotlands Eln\u00e4t m\u00f6jligg\u00f6r energiomst\u00e4llningen och samh\u00e4llsutvecklingen. En \u00f6kande elektrifiering st\u00e4ller nya krav p\u00e5 kapaciteten i eln\u00e4tet och m\u00e5nga vill ansluta. Vi ser m\u00f6jligheter med en flexibel anv\u00e4ndning av eln\u00e4tet d\u00e4r det passar och investerar \u00e4ven stort f\u00f6r att m\u00f6ta den efterfr\u00e5gan som finns. V\u00e5rt uppdrag \u00e4r att underh\u00e5lla, driva och vid behov bygga ut [&hellip;]<\/p>\n","protected":false},"author":11,"featured_media":0,"parent":0,"menu_order":0,"comment_status":"closed","ping_status":"closed","template":"elementor_header_footer","meta":{"_seopress_robots_primary_cat":"","_seopress_titles_title":"","_seopress_titles_desc":"","_seopress_robots_index":"","footnotes":""},"class_list":["post-27655","page","type-page","status-publish","hentry"],"_links":{"self":[{"href":"https:\/\/geab.se\/elnat\/wp-json\/wp\/v2\/pages\/27655","targetHints":{"allow":["GET"]}}],"collection":[{"href":"https:\/\/geab.se\/elnat\/wp-json\/wp\/v2\/pages"}],"about":[{"href":"https:\/\/geab.se\/elnat\/wp-json\/wp\/v2\/types\/page"}],"author":[{"embeddable":true,"href":"https:\/\/geab.se\/elnat\/wp-json\/wp\/v2\/users\/11"}],"replies":[{"embeddable":true,"href":"https:\/\/geab.se\/elnat\/wp-json\/wp\/v2\/comments?post=27655"}],"version-history":[{"count":63,"href":"https:\/\/geab.se\/elnat\/wp-json\/wp\/v2\/pages\/27655\/revisions"}],"predecessor-version":[{"id":105300,"href":"https:\/\/geab.se\/elnat\/wp-json\/wp\/v2\/pages\/27655\/revisions\/105300"}],"wp:attachment":[{"href":"https:\/\/geab.se\/elnat\/wp-json\/wp\/v2\/media?parent=27655"}],"curies":[{"name":"wp","href":"https:\/\/api.w.org\/{rel}","templated":true}]}}