{"id":26509,"date":"2024-04-23T07:58:17","date_gmt":"2024-04-23T05:58:17","guid":{"rendered":"https:\/\/geab.se\/elnat\/?page_id=26509"},"modified":"2024-04-23T08:37:24","modified_gmt":"2024-04-23T06:37:24","slug":"uppdaterad-tjanst-stromavbrott","status":"publish","type":"page","link":"https:\/\/geab.se\/elnat\/uppdaterad-tjanst-stromavbrott\/","title":{"rendered":"Uppdaterad tj\u00e4nst vid str\u00f6mavbrott"},"content":{"rendered":"\t\t<div data-elementor-type=\"wp-page\" data-elementor-id=\"26509\" class=\"elementor elementor-26509\" data-elementor-post-type=\"page\">\n\t\t\t\t<div class=\"elementor-element elementor-element-1fbf6fe e-flex e-con-boxed e-con e-parent\" data-id=\"1fbf6fe\" data-element_type=\"container\" data-e-type=\"container\">\n\t\t\t\t\t<div class=\"e-con-inner\">\n\t\t\t\t<div class=\"elementor-element elementor-element-8f7e46f elementor-widget elementor-widget-heading\" data-id=\"8f7e46f\" data-element_type=\"widget\" data-e-type=\"widget\" data-widget_type=\"heading.default\">\n\t\t\t\t<div class=\"elementor-widget-container\">\n\t\t\t\t\t<h1 class=\"elementor-heading-title elementor-size-default\">Uppdaterad\ntj\u00e4nst vid\nstr\u00f6mavbrott<\/h1>\t\t\t\t<\/div>\n\t\t\t\t<\/div>\n\t\t\t\t<div class=\"elementor-element elementor-element-3b19cf0 elementor-widget elementor-widget-text-editor\" data-id=\"3b19cf0\" data-element_type=\"widget\" data-e-type=\"widget\" data-widget_type=\"text-editor.default\">\n\t\t\t\t<div class=\"elementor-widget-container\">\n\t\t\t\t\t\t\t\t\t<p>23 april 2024<\/p>\t\t\t\t\t\t\t\t<\/div>\n\t\t\t\t<\/div>\n\t\t\t\t\t<\/div>\n\t\t\t\t<\/div>\n\t\t<div class=\"elementor-element elementor-element-9d43fe6 e-flex e-con-boxed e-con e-parent\" data-id=\"9d43fe6\" data-element_type=\"container\" data-e-type=\"container\">\n\t\t\t\t\t<div class=\"e-con-inner\">\n\t\t\t\t<div class=\"elementor-element elementor-element-ebe0f3c elementor-widget elementor-widget-image\" data-id=\"ebe0f3c\" data-element_type=\"widget\" data-e-type=\"widget\" data-widget_type=\"image.default\">\n\t\t\t\t<div class=\"elementor-widget-container\">\n\t\t\t\t\t\t\t\t\t\t\t\t\t\t\t<img fetchpriority=\"high\" decoding=\"async\" width=\"2560\" height=\"1244\" src=\"https:\/\/geab.se\/elnat\/wp-content\/uploads\/sites\/3\/2024\/03\/Geab_avbrottskarta-scaled.jpg\" class=\"attachment-full size-full wp-image-26516\" alt=\"Hand som h\u00e5ller i telefon med avbrottskarta.\" srcset=\"https:\/\/geab.se\/elnat\/wp-content\/uploads\/sites\/3\/2024\/03\/Geab_avbrottskarta-scaled.jpg 2560w, https:\/\/geab.se\/elnat\/wp-content\/uploads\/sites\/3\/2024\/03\/Geab_avbrottskarta-600x292.jpg 600w, https:\/\/geab.se\/elnat\/wp-content\/uploads\/sites\/3\/2024\/03\/Geab_avbrottskarta-1200x583.jpg 1200w, https:\/\/geab.se\/elnat\/wp-content\/uploads\/sites\/3\/2024\/03\/Geab_avbrottskarta-1536x746.jpg 1536w, https:\/\/geab.se\/elnat\/wp-content\/uploads\/sites\/3\/2024\/03\/Geab_avbrottskarta-2048x995.jpg 2048w\" sizes=\"(max-width: 2560px) 100vw, 2560px\" \/>\t\t\t\t\t\t\t\t\t\t\t\t\t\t\t<\/div>\n\t\t\t\t<\/div>\n\t\t\t\t\t<\/div>\n\t\t\t\t<\/div>\n\t\t<div class=\"elementor-element elementor-element-7578ded e-flex e-con-boxed e-con e-parent\" data-id=\"7578ded\" data-element_type=\"container\" data-e-type=\"container\">\n\t\t\t\t\t<div class=\"e-con-inner\">\n\t\t\t\t<div class=\"elementor-element elementor-element-e250285 elementor-widget elementor-widget-text-editor\" data-id=\"e250285\" data-element_type=\"widget\" data-e-type=\"widget\" data-widget_type=\"text-editor.default\">\n\t\t\t\t<div class=\"elementor-widget-container\">\n\t\t\t\t\t\t\t\t\t<p>Under vecka 17 lanserar vi en uppdaterad avbrottstj\u00e4nst f\u00f6r att ge dig snabbare och mer tillf\u00f6rlitlig information vid str\u00f6mavbrott.<\/p>\t\t\t\t\t\t\t\t<\/div>\n\t\t\t\t<\/div>\n\t\t\t\t<div class=\"elementor-element elementor-element-46eaef1 elementor-widget elementor-widget-heading\" data-id=\"46eaef1\" data-element_type=\"widget\" data-e-type=\"widget\" data-widget_type=\"heading.default\">\n\t\t\t\t<div class=\"elementor-widget-container\">\n\t\t\t\t\t<h4 class=\"elementor-heading-title elementor-size-default\">Se str\u00f6mavbrott p\u00e5 v\u00e5r karta<\/h4>\t\t\t\t<\/div>\n\t\t\t\t<\/div>\n\t\t\t\t<div class=\"elementor-element elementor-element-9a1f812 elementor-widget elementor-widget-text-editor\" data-id=\"9a1f812\" data-element_type=\"widget\" data-e-type=\"widget\" data-widget_type=\"text-editor.default\">\n\t\t\t\t<div class=\"elementor-widget-container\">\n\t\t\t\t\t\t\t\t\t<p>Surfa in p\u00e5 v\u00e5r hemsida med din mobil n\u00e4r str\u00f6mmen g\u00e5r. D\u00e4r finns en <a href=\"https:\/\/geab.se\/elnat\/stromavbrott\/\">karta \u00f6ver aktuella str\u00f6mavbrott<\/a> p\u00e5 Gotland. D\u00e4r hittar du \u00e4ven tips som kan hj\u00e4lpa dig inf\u00f6r och under ett p\u00e5g\u00e5ende str\u00f6mavbrott.<\/p>\t\t\t\t\t\t\t\t<\/div>\n\t\t\t\t<\/div>\n\t\t\t\t<div class=\"elementor-element elementor-element-437ad26 elementor-widget elementor-widget-button\" data-id=\"437ad26\" data-element_type=\"widget\" data-e-type=\"widget\" data-widget_type=\"button.default\">\n\t\t\t\t<div class=\"elementor-widget-container\">\n\t\t\t\t\t\t\t\t\t<div class=\"elementor-button-wrapper\">\n\t\t\t\t\t<a class=\"elementor-button elementor-button-link elementor-size-sm\" href=\"https:\/\/geab.se\/elnat\/stromavbrott\/\">\n\t\t\t\t\t\t<span class=\"elementor-button-content-wrapper\">\n\t\t\t\t\t\t\t\t\t<span class=\"elementor-button-text\">Till kartan<\/span>\n\t\t\t\t\t<\/span>\n\t\t\t\t\t<\/a>\n\t\t\t\t<\/div>\n\t\t\t\t\t\t\t\t<\/div>\n\t\t\t\t<\/div>\n\t\t\t\t<div class=\"elementor-element elementor-element-6f150cd elementor-widget elementor-widget-heading\" data-id=\"6f150cd\" data-element_type=\"widget\" data-e-type=\"widget\" data-widget_type=\"heading.default\">\n\t\t\t\t<div class=\"elementor-widget-container\">\n\t\t\t\t\t<h4 class=\"elementor-heading-title elementor-size-default\">F\u00e5 sms vid str\u00f6mavbrott<\/h4>\t\t\t\t<\/div>\n\t\t\t\t<\/div>\n\t\t\t\t<div class=\"elementor-element elementor-element-7f1d4f3 elementor-widget elementor-widget-text-editor\" data-id=\"7f1d4f3\" data-element_type=\"widget\" data-e-type=\"widget\" data-widget_type=\"text-editor.default\">\n\t\t\t\t<div class=\"elementor-widget-container\">\n\t\t\t\t\t\t\t\t\t<p>Anv\u00e4nd v\u00e5r kostnadsfria sms-tj\u00e4nst f\u00f6r att f\u00e5 information om b\u00e5de planerade och of\u00f6rutsedda str\u00f6mavbrott. Observera att v\u00e5r gamla sms-tj\u00e4nst utg\u00e5r. F\u00f6r att anv\u00e4nda v\u00e5r nya tj\u00e4nst, beh\u00f6ver du kontrollera eller l\u00e4gga till ditt mobilnummer p\u00e5 \u201d<a href=\"https:\/\/mittgeab.gotlandsenergi.se\/mittgeab\/\">Mitt Geab<\/a>\u201d (Mina Sidor). Logga enkelt in med ditt BankID eller kundnummer.<\/p>\t\t\t\t\t\t\t\t<\/div>\n\t\t\t\t<\/div>\n\t\t\t\t<div class=\"elementor-element elementor-element-5b5a1d0 elementor-widget elementor-widget-button\" data-id=\"5b5a1d0\" data-element_type=\"widget\" data-e-type=\"widget\" data-widget_type=\"button.default\">\n\t\t\t\t<div class=\"elementor-widget-container\">\n\t\t\t\t\t\t\t\t\t<div class=\"elementor-button-wrapper\">\n\t\t\t\t\t<a class=\"elementor-button elementor-button-link elementor-size-sm\" href=\"https:\/\/mittgeab.gotlandsenergi.se\/mittgeab\/\">\n\t\t\t\t\t\t<span class=\"elementor-button-content-wrapper\">\n\t\t\t\t\t\t\t\t\t<span class=\"elementor-button-text\">Till Mitt Geab<\/span>\n\t\t\t\t\t<\/span>\n\t\t\t\t\t<\/a>\n\t\t\t\t<\/div>\n\t\t\t\t\t\t\t\t<\/div>\n\t\t\t\t<\/div>\n\t\t\t\t\t<\/div>\n\t\t\t\t<\/div>\n\t\t\t\t<section class=\"elementor-section elementor-top-section elementor-element elementor-element-37662dd6 elementor-section-boxed elementor-section-height-default elementor-section-height-default\" data-id=\"37662dd6\" data-element_type=\"section\" data-e-type=\"section\">\n\t\t\t\t\t\t<div class=\"elementor-container elementor-column-gap-default\">\n\t\t\t\t\t<div class=\"elementor-column elementor-col-100 elementor-top-column elementor-element elementor-element-1b0999cc\" data-id=\"1b0999cc\" data-element_type=\"column\" data-e-type=\"column\">\n\t\t\t<div class=\"elementor-widget-wrap elementor-element-populated\">\n\t\t\t\t\t\t<div class=\"elementor-element elementor-element-5e7fffdd elementor-icon-list--layout-traditional elementor-list-item-link-full_width elementor-widget elementor-widget-icon-list\" data-id=\"5e7fffdd\" data-element_type=\"widget\" data-e-type=\"widget\" data-widget_type=\"icon-list.default\">\n\t\t\t\t<div class=\"elementor-widget-container\">\n\t\t\t\t\t\t\t<ul class=\"elementor-icon-list-items\">\n\t\t\t\t\t\t\t<li class=\"elementor-icon-list-item\">\n\t\t\t\t\t\t\t\t\t\t\t<span class=\"elementor-icon-list-icon\">\n\t\t\t\t\t\t\t<svg xmlns=\"http:\/\/www.w3.org\/2000\/svg\" xmlns:xlink=\"http:\/\/www.w3.org\/1999\/xlink\" id=\"Ebene_1\" x=\"0px\" y=\"0px\" viewBox=\"0 0 283.5 283.5\" style=\"enable-background:new 0 0 283.5 283.5;\" xml:space=\"preserve\"><path id=\"Information\" d=\"M127.6,113.4h28.3v106.3h-28.3V113.4z M148.6,64.8c-2.7-0.9-5.5-1.2-8.3-1c-8.7,0.5-15.5,5.9-16.2,16.2  c-0.5,7.2,2.4,13.6,7.8,16.8c3,1.7,6.4,2.5,9.8,2.4c0.4,0,0.9,0,1.3,0c4.7-0.2,9.1-1.6,12.4-5.5c3.7-4.4,4.5-9.7,3.8-15.4  C158.3,71.4,154.6,67,148.6,64.8z M141.7,7.1L141.7,7.1C63.5,7.1,0,49,0,141.7s63.5,134.6,141.7,134.6s141.7-41.9,141.7-134.6  S220,7.1,141.7,7.1z M221.7,221.3c-19,16.4-46.7,26.7-80,26.7s-61-10.3-80-26.7c-20.6-17.8-33.3-44.5-33.3-79.6S41,79.9,61.7,62.1  c19.1-16.4,46.8-26.7,80-26.7l0,0c33.3,0,61,10.3,80,26.7c20.6,17.8,33.4,44.5,33.4,79.6S242.5,203.6,221.7,221.3z\"><\/path><\/svg>\t\t\t\t\t\t<\/span>\n\t\t\t\t\t\t\t\t\t\t<span class=\"elementor-icon-list-text\">Svar p\u00e5 vanliga fr\u00e5gor<\/span>\n\t\t\t\t\t\t\t\t\t<\/li>\n\t\t\t\t\t\t<\/ul>\n\t\t\t\t\t\t<\/div>\n\t\t\t\t<\/div>\n\t\t\t\t<div class=\"elementor-element elementor-element-32313244 elementor-widget elementor-widget-toggle\" data-id=\"32313244\" data-element_type=\"widget\" data-e-type=\"widget\" data-widget_type=\"toggle.default\">\n\t\t\t\t<div class=\"elementor-widget-container\">\n\t\t\t\t\t\t\t<div class=\"elementor-toggle\">\n\t\t\t\t\t\t\t<div class=\"elementor-toggle-item\">\n\t\t\t\t\t<div id=\"elementor-tab-title-8421\" class=\"elementor-tab-title\" data-tab=\"1\" role=\"button\" aria-controls=\"elementor-tab-content-8421\" aria-expanded=\"false\">\n\t\t\t\t\t\t\t\t\t\t\t\t<span class=\"elementor-toggle-icon elementor-toggle-icon-right\" aria-hidden=\"true\">\n\t\t\t\t\t\t\t\t\t\t\t\t\t\t\t<span class=\"elementor-toggle-icon-closed\"><svg xmlns=\"http:\/\/www.w3.org\/2000\/svg\" xmlns:xlink=\"http:\/\/www.w3.org\/1999\/xlink\" id=\"Ebene_1\" x=\"0px\" y=\"0px\" viewBox=\"0 0 283.5 283.5\" style=\"enable-background:new 0 0 283.5 283.5;\" xml:space=\"preserve\"><polygon points=\"99.2,246.8 4.2,151.8 24.2,131.7 99.2,206.7 259.3,46.7 279.3,66.7 \"><\/polygon><\/svg><\/span>\n\t\t\t\t\t\t\t\t<span class=\"elementor-toggle-icon-opened\"><svg xmlns=\"http:\/\/www.w3.org\/2000\/svg\" xmlns:xlink=\"http:\/\/www.w3.org\/1999\/xlink\" id=\"Ebene_1\" x=\"0px\" y=\"0px\" viewBox=\"0 0 283.5 283.5\" style=\"enable-background:new 0 0 283.5 283.5;\" xml:space=\"preserve\"><polygon points=\"99.2,246.8 4.2,151.8 24.2,131.7 99.2,206.7 259.3,46.7 279.3,66.7 \"><\/polygon><\/svg><\/span>\n\t\t\t\t\t\t\t\t\t\t\t\t\t<\/span>\n\t\t\t\t\t\t\t\t\t\t\t\t<a class=\"elementor-toggle-title\" tabindex=\"0\">Hur f\u00e5r jag tillg\u00e5ng till tj\u00e4nsten?<\/a>\n\t\t\t\t\t<\/div>\n\n\t\t\t\t\t<div id=\"elementor-tab-content-8421\" class=\"elementor-tab-content elementor-clearfix\" data-tab=\"1\" role=\"region\" aria-labelledby=\"elementor-tab-title-8421\"><p>F\u00f6r att f\u00e5 sms vid str\u00f6mavbrott, kontrollera att ditt mobilnummer \u00e4r uppdaterat p\u00e5 \u201d<a href=\"https:\/\/mittgeab.gotlandsenergi.se\/mittgeab\/\">Mitt Geab<\/a>\u201d (Mina Sidor). Logga enkelt in med ditt BankID eller kundnummer. V\u00e4lj fliken \u201dMina uppgifter\u201d och skriv in det mobilnummer som du vill f\u00e5 sms till.<\/p><\/div>\n\t\t\t\t<\/div>\n\t\t\t\t\t\t\t<div class=\"elementor-toggle-item\">\n\t\t\t\t\t<div id=\"elementor-tab-title-8422\" class=\"elementor-tab-title\" data-tab=\"2\" role=\"button\" aria-controls=\"elementor-tab-content-8422\" aria-expanded=\"false\">\n\t\t\t\t\t\t\t\t\t\t\t\t<span class=\"elementor-toggle-icon elementor-toggle-icon-right\" aria-hidden=\"true\">\n\t\t\t\t\t\t\t\t\t\t\t\t\t\t\t<span class=\"elementor-toggle-icon-closed\"><svg xmlns=\"http:\/\/www.w3.org\/2000\/svg\" xmlns:xlink=\"http:\/\/www.w3.org\/1999\/xlink\" id=\"Ebene_1\" x=\"0px\" y=\"0px\" viewBox=\"0 0 283.5 283.5\" style=\"enable-background:new 0 0 283.5 283.5;\" xml:space=\"preserve\"><polygon points=\"99.2,246.8 4.2,151.8 24.2,131.7 99.2,206.7 259.3,46.7 279.3,66.7 \"><\/polygon><\/svg><\/span>\n\t\t\t\t\t\t\t\t<span class=\"elementor-toggle-icon-opened\"><svg xmlns=\"http:\/\/www.w3.org\/2000\/svg\" xmlns:xlink=\"http:\/\/www.w3.org\/1999\/xlink\" id=\"Ebene_1\" x=\"0px\" y=\"0px\" viewBox=\"0 0 283.5 283.5\" style=\"enable-background:new 0 0 283.5 283.5;\" xml:space=\"preserve\"><polygon points=\"99.2,246.8 4.2,151.8 24.2,131.7 99.2,206.7 259.3,46.7 279.3,66.7 \"><\/polygon><\/svg><\/span>\n\t\t\t\t\t\t\t\t\t\t\t\t\t<\/span>\n\t\t\t\t\t\t\t\t\t\t\t\t<a class=\"elementor-toggle-title\" tabindex=\"0\">Till vem skickar ni sms ang\u00e5ende str\u00f6mavbrott?<\/a>\n\t\t\t\t\t<\/div>\n\n\t\t\t\t\t<div id=\"elementor-tab-content-8422\" class=\"elementor-tab-content elementor-clearfix\" data-tab=\"2\" role=\"region\" aria-labelledby=\"elementor-tab-title-8422\"><p>Vi skickar ett sms till dig som \u00e4r eln\u00e4tskund och har ett mobilnummer registrerat hos oss. F\u00f6r att f\u00e5 sms vid str\u00f6mavbrott, kontrollera att ditt mobilnummer \u00e4r uppdaterat p\u00e5 \u201d<a href=\"https:\/\/mittgeab.gotlandsenergi.se\/mittgeab\/\">Mitt Geab<\/a>\u201d. Logga enkelt in med ditt BankID eller kundnummer.<\/p><\/div>\n\t\t\t\t<\/div>\n\t\t\t\t\t\t\t<div class=\"elementor-toggle-item\">\n\t\t\t\t\t<div id=\"elementor-tab-title-8423\" class=\"elementor-tab-title\" data-tab=\"3\" role=\"button\" aria-controls=\"elementor-tab-content-8423\" aria-expanded=\"false\">\n\t\t\t\t\t\t\t\t\t\t\t\t<span class=\"elementor-toggle-icon elementor-toggle-icon-right\" aria-hidden=\"true\">\n\t\t\t\t\t\t\t\t\t\t\t\t\t\t\t<span class=\"elementor-toggle-icon-closed\"><svg xmlns=\"http:\/\/www.w3.org\/2000\/svg\" xmlns:xlink=\"http:\/\/www.w3.org\/1999\/xlink\" id=\"Ebene_1\" x=\"0px\" y=\"0px\" viewBox=\"0 0 283.5 283.5\" style=\"enable-background:new 0 0 283.5 283.5;\" xml:space=\"preserve\"><polygon points=\"99.2,246.8 4.2,151.8 24.2,131.7 99.2,206.7 259.3,46.7 279.3,66.7 \"><\/polygon><\/svg><\/span>\n\t\t\t\t\t\t\t\t<span class=\"elementor-toggle-icon-opened\"><svg xmlns=\"http:\/\/www.w3.org\/2000\/svg\" xmlns:xlink=\"http:\/\/www.w3.org\/1999\/xlink\" id=\"Ebene_1\" x=\"0px\" y=\"0px\" viewBox=\"0 0 283.5 283.5\" style=\"enable-background:new 0 0 283.5 283.5;\" xml:space=\"preserve\"><polygon points=\"99.2,246.8 4.2,151.8 24.2,131.7 99.2,206.7 259.3,46.7 279.3,66.7 \"><\/polygon><\/svg><\/span>\n\t\t\t\t\t\t\t\t\t\t\t\t\t<\/span>\n\t\t\t\t\t\t\t\t\t\t\t\t<a class=\"elementor-toggle-title\" tabindex=\"0\">Kan man f\u00e5 sms om str\u00f6mavbrott till mer \u00e4n ett mobilnummer?<\/a>\n\t\t\t\t\t<\/div>\n\n\t\t\t\t\t<div id=\"elementor-tab-content-8423\" class=\"elementor-tab-content elementor-clearfix\" data-tab=\"3\" role=\"region\" aria-labelledby=\"elementor-tab-title-8423\"><p>Ja, du kan registrera tv\u00e5 mobilnummer. \u00a0<\/p><\/div>\n\t\t\t\t<\/div>\n\t\t\t\t\t\t\t<div class=\"elementor-toggle-item\">\n\t\t\t\t\t<div id=\"elementor-tab-title-8424\" class=\"elementor-tab-title\" data-tab=\"4\" role=\"button\" aria-controls=\"elementor-tab-content-8424\" aria-expanded=\"false\">\n\t\t\t\t\t\t\t\t\t\t\t\t<span class=\"elementor-toggle-icon elementor-toggle-icon-right\" aria-hidden=\"true\">\n\t\t\t\t\t\t\t\t\t\t\t\t\t\t\t<span class=\"elementor-toggle-icon-closed\"><svg xmlns=\"http:\/\/www.w3.org\/2000\/svg\" xmlns:xlink=\"http:\/\/www.w3.org\/1999\/xlink\" id=\"Ebene_1\" x=\"0px\" y=\"0px\" viewBox=\"0 0 283.5 283.5\" style=\"enable-background:new 0 0 283.5 283.5;\" xml:space=\"preserve\"><polygon points=\"99.2,246.8 4.2,151.8 24.2,131.7 99.2,206.7 259.3,46.7 279.3,66.7 \"><\/polygon><\/svg><\/span>\n\t\t\t\t\t\t\t\t<span class=\"elementor-toggle-icon-opened\"><svg xmlns=\"http:\/\/www.w3.org\/2000\/svg\" xmlns:xlink=\"http:\/\/www.w3.org\/1999\/xlink\" id=\"Ebene_1\" x=\"0px\" y=\"0px\" viewBox=\"0 0 283.5 283.5\" style=\"enable-background:new 0 0 283.5 283.5;\" xml:space=\"preserve\"><polygon points=\"99.2,246.8 4.2,151.8 24.2,131.7 99.2,206.7 259.3,46.7 279.3,66.7 \"><\/polygon><\/svg><\/span>\n\t\t\t\t\t\t\t\t\t\t\t\t\t<\/span>\n\t\t\t\t\t\t\t\t\t\t\t\t<a class=\"elementor-toggle-title\" tabindex=\"0\">Jag har f\u00e5tt sms om str\u00f6mavbrott men \u00e4r inte kund och bor inte p\u00e5 adressen. Hur g\u00f6r jag d\u00e5?<\/a>\n\t\t\t\t\t<\/div>\n\n\t\t\t\t\t<div id=\"elementor-tab-content-8424\" class=\"elementor-tab-content elementor-clearfix\" data-tab=\"4\" role=\"region\" aria-labelledby=\"elementor-tab-title-8424\"><p>D\u00e5 vill vi att du meddelar oss detta. Kontakta v\u00e5r kundservice: <a href=\"mailto:kundtjanst@geab.vattenfall.se\">kundtjanst@geab.vattenfall.se<\/a><\/p><\/div>\n\t\t\t\t<\/div>\n\t\t\t\t\t\t\t<div class=\"elementor-toggle-item\">\n\t\t\t\t\t<div id=\"elementor-tab-title-8425\" class=\"elementor-tab-title\" data-tab=\"5\" role=\"button\" aria-controls=\"elementor-tab-content-8425\" aria-expanded=\"false\">\n\t\t\t\t\t\t\t\t\t\t\t\t<span class=\"elementor-toggle-icon elementor-toggle-icon-right\" aria-hidden=\"true\">\n\t\t\t\t\t\t\t\t\t\t\t\t\t\t\t<span class=\"elementor-toggle-icon-closed\"><svg xmlns=\"http:\/\/www.w3.org\/2000\/svg\" xmlns:xlink=\"http:\/\/www.w3.org\/1999\/xlink\" id=\"Ebene_1\" x=\"0px\" y=\"0px\" viewBox=\"0 0 283.5 283.5\" style=\"enable-background:new 0 0 283.5 283.5;\" xml:space=\"preserve\"><polygon points=\"99.2,246.8 4.2,151.8 24.2,131.7 99.2,206.7 259.3,46.7 279.3,66.7 \"><\/polygon><\/svg><\/span>\n\t\t\t\t\t\t\t\t<span class=\"elementor-toggle-icon-opened\"><svg xmlns=\"http:\/\/www.w3.org\/2000\/svg\" xmlns:xlink=\"http:\/\/www.w3.org\/1999\/xlink\" id=\"Ebene_1\" x=\"0px\" y=\"0px\" viewBox=\"0 0 283.5 283.5\" style=\"enable-background:new 0 0 283.5 283.5;\" xml:space=\"preserve\"><polygon points=\"99.2,246.8 4.2,151.8 24.2,131.7 99.2,206.7 259.3,46.7 279.3,66.7 \"><\/polygon><\/svg><\/span>\n\t\t\t\t\t\t\t\t\t\t\t\t\t<\/span>\n\t\t\t\t\t\t\t\t\t\t\t\t<a class=\"elementor-toggle-title\" tabindex=\"0\">Kostar det n\u00e5got f\u00f6r mig som kund att f\u00e5 sms-avisering?<\/a>\n\t\t\t\t\t<\/div>\n\n\t\t\t\t\t<div id=\"elementor-tab-content-8425\" class=\"elementor-tab-content elementor-clearfix\" data-tab=\"5\" role=\"region\" aria-labelledby=\"elementor-tab-title-8425\"><p>Att f\u00e5 avbrottsinformation till mobilen \u00e4r kostnadsfritt och n\u00e5got vi erbjuder f\u00f6r att du som kund ska f\u00e5 information om str\u00f6mavbrott s\u00e5 enkelt och snabbt som m\u00f6jligt.<\/p><\/div>\n\t\t\t\t<\/div>\n\t\t\t\t\t\t\t<div class=\"elementor-toggle-item\">\n\t\t\t\t\t<div id=\"elementor-tab-title-8426\" class=\"elementor-tab-title\" data-tab=\"6\" role=\"button\" aria-controls=\"elementor-tab-content-8426\" aria-expanded=\"false\">\n\t\t\t\t\t\t\t\t\t\t\t\t<span class=\"elementor-toggle-icon elementor-toggle-icon-right\" aria-hidden=\"true\">\n\t\t\t\t\t\t\t\t\t\t\t\t\t\t\t<span class=\"elementor-toggle-icon-closed\"><svg xmlns=\"http:\/\/www.w3.org\/2000\/svg\" xmlns:xlink=\"http:\/\/www.w3.org\/1999\/xlink\" id=\"Ebene_1\" x=\"0px\" y=\"0px\" viewBox=\"0 0 283.5 283.5\" style=\"enable-background:new 0 0 283.5 283.5;\" xml:space=\"preserve\"><polygon points=\"99.2,246.8 4.2,151.8 24.2,131.7 99.2,206.7 259.3,46.7 279.3,66.7 \"><\/polygon><\/svg><\/span>\n\t\t\t\t\t\t\t\t<span class=\"elementor-toggle-icon-opened\"><svg xmlns=\"http:\/\/www.w3.org\/2000\/svg\" xmlns:xlink=\"http:\/\/www.w3.org\/1999\/xlink\" id=\"Ebene_1\" x=\"0px\" y=\"0px\" viewBox=\"0 0 283.5 283.5\" style=\"enable-background:new 0 0 283.5 283.5;\" xml:space=\"preserve\"><polygon points=\"99.2,246.8 4.2,151.8 24.2,131.7 99.2,206.7 259.3,46.7 279.3,66.7 \"><\/polygon><\/svg><\/span>\n\t\t\t\t\t\t\t\t\t\t\t\t\t<\/span>\n\t\t\t\t\t\t\t\t\t\t\t\t<a class=\"elementor-toggle-title\" tabindex=\"0\">Hur g\u00f6r jag f\u00f6r att avregistrera ett mobilnummer fr\u00e5n tj\u00e4nsten?<\/a>\n\t\t\t\t\t<\/div>\n\n\t\t\t\t\t<div id=\"elementor-tab-content-8426\" class=\"elementor-tab-content elementor-clearfix\" data-tab=\"6\" role=\"region\" aria-labelledby=\"elementor-tab-title-8426\"><p>F\u00f6r att avregistrera ditt mobilnummer, g\u00f6r s\u00e5 h\u00e4r:<\/p><ol><li>Logga in p\u00e5 <a href=\"https:\/\/mittgeab.gotlandsenergi.se\/mittgeab\/\">Mitt Geab<\/a><\/li><li>G\u00e5 till \u201dMina uppgifter\u201d\u2019<\/li><li>Tryck p\u00e5 \u201d\u00c4ndra mina uppgifter\u201d<\/li><li>Bocka ur kryssrutan f\u00f6r sms<\/li><li>Spara \u00e4ndringarna<\/li><\/ol><\/div>\n\t\t\t\t<\/div>\n\t\t\t\t\t\t\t<div class=\"elementor-toggle-item\">\n\t\t\t\t\t<div id=\"elementor-tab-title-8427\" class=\"elementor-tab-title\" data-tab=\"7\" role=\"button\" aria-controls=\"elementor-tab-content-8427\" aria-expanded=\"false\">\n\t\t\t\t\t\t\t\t\t\t\t\t<span class=\"elementor-toggle-icon elementor-toggle-icon-right\" aria-hidden=\"true\">\n\t\t\t\t\t\t\t\t\t\t\t\t\t\t\t<span class=\"elementor-toggle-icon-closed\"><svg xmlns=\"http:\/\/www.w3.org\/2000\/svg\" xmlns:xlink=\"http:\/\/www.w3.org\/1999\/xlink\" id=\"Ebene_1\" x=\"0px\" y=\"0px\" viewBox=\"0 0 283.5 283.5\" style=\"enable-background:new 0 0 283.5 283.5;\" xml:space=\"preserve\"><polygon points=\"99.2,246.8 4.2,151.8 24.2,131.7 99.2,206.7 259.3,46.7 279.3,66.7 \"><\/polygon><\/svg><\/span>\n\t\t\t\t\t\t\t\t<span class=\"elementor-toggle-icon-opened\"><svg xmlns=\"http:\/\/www.w3.org\/2000\/svg\" xmlns:xlink=\"http:\/\/www.w3.org\/1999\/xlink\" id=\"Ebene_1\" x=\"0px\" y=\"0px\" viewBox=\"0 0 283.5 283.5\" style=\"enable-background:new 0 0 283.5 283.5;\" xml:space=\"preserve\"><polygon points=\"99.2,246.8 4.2,151.8 24.2,131.7 99.2,206.7 259.3,46.7 279.3,66.7 \"><\/polygon><\/svg><\/span>\n\t\t\t\t\t\t\t\t\t\t\t\t\t<\/span>\n\t\t\t\t\t\t\t\t\t\t\t\t<a class=\"elementor-toggle-title\" tabindex=\"0\">Kommer ni att skicka ut reklam via sms till mig n\u00e4r ni har mitt mobilnummer?<\/a>\n\t\t\t\t\t<\/div>\n\n\t\t\t\t\t<div id=\"elementor-tab-content-8427\" class=\"elementor-tab-content elementor-clearfix\" data-tab=\"7\" role=\"region\" aria-labelledby=\"elementor-tab-title-8427\"><p>Nej, sms-tj\u00e4nsten handlar om samh\u00e4llsinformation, inte marknadsf\u00f6ring. Ditt mobilnummer kommer endast att anv\u00e4ndas f\u00f6r avbrottsavisering.<\/p><\/div>\n\t\t\t\t<\/div>\n\t\t\t\t\t\t\t<div class=\"elementor-toggle-item\">\n\t\t\t\t\t<div id=\"elementor-tab-title-8428\" class=\"elementor-tab-title\" data-tab=\"8\" role=\"button\" aria-controls=\"elementor-tab-content-8428\" aria-expanded=\"false\">\n\t\t\t\t\t\t\t\t\t\t\t\t<span class=\"elementor-toggle-icon elementor-toggle-icon-right\" aria-hidden=\"true\">\n\t\t\t\t\t\t\t\t\t\t\t\t\t\t\t<span class=\"elementor-toggle-icon-closed\"><svg xmlns=\"http:\/\/www.w3.org\/2000\/svg\" xmlns:xlink=\"http:\/\/www.w3.org\/1999\/xlink\" id=\"Ebene_1\" x=\"0px\" y=\"0px\" viewBox=\"0 0 283.5 283.5\" style=\"enable-background:new 0 0 283.5 283.5;\" xml:space=\"preserve\"><polygon points=\"99.2,246.8 4.2,151.8 24.2,131.7 99.2,206.7 259.3,46.7 279.3,66.7 \"><\/polygon><\/svg><\/span>\n\t\t\t\t\t\t\t\t<span class=\"elementor-toggle-icon-opened\"><svg xmlns=\"http:\/\/www.w3.org\/2000\/svg\" xmlns:xlink=\"http:\/\/www.w3.org\/1999\/xlink\" id=\"Ebene_1\" x=\"0px\" y=\"0px\" viewBox=\"0 0 283.5 283.5\" style=\"enable-background:new 0 0 283.5 283.5;\" xml:space=\"preserve\"><polygon points=\"99.2,246.8 4.2,151.8 24.2,131.7 99.2,206.7 259.3,46.7 279.3,66.7 \"><\/polygon><\/svg><\/span>\n\t\t\t\t\t\t\t\t\t\t\t\t\t<\/span>\n\t\t\t\t\t\t\t\t\t\t\t\t<a class=\"elementor-toggle-title\" tabindex=\"0\">Jag f\u00e5r inte era sms, varf\u00f6r?<\/a>\n\t\t\t\t\t<\/div>\n\n\t\t\t\t\t<div id=\"elementor-tab-content-8428\" class=\"elementor-tab-content elementor-clearfix\" data-tab=\"8\" role=\"region\" aria-labelledby=\"elementor-tab-title-8428\"><p>Kontrollera att ditt mobilnummer \u00e4r uppdaterat p\u00e5 \u201d<a href=\"https:\/\/mittgeab.gotlandsenergi.se\/mittgeab\/\">Mitt Geab<\/a>\u201d. Logga enkelt in med ditt BankID eller kundnummer. V\u00e4lj fliken \u201dMina uppgifter\u201d och skriv in det mobilnummer som du vill f\u00e5 sms till. Du kan registrera upp till tv\u00e5 mobilnummer.<\/p><\/div>\n\t\t\t\t<\/div>\n\t\t\t\t\t\t\t\t<\/div>\n\t\t\t\t\t\t<\/div>\n\t\t\t\t<\/div>\n\t\t\t\t\t<\/div>\n\t\t<\/div>\n\t\t\t\t\t<\/div>\n\t\t<\/section>\n\t\t\t\t<\/div>\n\t\t","protected":false},"excerpt":{"rendered":"<p>Uppdaterad tj\u00e4nst vid str\u00f6mavbrott 23 april 2024 Under vecka 17 lanserar vi en uppdaterad avbrottstj\u00e4nst f\u00f6r att ge dig snabbare och mer tillf\u00f6rlitlig information vid str\u00f6mavbrott. Se str\u00f6mavbrott p\u00e5 v\u00e5r karta Surfa in p\u00e5 v\u00e5r hemsida med din mobil n\u00e4r str\u00f6mmen g\u00e5r. D\u00e4r finns en karta \u00f6ver aktuella str\u00f6mavbrott p\u00e5 Gotland. D\u00e4r hittar du \u00e4ven [&hellip;]<\/p>\n","protected":false},"author":11,"featured_media":0,"parent":0,"menu_order":0,"comment_status":"closed","ping_status":"closed","template":"elementor_header_footer","meta":{"_seopress_robots_primary_cat":"","_seopress_titles_title":"Uppdaterad tj\u00e4nst vid str\u00f6mavbrott","_seopress_titles_desc":"Under vecka 14 lanserar vi en uppdaterad avbrottstj\u00e4nst f\u00f6r att ge dig snabbare och mer tillf\u00f6rlitlig information vid str\u00f6mavbrott. ","_seopress_robots_index":"","footnotes":""},"class_list":["post-26509","page","type-page","status-publish","hentry"],"_links":{"self":[{"href":"https:\/\/geab.se\/elnat\/wp-json\/wp\/v2\/pages\/26509","targetHints":{"allow":["GET"]}}],"collection":[{"href":"https:\/\/geab.se\/elnat\/wp-json\/wp\/v2\/pages"}],"about":[{"href":"https:\/\/geab.se\/elnat\/wp-json\/wp\/v2\/types\/page"}],"author":[{"embeddable":true,"href":"https:\/\/geab.se\/elnat\/wp-json\/wp\/v2\/users\/11"}],"replies":[{"embeddable":true,"href":"https:\/\/geab.se\/elnat\/wp-json\/wp\/v2\/comments?post=26509"}],"version-history":[{"count":37,"href":"https:\/\/geab.se\/elnat\/wp-json\/wp\/v2\/pages\/26509\/revisions"}],"predecessor-version":[{"id":26864,"href":"https:\/\/geab.se\/elnat\/wp-json\/wp\/v2\/pages\/26509\/revisions\/26864"}],"wp:attachment":[{"href":"https:\/\/geab.se\/elnat\/wp-json\/wp\/v2\/media?parent=26509"}],"curies":[{"name":"wp","href":"https:\/\/api.w.org\/{rel}","templated":true}]}}