{"id":24119,"date":"2023-10-30T10:50:50","date_gmt":"2023-10-30T09:50:50","guid":{"rendered":"https:\/\/geab.se\/elnat\/?page_id=24119"},"modified":"2026-04-13T14:30:25","modified_gmt":"2026-04-13T12:30:25","slug":"kg-bakgrund","status":"publish","type":"page","link":"https:\/\/geab.se\/elnat\/kg-bakgrund\/","title":{"rendered":"Bakgrund Kapacitet Gotland"},"content":{"rendered":"\t\t<div data-elementor-type=\"wp-page\" data-elementor-id=\"24119\" class=\"elementor elementor-24119\" data-elementor-post-type=\"page\">\n\t\t\t\t\t\t<section class=\"elementor-section elementor-top-section elementor-element elementor-element-4186cc55 elementor-section-boxed elementor-section-height-default elementor-section-height-default\" data-id=\"4186cc55\" data-element_type=\"section\" data-e-type=\"section\">\n\t\t\t\t\t\t<div class=\"elementor-container elementor-column-gap-default\">\n\t\t\t\t\t<div class=\"elementor-column elementor-col-100 elementor-top-column elementor-element elementor-element-4ffb208c\" data-id=\"4ffb208c\" data-element_type=\"column\" data-e-type=\"column\">\n\t\t\t<div class=\"elementor-widget-wrap elementor-element-populated\">\n\t\t\t\t\t\t<div class=\"elementor-element elementor-element-8d2a37b elementor-nav-menu__align-center elementor-hidden-mobile elementor-nav-menu--dropdown-mobile elementor-nav-menu--stretch elementor-hidden-tablet elementor-nav-menu__text-align-aside elementor-widget elementor-widget-nav-menu\" data-id=\"8d2a37b\" data-element_type=\"widget\" data-e-type=\"widget\" data-settings=\"{&quot;full_width&quot;:&quot;stretch&quot;,&quot;layout&quot;:&quot;horizontal&quot;,&quot;submenu_icon&quot;:{&quot;value&quot;:&quot;&lt;i class=\\&quot;fas fa-caret-down\\&quot; aria-hidden=\\&quot;true\\&quot;&gt;&lt;\\\/i&gt;&quot;,&quot;library&quot;:&quot;fa-solid&quot;}}\" data-widget_type=\"nav-menu.default\">\n\t\t\t\t<div class=\"elementor-widget-container\">\n\t\t\t\t\t\t\t\t<nav aria-label=\"Meny\" class=\"elementor-nav-menu--main elementor-nav-menu__container elementor-nav-menu--layout-horizontal e--pointer-none\">\n\t\t\t\t<ul id=\"menu-1-8d2a37b\" class=\"elementor-nav-menu\"><li class=\"menu-item menu-item-type-post_type menu-item-object-page menu-item-12527\"><a href=\"https:\/\/geab.se\/elnat\/projekt\/kapacitet-gotland\/\" class=\"elementor-item\">Kapacitet Gotland<\/a><\/li>\n<li class=\"menu-item menu-item-type-post_type menu-item-object-page menu-item-95973\"><a href=\"https:\/\/geab.se\/elnat\/satsningar\/\" class=\"elementor-item\">V\u00e5ra satsningar<\/a><\/li>\n<li class=\"menu-item menu-item-type-post_type menu-item-object-page menu-item-17187\"><a href=\"https:\/\/geab.se\/elnat\/underhallsrojning\/\" class=\"elementor-item\">Underh\u00e5llsr\u00f6jning<\/a><\/li>\n<li class=\"menu-item menu-item-type-post_type menu-item-object-page menu-item-106133\"><a href=\"https:\/\/geab.se\/elnat\/kabelskap-utstallning\/\" class=\"elementor-item\">Kabelsk\u00e5p utst\u00e4llning<\/a><\/li>\n<li class=\"menu-item menu-item-type-post_type menu-item-object-page menu-item-23158\"><a href=\"https:\/\/geab.se\/elnat\/projekt\/eu-projekt\/\" class=\"elementor-item\">EU-projekt<\/a><\/li>\n<li class=\"menu-item menu-item-type-post_type menu-item-object-page menu-item-13177\"><a href=\"https:\/\/geab.se\/elnat\/projekt\/smart-elnatsovervakning\/\" class=\"elementor-item\">Smart eln\u00e4ts\u00f6vervakning<\/a><\/li>\n<\/ul>\t\t\t<\/nav>\n\t\t\t\t\t\t<nav class=\"elementor-nav-menu--dropdown elementor-nav-menu__container\" aria-hidden=\"true\">\n\t\t\t\t<ul id=\"menu-2-8d2a37b\" class=\"elementor-nav-menu\"><li class=\"menu-item menu-item-type-post_type menu-item-object-page menu-item-12527\"><a href=\"https:\/\/geab.se\/elnat\/projekt\/kapacitet-gotland\/\" class=\"elementor-item\" tabindex=\"-1\">Kapacitet Gotland<\/a><\/li>\n<li class=\"menu-item menu-item-type-post_type menu-item-object-page menu-item-95973\"><a href=\"https:\/\/geab.se\/elnat\/satsningar\/\" class=\"elementor-item\" tabindex=\"-1\">V\u00e5ra satsningar<\/a><\/li>\n<li class=\"menu-item menu-item-type-post_type menu-item-object-page menu-item-17187\"><a href=\"https:\/\/geab.se\/elnat\/underhallsrojning\/\" class=\"elementor-item\" tabindex=\"-1\">Underh\u00e5llsr\u00f6jning<\/a><\/li>\n<li class=\"menu-item menu-item-type-post_type menu-item-object-page menu-item-106133\"><a href=\"https:\/\/geab.se\/elnat\/kabelskap-utstallning\/\" class=\"elementor-item\" tabindex=\"-1\">Kabelsk\u00e5p utst\u00e4llning<\/a><\/li>\n<li class=\"menu-item menu-item-type-post_type menu-item-object-page menu-item-23158\"><a href=\"https:\/\/geab.se\/elnat\/projekt\/eu-projekt\/\" class=\"elementor-item\" tabindex=\"-1\">EU-projekt<\/a><\/li>\n<li class=\"menu-item menu-item-type-post_type menu-item-object-page menu-item-13177\"><a href=\"https:\/\/geab.se\/elnat\/projekt\/smart-elnatsovervakning\/\" class=\"elementor-item\" tabindex=\"-1\">Smart eln\u00e4ts\u00f6vervakning<\/a><\/li>\n<\/ul>\t\t\t<\/nav>\n\t\t\t\t\t\t<\/div>\n\t\t\t\t<\/div>\n\t\t\t\t\t<\/div>\n\t\t<\/div>\n\t\t\t\t\t<\/div>\n\t\t<\/section>\n\t\t<div class=\"elementor-element elementor-element-a1dd336 e-flex e-con-boxed e-con e-parent\" data-id=\"a1dd336\" data-element_type=\"container\" data-e-type=\"container\">\n\t\t\t\t\t<div class=\"e-con-inner\">\n\t\t\t\t<div class=\"elementor-element elementor-element-395a10d elementor-nav-menu__align-center elementor-nav-menu--stretch elementor-nav-menu--dropdown-tablet elementor-nav-menu__text-align-aside elementor-nav-menu--toggle elementor-nav-menu--burger elementor-widget elementor-widget-nav-menu\" data-id=\"395a10d\" data-element_type=\"widget\" data-e-type=\"widget\" data-settings=\"{&quot;full_width&quot;:&quot;stretch&quot;,&quot;submenu_icon&quot;:{&quot;value&quot;:&quot;&lt;i class=\\&quot;\\&quot; aria-hidden=\\&quot;true\\&quot;&gt;&lt;\\\/i&gt;&quot;,&quot;library&quot;:&quot;&quot;},&quot;layout&quot;:&quot;horizontal&quot;,&quot;toggle&quot;:&quot;burger&quot;}\" data-widget_type=\"nav-menu.default\">\n\t\t\t\t<div class=\"elementor-widget-container\">\n\t\t\t\t\t\t\t\t<nav aria-label=\"Meny\" class=\"elementor-nav-menu--main elementor-nav-menu__container elementor-nav-menu--layout-horizontal e--pointer-none\">\n\t\t\t\t<ul id=\"menu-1-395a10d\" class=\"elementor-nav-menu\"><li class=\"menu-item menu-item-type-custom menu-item-object-custom menu-item-28893\"><a href=\"https:\/\/geab.se\/elnat\/projekt\/kapacitet-gotland\/\" class=\"elementor-item\">Kapacitet Gotland<\/a><\/li>\n<li class=\"menu-item menu-item-type-post_type menu-item-object-page menu-item-28847\"><a href=\"https:\/\/geab.se\/elnat\/kg-bakgrund\/\" class=\"elementor-item\">Bakgrund Kapacitet Gotland<\/a><\/li>\n<li class=\"menu-item menu-item-type-post_type menu-item-object-page menu-item-28848\"><a href=\"https:\/\/geab.se\/elnat\/projekt\/kapacitet-gotland\/hemsenas\/\" class=\"elementor-item\">Hemse \u2013 N\u00e4s<\/a><\/li>\n<li class=\"menu-item menu-item-type-post_type menu-item-object-page menu-item-28844\"><a href=\"https:\/\/geab.se\/elnat\/projekt\/kapacitet-gotland\/ygnehemse\/\" class=\"elementor-item\">Ygne \u2013 Hemse<\/a><\/li>\n<li class=\"menu-item menu-item-type-post_type menu-item-object-page menu-item-28846\"><a href=\"https:\/\/geab.se\/elnat\/projekt\/kapacitet-gotland\/stenkumlaslite\/\" class=\"elementor-item\">Stenkumla \u2013 Slite<\/a><\/li>\n<li class=\"menu-item menu-item-type-post_type menu-item-object-page menu-item-28845\"><a href=\"https:\/\/geab.se\/elnat\/projekt\/kapacitet-gotland\/stenkumla\/\" class=\"elementor-item\">Stenkumla \u2013 V\u00e4sterhejde<\/a><\/li>\n<li class=\"menu-item menu-item-type-post_type menu-item-object-page menu-item-103316\"><a href=\"https:\/\/geab.se\/elnat\/projekt\/kapacitet-gotland\/stenkumla-bal\/\" class=\"elementor-item\">Stenkumla \u2013 Roma \u2013 B\u00e4l<\/a><\/li>\n<li class=\"menu-item menu-item-type-post_type menu-item-object-page menu-item-28849\"><a href=\"https:\/\/geab.se\/elnat\/projekt\/kapacitet-gotland\/stationsprojekt\/\" class=\"elementor-item\">Stationsprojekt<\/a><\/li>\n<\/ul>\t\t\t<\/nav>\n\t\t\t\t\t<div class=\"elementor-menu-toggle\" role=\"button\" tabindex=\"0\" aria-label=\"Sl\u00e5 p\u00e5\/av meny\" aria-expanded=\"false\">\n\t\t\t<i aria-hidden=\"true\" role=\"presentation\" class=\"elementor-menu-toggle__icon--open eicon-menu-bar\"><\/i><i aria-hidden=\"true\" role=\"presentation\" class=\"elementor-menu-toggle__icon--close eicon-close\"><\/i>\t\t<\/div>\n\t\t\t\t\t<nav class=\"elementor-nav-menu--dropdown elementor-nav-menu__container\" aria-hidden=\"true\">\n\t\t\t\t<ul id=\"menu-2-395a10d\" class=\"elementor-nav-menu\"><li class=\"menu-item menu-item-type-custom menu-item-object-custom menu-item-28893\"><a href=\"https:\/\/geab.se\/elnat\/projekt\/kapacitet-gotland\/\" class=\"elementor-item\" tabindex=\"-1\">Kapacitet Gotland<\/a><\/li>\n<li class=\"menu-item menu-item-type-post_type menu-item-object-page menu-item-28847\"><a href=\"https:\/\/geab.se\/elnat\/kg-bakgrund\/\" class=\"elementor-item\" tabindex=\"-1\">Bakgrund Kapacitet Gotland<\/a><\/li>\n<li class=\"menu-item menu-item-type-post_type menu-item-object-page menu-item-28848\"><a href=\"https:\/\/geab.se\/elnat\/projekt\/kapacitet-gotland\/hemsenas\/\" class=\"elementor-item\" tabindex=\"-1\">Hemse \u2013 N\u00e4s<\/a><\/li>\n<li class=\"menu-item menu-item-type-post_type menu-item-object-page menu-item-28844\"><a href=\"https:\/\/geab.se\/elnat\/projekt\/kapacitet-gotland\/ygnehemse\/\" class=\"elementor-item\" tabindex=\"-1\">Ygne \u2013 Hemse<\/a><\/li>\n<li class=\"menu-item menu-item-type-post_type menu-item-object-page menu-item-28846\"><a href=\"https:\/\/geab.se\/elnat\/projekt\/kapacitet-gotland\/stenkumlaslite\/\" class=\"elementor-item\" tabindex=\"-1\">Stenkumla \u2013 Slite<\/a><\/li>\n<li class=\"menu-item menu-item-type-post_type menu-item-object-page menu-item-28845\"><a href=\"https:\/\/geab.se\/elnat\/projekt\/kapacitet-gotland\/stenkumla\/\" class=\"elementor-item\" tabindex=\"-1\">Stenkumla \u2013 V\u00e4sterhejde<\/a><\/li>\n<li class=\"menu-item menu-item-type-post_type menu-item-object-page menu-item-103316\"><a href=\"https:\/\/geab.se\/elnat\/projekt\/kapacitet-gotland\/stenkumla-bal\/\" class=\"elementor-item\" tabindex=\"-1\">Stenkumla \u2013 Roma \u2013 B\u00e4l<\/a><\/li>\n<li class=\"menu-item menu-item-type-post_type menu-item-object-page menu-item-28849\"><a href=\"https:\/\/geab.se\/elnat\/projekt\/kapacitet-gotland\/stationsprojekt\/\" class=\"elementor-item\" tabindex=\"-1\">Stationsprojekt<\/a><\/li>\n<\/ul>\t\t\t<\/nav>\n\t\t\t\t\t\t<\/div>\n\t\t\t\t<\/div>\n\t\t\t\t\t<\/div>\n\t\t\t\t<\/div>\n\t\t\t\t<section class=\"elementor-section elementor-top-section elementor-element elementor-element-49bccdd6 elementor-section-height-min-height elementor-section-content-middle elementor-section-boxed elementor-section-height-default elementor-section-items-middle\" data-id=\"49bccdd6\" data-element_type=\"section\" data-e-type=\"section\" data-settings=\"{&quot;background_background&quot;:&quot;classic&quot;}\">\n\t\t\t\t\t\t\t<div class=\"elementor-background-overlay\"><\/div>\n\t\t\t\t\t\t\t<div class=\"elementor-container elementor-column-gap-no\">\n\t\t\t\t\t<div class=\"elementor-column elementor-col-100 elementor-top-column elementor-element elementor-element-4758ee31\" data-id=\"4758ee31\" data-element_type=\"column\" data-e-type=\"column\">\n\t\t\t<div class=\"elementor-widget-wrap elementor-element-populated\">\n\t\t\t\t\t\t<section class=\"elementor-section elementor-inner-section elementor-element elementor-element-2e2326d1 elementor-section-content-middle elementor-section-boxed elementor-section-height-default elementor-section-height-default\" data-id=\"2e2326d1\" data-element_type=\"section\" data-e-type=\"section\">\n\t\t\t\t\t\t<div class=\"elementor-container elementor-column-gap-wide\">\n\t\t\t\t\t<div class=\"elementor-column elementor-col-100 elementor-inner-column elementor-element elementor-element-3d41e833\" data-id=\"3d41e833\" data-element_type=\"column\" data-e-type=\"column\">\n\t\t\t<div class=\"elementor-widget-wrap elementor-element-populated\">\n\t\t\t\t\t\t<div class=\"elementor-element elementor-element-3afabe72 elementor-widget elementor-widget-heading\" data-id=\"3afabe72\" data-element_type=\"widget\" data-e-type=\"widget\" data-widget_type=\"heading.default\">\n\t\t\t\t<div class=\"elementor-widget-container\">\n\t\t\t\t\t<h1 class=\"elementor-heading-title elementor-size-default\">Vi bygger framtidens eln\u00e4t<\/h1>\t\t\t\t<\/div>\n\t\t\t\t<\/div>\n\t\t\t\t\t<\/div>\n\t\t<\/div>\n\t\t\t\t\t<\/div>\n\t\t<\/section>\n\t\t\t\t\t<\/div>\n\t\t<\/div>\n\t\t\t\t\t<\/div>\n\t\t<\/section>\n\t\t\t\t<section class=\"elementor-section elementor-top-section elementor-element elementor-element-311311cb elementor-section-boxed elementor-section-height-default elementor-section-height-default\" data-id=\"311311cb\" data-element_type=\"section\" data-e-type=\"section\">\n\t\t\t\t\t\t<div class=\"elementor-container elementor-column-gap-wider\">\n\t\t\t\t\t<div class=\"elementor-column elementor-col-100 elementor-top-column elementor-element elementor-element-67ddf593\" data-id=\"67ddf593\" data-element_type=\"column\" data-e-type=\"column\">\n\t\t\t<div class=\"elementor-widget-wrap elementor-element-populated\">\n\t\t\t\t\t\t<div class=\"elementor-element elementor-element-1b3fedbd elementor-widget elementor-widget-text-editor\" data-id=\"1b3fedbd\" data-element_type=\"widget\" data-e-type=\"widget\" data-widget_type=\"text-editor.default\">\n\t\t\t\t<div class=\"elementor-widget-container\">\n\t\t\t\t\t\t\t\t\t<p>Resan mot ett fossilfritt samh\u00e4lle p\u00e5g\u00e5r, d\u00e4r tillg\u00e5ngen p\u00e5 fossilfri energi \u00e4r en f\u00f6ruts\u00e4ttning f\u00f6r att m\u00f6ta klimatutmaningarna v\u00e4rlden st\u00e5r inf\u00f6r idag.&nbsp; Sverige har satt som m\u00e5l att bli klimatneutralt till 2045. <br>P\u00e5 Gotland har vi m\u00f6jlighet att g\u00e5 f\u00f6re och n\u00e5 m\u00e5let mycket tidigare.<\/p>\t\t\t\t\t\t\t\t<\/div>\n\t\t\t\t<\/div>\n\t\t\t\t\t<\/div>\n\t\t<\/div>\n\t\t\t\t\t<\/div>\n\t\t<\/section>\n\t\t<div class=\"elementor-element elementor-element-3759bd07 e-flex e-con-boxed e-con e-parent\" data-id=\"3759bd07\" data-element_type=\"container\" data-e-type=\"container\">\n\t\t\t\t\t<div class=\"e-con-inner\">\n\t\t<div class=\"elementor-element elementor-element-50f5f7a e-con-full e-flex e-con e-child\" data-id=\"50f5f7a\" data-element_type=\"container\" data-e-type=\"container\">\n\t\t\t\t<div class=\"elementor-element elementor-element-4a9544ac elementor-widget elementor-widget-text-editor\" data-id=\"4a9544ac\" data-element_type=\"widget\" data-e-type=\"widget\" data-widget_type=\"text-editor.default\">\n\t\t\t\t<div class=\"elementor-widget-container\">\n\t\t\t\t\t\t\t\t\t<p>I Sverige har vi inlett den st\u00f6rsta energiomst\u00e4llningen i samh\u00e4llet sedan industriella revolutionen. Elektriciteten har revolutionerat v\u00e5ra liv och \u00e4r en f\u00f6ruts\u00e4ttning f\u00f6r det moderna samh\u00e4lle vi lever i. Elen f\u00e5r inte tas f\u00f6rgivet och inte heller den infrastruktur som \u00e4r s\u00e5 viktig f\u00f6r att elen ska kunna dras fram. Eln\u00e4t byggs inte i on\u00f6dan, det byggs f\u00f6r att det finns ett behov att anv\u00e4nda el.<\/p>\t\t\t\t\t\t\t\t<\/div>\n\t\t\t\t<\/div>\n\t\t\t\t<div class=\"elementor-element elementor-element-3489064f elementor-widget elementor-widget-heading\" data-id=\"3489064f\" data-element_type=\"widget\" data-e-type=\"widget\" data-widget_type=\"heading.default\">\n\t\t\t\t<div class=\"elementor-widget-container\">\n\t\t\t\t\t<h4 class=\"elementor-heading-title elementor-size-default\">Omfattande modernisering av eln\u00e4tet<\/h4>\t\t\t\t<\/div>\n\t\t\t\t<\/div>\n\t\t\t\t<div class=\"elementor-element elementor-element-cdcfc02 elementor-widget elementor-widget-text-editor\" data-id=\"cdcfc02\" data-element_type=\"widget\" data-e-type=\"widget\" data-widget_type=\"text-editor.default\">\n\t\t\t\t<div class=\"elementor-widget-container\">\n\t\t\t\t\t\t\t\t\t<p>Den \u00f6kade efterfr\u00e5gan p\u00e5 el, i och med utfasningen av fossila br\u00e4nslen, st\u00e4ller h\u00f6ga krav p\u00e5 ett robust och stabilt eln\u00e4t. F\u00f6r att m\u00f6ta behovet kr\u00e4vs en omfattande modernisering av eln\u00e4tet \u00f6ver hela landet, s\u00e5 \u00e4ven p\u00e5 Gotland. Ur ett s\u00e4kerhetsperspektiv \u00e4r ocks\u00e5 en st\u00e4rkt elf\u00f6rs\u00f6rjning en mycket viktig del i v\u00e5r krisberedskap och v\u00e5rt totalf\u00f6rsvar.<\/p><p>Elektrifieringen inneb\u00e4r inte bara att st\u00e4lla om fr\u00e5n fossila br\u00e4nslen till fossilfri el, det handlar ocks\u00e5 om att anv\u00e4nda el p\u00e5 ett smartare s\u00e4tt. Genom att j\u00e4mna ut elf\u00f6rbrukningen \u00f6ver dygnets alla timmar, skapar vi m\u00f6jligheter f\u00f6r fler att g\u00f6ra energieffektiva val och v\u00e4lja smart teknik f\u00f6r att b\u00e5de konsumera och producera el.<\/p><p>Vi som eln\u00e4tbolag f\u00f6rv\u00e4ntas m\u00f6ta kundernas \u00f6kade efterfr\u00e5gan p\u00e5 elanslutningar i takt med \u00f6verg\u00e5ngen. Med st\u00e4rkt f\u00f6rm\u00e5ga att \u00f6verf\u00f6ra el kan vi s\u00e4kra den leverans som kommer att kr\u00e4vas fram\u00f6ver.<\/p>\t\t\t\t\t\t\t\t<\/div>\n\t\t\t\t<\/div>\n\t\t\t\t<div class=\"elementor-element elementor-element-7a87d5e8 elementor-widget elementor-widget-heading\" data-id=\"7a87d5e8\" data-element_type=\"widget\" data-e-type=\"widget\" data-widget_type=\"heading.default\">\n\t\t\t\t<div class=\"elementor-widget-container\">\n\t\t\t\t\t<h4 class=\"elementor-heading-title elementor-size-default\">Gotlandsf\u00f6rbindelsen<\/h4>\t\t\t\t<\/div>\n\t\t\t\t<\/div>\n\t\t\t\t<div class=\"elementor-element elementor-element-53507af9 elementor-widget elementor-widget-text-editor\" data-id=\"53507af9\" data-element_type=\"widget\" data-e-type=\"widget\" data-widget_type=\"text-editor.default\">\n\t\t\t\t<div class=\"elementor-widget-container\">\n\t\t\t\t\t\t\t\t\t<p>I maj 2023 meddelade Svenska kraftn\u00e4t (Svk) att de kommer att bygga ut stamn\u00e4tet f\u00f6r att \u00e4ven omfatta Gotland. Beslutet om byggnation av en ny elf\u00f6rbindelse till Gotland med dubbla sj\u00f6kablar mellan \u00f6n och det svenska fastlandet \u00e4r avg\u00f6rande f\u00f6r v\u00e5r energiomst\u00e4llning.<\/p><p>Svenska kraftn\u00e4t har tillsammans med Vattenfall Eldistribution AB och oss p\u00e5 Gotlands Eln\u00e4t utrett hur elf\u00f6rs\u00f6rjningen till Gotland ska s\u00e4kerst\u00e4llas. Vi samverkar f\u00f6r att Gotland blir anslutet till svenska stamn\u00e4tet till 2030.<\/p>\t\t\t\t\t\t\t\t<\/div>\n\t\t\t\t<\/div>\n\t\t\t\t<div class=\"elementor-element elementor-element-abd09d2 elementor-icon-list--layout-traditional elementor-list-item-link-full_width elementor-widget elementor-widget-icon-list\" data-id=\"abd09d2\" data-element_type=\"widget\" data-e-type=\"widget\" data-widget_type=\"icon-list.default\">\n\t\t\t\t<div class=\"elementor-widget-container\">\n\t\t\t\t\t\t\t<ul class=\"elementor-icon-list-items\">\n\t\t\t\t\t\t\t<li class=\"elementor-icon-list-item\">\n\t\t\t\t\t\t\t\t\t\t\t<a href=\"https:\/\/geab.se\/elnat\/elnatet-pa-gotland\/gotlandsforbindelsen\/\" target=\"_blank\">\n\n\t\t\t\t\t\t\t\t\t\t\t\t<span class=\"elementor-icon-list-icon\">\n\t\t\t\t\t\t\t<svg xmlns=\"http:\/\/www.w3.org\/2000\/svg\" xmlns:xlink=\"http:\/\/www.w3.org\/1999\/xlink\" id=\"Ebene_1\" x=\"0px\" y=\"0px\" viewBox=\"0 0 283.5 283.5\" style=\"enable-background:new 0 0 283.5 283.5;\" xml:space=\"preserve\"><polygon points=\"21.3,127.6 208,127.6 133,52.6 153.1,32.6 262.2,141.7 153.1,250.9 133,230.8 208,155.9 21.3,155.9 \"><\/polygon><\/svg>\t\t\t\t\t\t<\/span>\n\t\t\t\t\t\t\t\t\t\t<span class=\"elementor-icon-list-text\">L\u00e4s mer om Gotlands elf\u00f6rbindelse<\/span>\n\t\t\t\t\t\t\t\t\t\t\t<\/a>\n\t\t\t\t\t\t\t\t\t<\/li>\n\t\t\t\t\t\t<\/ul>\n\t\t\t\t\t\t<\/div>\n\t\t\t\t<\/div>\n\t\t\t\t<\/div>\n\t\t<div class=\"elementor-element elementor-element-3fe82191 e-con-full e-flex e-con e-child\" data-id=\"3fe82191\" data-element_type=\"container\" data-e-type=\"container\">\n\t\t\t\t<\/div>\n\t\t<div class=\"elementor-element elementor-element-7eb56b7c e-con-full e-flex e-con e-child\" data-id=\"7eb56b7c\" data-element_type=\"container\" data-e-type=\"container\">\n\t\t\t\t<div class=\"elementor-element elementor-element-2077bf3 elementor-widget elementor-widget-video\" data-id=\"2077bf3\" data-element_type=\"widget\" data-e-type=\"widget\" data-settings=\"{&quot;youtube_url&quot;:&quot;https:\\\/\\\/www.youtube.com\\\/watch?v=-T7tqXaGaOc&quot;,&quot;video_type&quot;:&quot;youtube&quot;,&quot;controls&quot;:&quot;yes&quot;}\" data-widget_type=\"video.default\">\n\t\t\t\t<div class=\"elementor-widget-container\">\n\t\t\t\t\t\t\t<div class=\"elementor-wrapper elementor-open-inline\">\n\t\t\t<div class=\"elementor-video\"><\/div>\t\t<\/div>\n\t\t\t\t\t\t<\/div>\n\t\t\t\t<\/div>\n\t\t\t\t<div class=\"elementor-element elementor-element-4f42531 elementor-widget elementor-widget-text-editor\" data-id=\"4f42531\" data-element_type=\"widget\" data-e-type=\"widget\" data-widget_type=\"text-editor.default\">\n\t\t\t\t<div class=\"elementor-widget-container\">\n\t\t\t\t\t\t\t\t\t<p><em>Se inspelningen fr\u00e5n Gotlands regionfullm\u00e4ktige n\u00e4r Kalle Blomberg, vd Gotlands Eln\u00e4t presenterade Kapacitet Gotland\u00a0<\/em><\/p>\t\t\t\t\t\t\t\t<\/div>\n\t\t\t\t<\/div>\n\t\t\t\t<div class=\"elementor-element elementor-element-1c62723 elementor-widget elementor-widget-heading\" data-id=\"1c62723\" data-element_type=\"widget\" data-e-type=\"widget\" data-widget_type=\"heading.default\">\n\t\t\t\t<div class=\"elementor-widget-container\">\n\t\t\t\t\t<h4 class=\"elementor-heading-title elementor-size-default\">Kapacitet Gotland f\u00f6r utveckling av \u00f6ns eln\u00e4t<\/h4>\t\t\t\t<\/div>\n\t\t\t\t<\/div>\n\t\t\t\t<div class=\"elementor-element elementor-element-c881c76 elementor-widget elementor-widget-text-editor\" data-id=\"c881c76\" data-element_type=\"widget\" data-e-type=\"widget\" data-widget_type=\"text-editor.default\">\n\t\t\t\t<div class=\"elementor-widget-container\">\n\t\t\t\t\t\t\t\t\t<p>Svenska Kraftn\u00e4ts beslut att bygga ut stamn\u00e4tet till Gotland blev startskottet f\u00f6r projektet Kapacitet Gotland. F\u00f6r att klara omst\u00e4llningen investerar vi som eln\u00e4tsbolag cirka 2 miljarder kronor p\u00e5 att modernisera Gotlands centrala eln\u00e4t.<\/p><p>Ledningar, stolpar och stationer beh\u00f6ver bytas ut, f\u00f6rst\u00e4rkas och f\u00f6rnyas f\u00f6r att kunna m\u00f6ta den \u00f6kande efterfr\u00e5gan p\u00e5 el.\u00a0<\/p>\t\t\t\t\t\t\t\t<\/div>\n\t\t\t\t<\/div>\n\t\t\t\t<div class=\"elementor-element elementor-element-48112344 elementor-widget elementor-widget-heading\" data-id=\"48112344\" data-element_type=\"widget\" data-e-type=\"widget\" data-widget_type=\"heading.default\">\n\t\t\t\t<div class=\"elementor-widget-container\">\n\t\t\t\t\t<h4 class=\"elementor-heading-title elementor-size-default\">Vi m\u00f6jligg\u00f6r utvecklingen<\/h4>\t\t\t\t<\/div>\n\t\t\t\t<\/div>\n\t\t\t\t<div class=\"elementor-element elementor-element-1e671f74 elementor-widget elementor-widget-text-editor\" data-id=\"1e671f74\" data-element_type=\"widget\" data-e-type=\"widget\" data-widget_type=\"text-editor.default\">\n\t\t\t\t<div class=\"elementor-widget-container\">\n\t\t\t\t\t\t\t\t\t<p>Vi arbetar f\u00f6r fossilfrihet. <span style=\"text-align: var(--text-align);font-size: 1rem\">Med \u00f6kad f\u00f6rst\u00e5else och acceptans f\u00f6r utbyggnaden av eln\u00e4tet m\u00f6jligg\u00f6r vi utvecklingen som driver Gotland fram\u00e5t. Den stora elektrifieringsv\u00e5gen \u00e4r inledd och vi ser till att Gotland \u00e4r med. Med gemensamma krafter kan vi alla hj\u00e4lpas \u00e5t att g\u00f6ra energiomst\u00e4llningen m\u00f6jlig, f\u00f6r ett fossilfritt liv p\u00e5 Gotland.<\/span><\/p>\t\t\t\t\t\t\t\t<\/div>\n\t\t\t\t<\/div>\n\t\t\t\t<\/div>\n\t\t\t\t\t<\/div>\n\t\t\t\t<\/div>\n\t\t\t\t<\/div>\n\t\t","protected":false},"excerpt":{"rendered":"<p>Vi bygger framtidens eln\u00e4t Resan mot ett fossilfritt samh\u00e4lle p\u00e5g\u00e5r, d\u00e4r tillg\u00e5ngen p\u00e5 fossilfri energi \u00e4r en f\u00f6ruts\u00e4ttning f\u00f6r att m\u00f6ta klimatutmaningarna v\u00e4rlden st\u00e5r inf\u00f6r idag.\u00a0 Sverige har satt som m\u00e5l att bli klimatneutralt till 2045. P\u00e5 Gotland har vi m\u00f6jlighet att g\u00e5 f\u00f6re och n\u00e5 m\u00e5let mycket tidigare. I Sverige har vi inlett den [&hellip;]<\/p>\n","protected":false},"author":11,"featured_media":0,"parent":0,"menu_order":0,"comment_status":"closed","ping_status":"closed","template":"elementor_header_footer","meta":{"_seopress_robots_primary_cat":"","_seopress_titles_title":"Bakgrund Kapacitet Gotland | Gotlands Eln\u00e4t","_seopress_titles_desc":"","_seopress_robots_index":"","footnotes":""},"class_list":["post-24119","page","type-page","status-publish","hentry"],"_links":{"self":[{"href":"https:\/\/geab.se\/elnat\/wp-json\/wp\/v2\/pages\/24119","targetHints":{"allow":["GET"]}}],"collection":[{"href":"https:\/\/geab.se\/elnat\/wp-json\/wp\/v2\/pages"}],"about":[{"href":"https:\/\/geab.se\/elnat\/wp-json\/wp\/v2\/types\/page"}],"author":[{"embeddable":true,"href":"https:\/\/geab.se\/elnat\/wp-json\/wp\/v2\/users\/11"}],"replies":[{"embeddable":true,"href":"https:\/\/geab.se\/elnat\/wp-json\/wp\/v2\/comments?post=24119"}],"version-history":[{"count":73,"href":"https:\/\/geab.se\/elnat\/wp-json\/wp\/v2\/pages\/24119\/revisions"}],"predecessor-version":[{"id":106040,"href":"https:\/\/geab.se\/elnat\/wp-json\/wp\/v2\/pages\/24119\/revisions\/106040"}],"wp:attachment":[{"href":"https:\/\/geab.se\/elnat\/wp-json\/wp\/v2\/media?parent=24119"}],"curies":[{"name":"wp","href":"https:\/\/api.w.org\/{rel}","templated":true}]}}