{"id":17181,"date":"2022-06-02T16:06:21","date_gmt":"2022-06-02T14:06:21","guid":{"rendered":"https:\/\/geab.se\/elnat\/?page_id=17181"},"modified":"2026-04-13T15:06:26","modified_gmt":"2026-04-13T13:06:26","slug":"underhallsrojning","status":"publish","type":"page","link":"https:\/\/geab.se\/elnat\/underhallsrojning\/","title":{"rendered":"Underh\u00e5llsr\u00f6jning"},"content":{"rendered":"\t\t<div data-elementor-type=\"wp-page\" data-elementor-id=\"17181\" class=\"elementor elementor-17181\" data-elementor-post-type=\"page\">\n\t\t\t\t\t\t<section class=\"elementor-section elementor-top-section elementor-element elementor-element-02c94b0 elementor-section-boxed elementor-section-height-default elementor-section-height-default\" data-id=\"02c94b0\" data-element_type=\"section\" data-e-type=\"section\">\n\t\t\t\t\t\t<div class=\"elementor-container elementor-column-gap-default\">\n\t\t\t\t\t<div class=\"elementor-column elementor-col-100 elementor-top-column elementor-element elementor-element-0e16316\" data-id=\"0e16316\" data-element_type=\"column\" data-e-type=\"column\">\n\t\t\t<div class=\"elementor-widget-wrap elementor-element-populated\">\n\t\t\t\t\t\t<div class=\"elementor-element elementor-element-a7b9175 elementor-nav-menu__align-center elementor-hidden-mobile elementor-hidden-tablet elementor-nav-menu--dropdown-tablet elementor-nav-menu__text-align-aside elementor-nav-menu--toggle elementor-nav-menu--burger elementor-widget elementor-widget-nav-menu\" data-id=\"a7b9175\" data-element_type=\"widget\" data-e-type=\"widget\" data-settings=\"{&quot;layout&quot;:&quot;horizontal&quot;,&quot;submenu_icon&quot;:{&quot;value&quot;:&quot;&lt;i class=\\&quot;fas fa-caret-down\\&quot; aria-hidden=\\&quot;true\\&quot;&gt;&lt;\\\/i&gt;&quot;,&quot;library&quot;:&quot;fa-solid&quot;},&quot;toggle&quot;:&quot;burger&quot;}\" data-widget_type=\"nav-menu.default\">\n\t\t\t\t<div class=\"elementor-widget-container\">\n\t\t\t\t\t\t\t\t<nav aria-label=\"Meny\" class=\"elementor-nav-menu--main elementor-nav-menu__container elementor-nav-menu--layout-horizontal e--pointer-none\">\n\t\t\t\t<ul id=\"menu-1-a7b9175\" class=\"elementor-nav-menu\"><li class=\"menu-item menu-item-type-post_type menu-item-object-page menu-item-12527\"><a href=\"https:\/\/geab.se\/elnat\/projekt\/kapacitet-gotland\/\" class=\"elementor-item\">Kapacitet Gotland<\/a><\/li>\n<li class=\"menu-item menu-item-type-post_type menu-item-object-page menu-item-95973\"><a href=\"https:\/\/geab.se\/elnat\/satsningar\/\" class=\"elementor-item\">V\u00e5ra satsningar<\/a><\/li>\n<li class=\"menu-item menu-item-type-post_type menu-item-object-page menu-item-17187\"><a href=\"https:\/\/geab.se\/elnat\/underhallsrojning\/\" class=\"elementor-item\">Underh\u00e5llsr\u00f6jning<\/a><\/li>\n<li class=\"menu-item menu-item-type-post_type menu-item-object-page menu-item-106133\"><a href=\"https:\/\/geab.se\/elnat\/kabelskap-utstallning\/\" class=\"elementor-item\">Kabelsk\u00e5p utst\u00e4llning<\/a><\/li>\n<li class=\"menu-item menu-item-type-post_type menu-item-object-page menu-item-23158\"><a href=\"https:\/\/geab.se\/elnat\/projekt\/eu-projekt\/\" class=\"elementor-item\">EU-projekt<\/a><\/li>\n<li class=\"menu-item menu-item-type-post_type menu-item-object-page menu-item-13177\"><a href=\"https:\/\/geab.se\/elnat\/projekt\/smart-elnatsovervakning\/\" class=\"elementor-item\">Smart eln\u00e4ts\u00f6vervakning<\/a><\/li>\n<\/ul>\t\t\t<\/nav>\n\t\t\t\t\t<div class=\"elementor-menu-toggle\" role=\"button\" tabindex=\"0\" aria-label=\"Sl\u00e5 p\u00e5\/av meny\" aria-expanded=\"false\">\n\t\t\t<i aria-hidden=\"true\" role=\"presentation\" class=\"elementor-menu-toggle__icon--open eicon-menu-bar\"><\/i><i aria-hidden=\"true\" role=\"presentation\" class=\"elementor-menu-toggle__icon--close eicon-close\"><\/i>\t\t<\/div>\n\t\t\t\t\t<nav class=\"elementor-nav-menu--dropdown elementor-nav-menu__container\" aria-hidden=\"true\">\n\t\t\t\t<ul id=\"menu-2-a7b9175\" class=\"elementor-nav-menu\"><li class=\"menu-item menu-item-type-post_type menu-item-object-page menu-item-12527\"><a href=\"https:\/\/geab.se\/elnat\/projekt\/kapacitet-gotland\/\" class=\"elementor-item\" tabindex=\"-1\">Kapacitet Gotland<\/a><\/li>\n<li class=\"menu-item menu-item-type-post_type menu-item-object-page menu-item-95973\"><a href=\"https:\/\/geab.se\/elnat\/satsningar\/\" class=\"elementor-item\" tabindex=\"-1\">V\u00e5ra satsningar<\/a><\/li>\n<li class=\"menu-item menu-item-type-post_type menu-item-object-page menu-item-17187\"><a href=\"https:\/\/geab.se\/elnat\/underhallsrojning\/\" class=\"elementor-item\" tabindex=\"-1\">Underh\u00e5llsr\u00f6jning<\/a><\/li>\n<li class=\"menu-item menu-item-type-post_type menu-item-object-page menu-item-106133\"><a href=\"https:\/\/geab.se\/elnat\/kabelskap-utstallning\/\" class=\"elementor-item\" tabindex=\"-1\">Kabelsk\u00e5p utst\u00e4llning<\/a><\/li>\n<li class=\"menu-item menu-item-type-post_type menu-item-object-page menu-item-23158\"><a href=\"https:\/\/geab.se\/elnat\/projekt\/eu-projekt\/\" class=\"elementor-item\" tabindex=\"-1\">EU-projekt<\/a><\/li>\n<li class=\"menu-item menu-item-type-post_type menu-item-object-page menu-item-13177\"><a href=\"https:\/\/geab.se\/elnat\/projekt\/smart-elnatsovervakning\/\" class=\"elementor-item\" tabindex=\"-1\">Smart eln\u00e4ts\u00f6vervakning<\/a><\/li>\n<\/ul>\t\t\t<\/nav>\n\t\t\t\t\t\t<\/div>\n\t\t\t\t<\/div>\n\t\t\t\t\t<\/div>\n\t\t<\/div>\n\t\t\t\t\t<\/div>\n\t\t<\/section>\n\t\t\t\t<section class=\"elementor-section elementor-top-section elementor-element elementor-element-5046e8c elementor-section-full_width elementor-section-height-min-height elementor-section-items-stretch elementor-section-content-middle elementor-section-height-default\" data-id=\"5046e8c\" data-element_type=\"section\" data-e-type=\"section\" data-settings=\"{&quot;background_background&quot;:&quot;classic&quot;}\">\n\t\t\t\t\t\t\t<div class=\"elementor-background-overlay\"><\/div>\n\t\t\t\t\t\t\t<div class=\"elementor-container elementor-column-gap-no\">\n\t\t\t\t\t<div class=\"elementor-column elementor-col-100 elementor-top-column elementor-element elementor-element-4e5ec71\" data-id=\"4e5ec71\" data-element_type=\"column\" data-e-type=\"column\">\n\t\t\t<div class=\"elementor-widget-wrap elementor-element-populated\">\n\t\t\t\t\t\t<section class=\"elementor-section elementor-inner-section elementor-element elementor-element-40de60b elementor-section-content-middle elementor-section-boxed elementor-section-height-default elementor-section-height-default\" data-id=\"40de60b\" data-element_type=\"section\" data-e-type=\"section\">\n\t\t\t\t\t\t<div class=\"elementor-container elementor-column-gap-wide\">\n\t\t\t\t\t<div class=\"elementor-column elementor-col-100 elementor-inner-column elementor-element elementor-element-b5ca2d7\" data-id=\"b5ca2d7\" data-element_type=\"column\" data-e-type=\"column\">\n\t\t\t<div class=\"elementor-widget-wrap elementor-element-populated\">\n\t\t\t\t\t\t<div class=\"elementor-element elementor-element-e3b2642 elementor-widget elementor-widget-heading\" data-id=\"e3b2642\" data-element_type=\"widget\" data-e-type=\"widget\" data-widget_type=\"heading.default\">\n\t\t\t\t<div class=\"elementor-widget-container\">\n\t\t\t\t\t<h1 class=\"elementor-heading-title elementor-size-default\">Underh\u00e5llsr\u00f6jning<\/h1>\t\t\t\t<\/div>\n\t\t\t\t<\/div>\n\t\t\t\t\t<\/div>\n\t\t<\/div>\n\t\t\t\t\t<\/div>\n\t\t<\/section>\n\t\t\t\t\t<\/div>\n\t\t<\/div>\n\t\t\t\t\t<\/div>\n\t\t<\/section>\n\t\t\t\t<section class=\"elementor-section elementor-top-section elementor-element elementor-element-dc6e91d elementor-section-boxed elementor-section-height-default elementor-section-height-default\" data-id=\"dc6e91d\" data-element_type=\"section\" data-e-type=\"section\">\n\t\t\t\t\t\t<div class=\"elementor-container elementor-column-gap-wider\">\n\t\t\t\t\t<div class=\"elementor-column elementor-col-100 elementor-top-column elementor-element elementor-element-fa21a96\" data-id=\"fa21a96\" data-element_type=\"column\" data-e-type=\"column\">\n\t\t\t<div class=\"elementor-widget-wrap elementor-element-populated\">\n\t\t\t\t\t\t<div class=\"elementor-element elementor-element-63e2528 elementor-widget elementor-widget-text-editor\" data-id=\"63e2528\" data-element_type=\"widget\" data-e-type=\"widget\" data-widget_type=\"text-editor.default\">\n\t\t\t\t<div class=\"elementor-widget-container\">\n\t\t\t\t\t\t\t\t\t<p style=\"text-align: center\">F\u00f6r att tryggt kunna leverera el till dig r\u00f6jer vi regelbundet runt v\u00e5ra elledningar. Det inneb\u00e4r kvistning och f\u00e4llning av tr\u00e4d och v\u00e4xtlighet som riskerar att orsaka str\u00f6mavbrott.<\/p>\t\t\t\t\t\t\t\t<\/div>\n\t\t\t\t<\/div>\n\t\t\t\t\t<\/div>\n\t\t<\/div>\n\t\t\t\t\t<\/div>\n\t\t<\/section>\n\t\t\t\t<section class=\"elementor-section elementor-top-section elementor-element elementor-element-c2c723e elementor-section-boxed elementor-section-height-default elementor-section-height-default\" data-id=\"c2c723e\" data-element_type=\"section\" data-e-type=\"section\">\n\t\t\t\t\t\t<div class=\"elementor-container elementor-column-gap-default\">\n\t\t\t\t\t<div class=\"elementor-column elementor-col-100 elementor-top-column elementor-element elementor-element-33dd4fd\" data-id=\"33dd4fd\" data-element_type=\"column\" data-e-type=\"column\" data-settings=\"{&quot;background_background&quot;:&quot;classic&quot;}\">\n\t\t\t<div class=\"elementor-widget-wrap elementor-element-populated\">\n\t\t\t\t\t<div class=\"elementor-background-overlay\"><\/div>\n\t\t\t\t\t\t<section class=\"elementor-section elementor-inner-section elementor-element elementor-element-54d828f elementor-section-boxed elementor-section-height-default elementor-section-height-default\" data-id=\"54d828f\" data-element_type=\"section\" data-e-type=\"section\" data-settings=\"{&quot;background_background&quot;:&quot;classic&quot;}\">\n\t\t\t\t\t\t\t<div class=\"elementor-background-overlay\"><\/div>\n\t\t\t\t\t\t\t<div class=\"elementor-container elementor-column-gap-default\">\n\t\t\t\t\t<div class=\"elementor-column elementor-col-20 elementor-inner-column elementor-element elementor-element-11fc5eb\" data-id=\"11fc5eb\" data-element_type=\"column\" data-e-type=\"column\" data-settings=\"{&quot;background_background&quot;:&quot;classic&quot;}\">\n\t\t\t<div class=\"elementor-widget-wrap\">\n\t\t\t\t\t\t\t<\/div>\n\t\t<\/div>\n\t\t\t\t<div class=\"elementor-column elementor-col-20 elementor-inner-column elementor-element elementor-element-fb4d897\" data-id=\"fb4d897\" data-element_type=\"column\" data-e-type=\"column\">\n\t\t\t<div class=\"elementor-widget-wrap elementor-element-populated\">\n\t\t\t\t\t\t<div class=\"elementor-element elementor-element-7c0a352 elementor-widget elementor-widget-heading\" data-id=\"7c0a352\" data-element_type=\"widget\" data-e-type=\"widget\" data-widget_type=\"heading.default\">\n\t\t\t\t<div class=\"elementor-widget-container\">\n\t\t\t\t\t<h2 class=\"elementor-heading-title elementor-size-default\">Vi r\u00f6jer v\u00e5ra ledningsgator<\/h2>\t\t\t\t<\/div>\n\t\t\t\t<\/div>\n\t\t\t\t<div class=\"elementor-element elementor-element-092af6a elementor-widget elementor-widget-text-editor\" data-id=\"092af6a\" data-element_type=\"widget\" data-e-type=\"widget\" data-widget_type=\"text-editor.default\">\n\t\t\t\t<div class=\"elementor-widget-container\">\n\t\t\t\t\t\t\t\t\t<p>F\u00f6rutom investeringarna i eln\u00e4ten, underh\u00e5ller vi l\u00f6pande v\u00e5ra ledningsgator. Det kan till exempel handla om att f\u00e4lla tr\u00e4d som \u00e4r speciellt k\u00e4nsliga f\u00f6r h\u00e5rda vindar och bl\u00f6tsn\u00f6. D\u00e4rmed minskar risken f\u00f6r att tr\u00e4d och grenar faller mot elledningarna vid ov\u00e4der, med str\u00f6mavbrott som f\u00f6ljd. R\u00f6jningen g\u00f6rs \u00e4ven f\u00f6r att h\u00e5lla v\u00e5ra anl\u00e4ggningar s\u00e4kra f\u00f6r person och egendom. Det f\u00e5r till exempel inte vara m\u00f6jligt att kl\u00e4ttra upp till ledningar via tr\u00e4d eller grenar.<\/p><p>Under 2026 kommer vi forts\u00e4tta att underh\u00e5llsr\u00f6ja ledningsgator i v\u00e5rt eln\u00e4t. Det \u00e4r lokala entrepren\u00f6rer som utf\u00f6r arbetet. V\u00e4st och magnetskyltar p\u00e5 bil med Geab-logga anv\u00e4nds.<\/p>\t\t\t\t\t\t\t\t<\/div>\n\t\t\t\t<\/div>\n\t\t\t\t\t<\/div>\n\t\t<\/div>\n\t\t\t\t<div class=\"elementor-column elementor-col-20 elementor-inner-column elementor-element elementor-element-997fb97\" data-id=\"997fb97\" data-element_type=\"column\" data-e-type=\"column\">\n\t\t\t<div class=\"elementor-widget-wrap\">\n\t\t\t\t\t\t\t<\/div>\n\t\t<\/div>\n\t\t\t\t<div class=\"elementor-column elementor-col-20 elementor-inner-column elementor-element elementor-element-85e5e99\" data-id=\"85e5e99\" data-element_type=\"column\" data-e-type=\"column\">\n\t\t\t<div class=\"elementor-widget-wrap elementor-element-populated\">\n\t\t\t\t\t\t<div class=\"elementor-element elementor-element-67bc6cf elementor-widget__width-initial elementor-widget elementor-widget-image\" data-id=\"67bc6cf\" data-element_type=\"widget\" data-e-type=\"widget\" data-widget_type=\"image.default\">\n\t\t\t\t<div class=\"elementor-widget-container\">\n\t\t\t\t\t\t\t\t\t\t\t\t\t\t\t<img decoding=\"async\" src=\"https:\/\/geab.se\/elnat\/wp-content\/uploads\/sites\/3\/elementor\/thumbs\/Large-Screen-72-DPI-Vattenfall_Distribution_Randijaur_042-p40rjyfmytpjg30o9x8sw2wsqyzhrkge6q3dje7f4g.png\" title=\"\" alt=\"N\u00e4rbild p\u00e5 medarbetare med sele.\" loading=\"lazy\" \/>\t\t\t\t\t\t\t\t\t\t\t\t\t\t\t<\/div>\n\t\t\t\t<\/div>\n\t\t\t\t\t<\/div>\n\t\t<\/div>\n\t\t\t\t<div class=\"elementor-column elementor-col-20 elementor-inner-column elementor-element elementor-element-9ba3cb9\" data-id=\"9ba3cb9\" data-element_type=\"column\" data-e-type=\"column\">\n\t\t\t<div class=\"elementor-widget-wrap\">\n\t\t\t\t\t\t\t<\/div>\n\t\t<\/div>\n\t\t\t\t\t<\/div>\n\t\t<\/section>\n\t\t\t\t\t<\/div>\n\t\t<\/div>\n\t\t\t\t\t<\/div>\n\t\t<\/section>\n\t\t\t\t<section class=\"elementor-section elementor-top-section elementor-element elementor-element-f20d897 elementor-section-boxed elementor-section-height-default elementor-section-height-default\" data-id=\"f20d897\" data-element_type=\"section\" data-e-type=\"section\">\n\t\t\t\t\t\t<div class=\"elementor-container elementor-column-gap-default\">\n\t\t\t\t\t<div class=\"elementor-column elementor-col-100 elementor-top-column elementor-element elementor-element-f6de895\" data-id=\"f6de895\" data-element_type=\"column\" data-e-type=\"column\" data-settings=\"{&quot;background_background&quot;:&quot;classic&quot;}\">\n\t\t\t<div class=\"elementor-widget-wrap elementor-element-populated\">\n\t\t\t\t\t\t<div class=\"elementor-element elementor-element-d5457d6 elementor-icon-list--layout-traditional elementor-list-item-link-full_width elementor-widget elementor-widget-icon-list\" data-id=\"d5457d6\" data-element_type=\"widget\" data-e-type=\"widget\" data-widget_type=\"icon-list.default\">\n\t\t\t\t<div class=\"elementor-widget-container\">\n\t\t\t\t\t\t\t<ul class=\"elementor-icon-list-items\">\n\t\t\t\t\t\t\t<li class=\"elementor-icon-list-item\">\n\t\t\t\t\t\t\t\t\t\t\t<span class=\"elementor-icon-list-icon\">\n\t\t\t\t\t\t\t<svg xmlns=\"http:\/\/www.w3.org\/2000\/svg\" xmlns:xlink=\"http:\/\/www.w3.org\/1999\/xlink\" id=\"Ebene_1\" x=\"0px\" y=\"0px\" viewBox=\"0 0 283.5 283.5\" style=\"enable-background:new 0 0 283.5 283.5;\" xml:space=\"preserve\"><path id=\"Information\" d=\"M127.6,113.4h28.3v106.3h-28.3V113.4z M148.6,64.8c-2.7-0.9-5.5-1.2-8.3-1c-8.7,0.5-15.5,5.9-16.2,16.2  c-0.5,7.2,2.4,13.6,7.8,16.8c3,1.7,6.4,2.5,9.8,2.4c0.4,0,0.9,0,1.3,0c4.7-0.2,9.1-1.6,12.4-5.5c3.7-4.4,4.5-9.7,3.8-15.4  C158.3,71.4,154.6,67,148.6,64.8z M141.7,7.1L141.7,7.1C63.5,7.1,0,49,0,141.7s63.5,134.6,141.7,134.6s141.7-41.9,141.7-134.6  S220,7.1,141.7,7.1z M221.7,221.3c-19,16.4-46.7,26.7-80,26.7s-61-10.3-80-26.7c-20.6-17.8-33.3-44.5-33.3-79.6S41,79.9,61.7,62.1  c19.1-16.4,46.8-26.7,80-26.7l0,0c33.3,0,61,10.3,80,26.7c20.6,17.8,33.4,44.5,33.4,79.6S242.5,203.6,221.7,221.3z\"><\/path><\/svg>\t\t\t\t\t\t<\/span>\n\t\t\t\t\t\t\t\t\t\t<span class=\"elementor-icon-list-text\">Svar p\u00e5 vanliga fr\u00e5gor<\/span>\n\t\t\t\t\t\t\t\t\t<\/li>\n\t\t\t\t\t\t<\/ul>\n\t\t\t\t\t\t<\/div>\n\t\t\t\t<\/div>\n\t\t\t\t<div class=\"elementor-element elementor-element-0e17ea9 elementor-widget elementor-widget-toggle\" data-id=\"0e17ea9\" data-element_type=\"widget\" data-e-type=\"widget\" data-widget_type=\"toggle.default\">\n\t\t\t\t<div class=\"elementor-widget-container\">\n\t\t\t\t\t\t\t<div class=\"elementor-toggle\">\n\t\t\t\t\t\t\t<div class=\"elementor-toggle-item\">\n\t\t\t\t\t<div id=\"elementor-tab-title-1471\" class=\"elementor-tab-title\" data-tab=\"1\" role=\"button\" aria-controls=\"elementor-tab-content-1471\" aria-expanded=\"false\">\n\t\t\t\t\t\t\t\t\t\t\t\t<span class=\"elementor-toggle-icon elementor-toggle-icon-right\" aria-hidden=\"true\">\n\t\t\t\t\t\t\t\t\t\t\t\t\t\t\t<span class=\"elementor-toggle-icon-closed\"><svg xmlns=\"http:\/\/www.w3.org\/2000\/svg\" xmlns:xlink=\"http:\/\/www.w3.org\/1999\/xlink\" id=\"Ebene_1\" x=\"0px\" y=\"0px\" viewBox=\"0 0 283.5 283.5\" style=\"enable-background:new 0 0 283.5 283.5;\" xml:space=\"preserve\"><polygon points=\"99.2,246.8 4.2,151.8 24.2,131.7 99.2,206.7 259.3,46.7 279.3,66.7 \"><\/polygon><\/svg><\/span>\n\t\t\t\t\t\t\t\t<span class=\"elementor-toggle-icon-opened\"><svg xmlns=\"http:\/\/www.w3.org\/2000\/svg\" xmlns:xlink=\"http:\/\/www.w3.org\/1999\/xlink\" id=\"Ebene_1\" x=\"0px\" y=\"0px\" viewBox=\"0 0 283.5 283.5\" style=\"enable-background:new 0 0 283.5 283.5;\" xml:space=\"preserve\"><polygon points=\"99.2,246.8 4.2,151.8 24.2,131.7 99.2,206.7 259.3,46.7 279.3,66.7 \"><\/polygon><\/svg><\/span>\n\t\t\t\t\t\t\t\t\t\t\t\t\t<\/span>\n\t\t\t\t\t\t\t\t\t\t\t\t<a class=\"elementor-toggle-title\" tabindex=\"0\">Varf\u00f6r r\u00f6jer ni kring elledningarna?<\/a>\n\t\t\t\t\t<\/div>\n\n\t\t\t\t\t<div id=\"elementor-tab-content-1471\" class=\"elementor-tab-content elementor-clearfix\" data-tab=\"1\" role=\"region\" aria-labelledby=\"elementor-tab-title-1471\"><p>F\u00f6r att tryggt kunna leverera el till dig r\u00f6jer vi regelbundet runt v\u00e5ra elledningar. I underh\u00e5llet ing\u00e5r bland annat att h\u00e5lla ledningsgator f\u00f6r luftledningar fria fr\u00e5n v\u00e4xtlighet som kan orsaka driftst\u00f6rningar i elleveranserna.<\/p><\/div>\n\t\t\t\t<\/div>\n\t\t\t\t\t\t\t<div class=\"elementor-toggle-item\">\n\t\t\t\t\t<div id=\"elementor-tab-title-1472\" class=\"elementor-tab-title\" data-tab=\"2\" role=\"button\" aria-controls=\"elementor-tab-content-1472\" aria-expanded=\"false\">\n\t\t\t\t\t\t\t\t\t\t\t\t<span class=\"elementor-toggle-icon elementor-toggle-icon-right\" aria-hidden=\"true\">\n\t\t\t\t\t\t\t\t\t\t\t\t\t\t\t<span class=\"elementor-toggle-icon-closed\"><svg xmlns=\"http:\/\/www.w3.org\/2000\/svg\" xmlns:xlink=\"http:\/\/www.w3.org\/1999\/xlink\" id=\"Ebene_1\" x=\"0px\" y=\"0px\" viewBox=\"0 0 283.5 283.5\" style=\"enable-background:new 0 0 283.5 283.5;\" xml:space=\"preserve\"><polygon points=\"99.2,246.8 4.2,151.8 24.2,131.7 99.2,206.7 259.3,46.7 279.3,66.7 \"><\/polygon><\/svg><\/span>\n\t\t\t\t\t\t\t\t<span class=\"elementor-toggle-icon-opened\"><svg xmlns=\"http:\/\/www.w3.org\/2000\/svg\" xmlns:xlink=\"http:\/\/www.w3.org\/1999\/xlink\" id=\"Ebene_1\" x=\"0px\" y=\"0px\" viewBox=\"0 0 283.5 283.5\" style=\"enable-background:new 0 0 283.5 283.5;\" xml:space=\"preserve\"><polygon points=\"99.2,246.8 4.2,151.8 24.2,131.7 99.2,206.7 259.3,46.7 279.3,66.7 \"><\/polygon><\/svg><\/span>\n\t\t\t\t\t\t\t\t\t\t\t\t\t<\/span>\n\t\t\t\t\t\t\t\t\t\t\t\t<a class=\"elementor-toggle-title\" tabindex=\"0\">Hur ofta sker r\u00f6jning?<\/a>\n\t\t\t\t\t<\/div>\n\n\t\t\t\t\t<div id=\"elementor-tab-content-1472\" class=\"elementor-tab-content elementor-clearfix\" data-tab=\"2\" role=\"region\" aria-labelledby=\"elementor-tab-title-1472\"><p>Ungef\u00e4r vart fj\u00e4rde \u00e5r r\u00f6jer vi ledningsgatorna.<\/p><\/div>\n\t\t\t\t<\/div>\n\t\t\t\t\t\t\t<div class=\"elementor-toggle-item\">\n\t\t\t\t\t<div id=\"elementor-tab-title-1473\" class=\"elementor-tab-title\" data-tab=\"3\" role=\"button\" aria-controls=\"elementor-tab-content-1473\" aria-expanded=\"false\">\n\t\t\t\t\t\t\t\t\t\t\t\t<span class=\"elementor-toggle-icon elementor-toggle-icon-right\" aria-hidden=\"true\">\n\t\t\t\t\t\t\t\t\t\t\t\t\t\t\t<span class=\"elementor-toggle-icon-closed\"><svg xmlns=\"http:\/\/www.w3.org\/2000\/svg\" xmlns:xlink=\"http:\/\/www.w3.org\/1999\/xlink\" id=\"Ebene_1\" x=\"0px\" y=\"0px\" viewBox=\"0 0 283.5 283.5\" style=\"enable-background:new 0 0 283.5 283.5;\" xml:space=\"preserve\"><polygon points=\"99.2,246.8 4.2,151.8 24.2,131.7 99.2,206.7 259.3,46.7 279.3,66.7 \"><\/polygon><\/svg><\/span>\n\t\t\t\t\t\t\t\t<span class=\"elementor-toggle-icon-opened\"><svg xmlns=\"http:\/\/www.w3.org\/2000\/svg\" xmlns:xlink=\"http:\/\/www.w3.org\/1999\/xlink\" id=\"Ebene_1\" x=\"0px\" y=\"0px\" viewBox=\"0 0 283.5 283.5\" style=\"enable-background:new 0 0 283.5 283.5;\" xml:space=\"preserve\"><polygon points=\"99.2,246.8 4.2,151.8 24.2,131.7 99.2,206.7 259.3,46.7 279.3,66.7 \"><\/polygon><\/svg><\/span>\n\t\t\t\t\t\t\t\t\t\t\t\t\t<\/span>\n\t\t\t\t\t\t\t\t\t\t\t\t<a class=\"elementor-toggle-title\" tabindex=\"0\">N\u00e4r kommer ni till mig?<\/a>\n\t\t\t\t\t<\/div>\n\n\t\t\t\t\t<div id=\"elementor-tab-content-1473\" class=\"elementor-tab-content elementor-clearfix\" data-tab=\"3\" role=\"region\" aria-labelledby=\"elementor-tab-title-1473\"><p>Planeringen g\u00f6rs fortl\u00f6pande under projektet. Tids\u00e5tg\u00e5ngen beror bland annat p\u00e5 v\u00e4derf\u00f6rh\u00e5llanden och hur mycket som beh\u00f6ver r\u00f6jas. Det \u00e4r d\u00e4rf\u00f6r sv\u00e5rt att s\u00e4ga exakt n\u00e4r vi kommer till din fastighet. Vi aviserar dig som fastighets\u00e4gare en till tv\u00e5 m\u00e5nader innan r\u00f6jningen startar.\u00a0<\/p><\/div>\n\t\t\t\t<\/div>\n\t\t\t\t\t\t\t\t<\/div>\n\t\t\t\t\t\t<\/div>\n\t\t\t\t<\/div>\n\t\t\t\t\t<\/div>\n\t\t<\/div>\n\t\t\t\t\t<\/div>\n\t\t<\/section>\n\t\t\t\t<\/div>\n\t\t","protected":false},"excerpt":{"rendered":"<p>Underh\u00e5llsr\u00f6jning F\u00f6r att tryggt kunna leverera el till dig r\u00f6jer vi regelbundet runt v\u00e5ra elledningar. Det inneb\u00e4r kvistning och f\u00e4llning av tr\u00e4d och v\u00e4xtlighet som riskerar att orsaka str\u00f6mavbrott. Vi r\u00f6jer v\u00e5ra ledningsgator F\u00f6rutom investeringarna i eln\u00e4ten, underh\u00e5ller vi l\u00f6pande v\u00e5ra ledningsgator. Det kan till exempel handla om att f\u00e4lla tr\u00e4d som \u00e4r speciellt k\u00e4nsliga [&hellip;]<\/p>\n","protected":false},"author":11,"featured_media":0,"parent":0,"menu_order":0,"comment_status":"closed","ping_status":"closed","template":"elementor_header_footer","meta":{"_seopress_robots_primary_cat":"","_seopress_titles_title":"Underh\u00e5llsr\u00f6jning | Gotlands Eln\u00e4t","_seopress_titles_desc":"F\u00f6r att tryggt kunna leverera el till dig r\u00f6jer vi regelbundet runt v\u00e5ra elledningar. Det inneb\u00e4r kvistning och f\u00e4llning av tr\u00e4d och v\u00e4xtlighet som riskerar att orsaka str\u00f6mavbrott.","_seopress_robots_index":"","footnotes":""},"class_list":["post-17181","page","type-page","status-publish","hentry"],"_links":{"self":[{"href":"https:\/\/geab.se\/elnat\/wp-json\/wp\/v2\/pages\/17181","targetHints":{"allow":["GET"]}}],"collection":[{"href":"https:\/\/geab.se\/elnat\/wp-json\/wp\/v2\/pages"}],"about":[{"href":"https:\/\/geab.se\/elnat\/wp-json\/wp\/v2\/types\/page"}],"author":[{"embeddable":true,"href":"https:\/\/geab.se\/elnat\/wp-json\/wp\/v2\/users\/11"}],"replies":[{"embeddable":true,"href":"https:\/\/geab.se\/elnat\/wp-json\/wp\/v2\/comments?post=17181"}],"version-history":[{"count":89,"href":"https:\/\/geab.se\/elnat\/wp-json\/wp\/v2\/pages\/17181\/revisions"}],"predecessor-version":[{"id":106089,"href":"https:\/\/geab.se\/elnat\/wp-json\/wp\/v2\/pages\/17181\/revisions\/106089"}],"wp:attachment":[{"href":"https:\/\/geab.se\/elnat\/wp-json\/wp\/v2\/media?parent=17181"}],"curies":[{"name":"wp","href":"https:\/\/api.w.org\/{rel}","templated":true}]}}