{"id":14236,"date":"2021-12-15T16:01:45","date_gmt":"2021-12-15T15:01:45","guid":{"rendered":"https:\/\/geab.se\/elnat\/?page_id=14236"},"modified":"2026-04-13T14:28:43","modified_gmt":"2026-04-13T12:28:43","slug":"bestalla-bevakning","status":"publish","type":"page","link":"https:\/\/geab.se\/elnat\/arbete-nara-ledning\/bestalla-bevakning\/","title":{"rendered":"Best\u00e4lla bevakning"},"content":{"rendered":"\t\t<div data-elementor-type=\"wp-page\" data-elementor-id=\"14236\" class=\"elementor elementor-14236\" data-elementor-post-type=\"page\">\n\t\t\t\t\t\t<section class=\"elementor-section elementor-top-section elementor-element elementor-element-f3d310d elementor-hidden-phone elementor-section-boxed elementor-section-height-default elementor-section-height-default\" data-id=\"f3d310d\" data-element_type=\"section\" data-e-type=\"section\">\n\t\t\t\t\t\t<div class=\"elementor-container elementor-column-gap-default\">\n\t\t\t\t\t<div class=\"elementor-column elementor-col-100 elementor-top-column elementor-element elementor-element-5b02def\" data-id=\"5b02def\" data-element_type=\"column\" data-e-type=\"column\">\n\t\t\t<div class=\"elementor-widget-wrap elementor-element-populated\">\n\t\t\t\t\t\t<div class=\"elementor-element elementor-element-c9525ac elementor-nav-menu__align-center elementor-hidden-tablet elementor-hidden-mobile elementor-nav-menu--dropdown-tablet elementor-nav-menu__text-align-aside elementor-widget elementor-widget-nav-menu\" data-id=\"c9525ac\" data-element_type=\"widget\" data-e-type=\"widget\" data-settings=\"{&quot;submenu_icon&quot;:{&quot;value&quot;:&quot;&lt;i class=\\&quot;\\&quot; aria-hidden=\\&quot;true\\&quot;&gt;&lt;\\\/i&gt;&quot;,&quot;library&quot;:&quot;&quot;},&quot;layout&quot;:&quot;horizontal&quot;}\" data-widget_type=\"nav-menu.default\">\n\t\t\t\t<div class=\"elementor-widget-container\">\n\t\t\t\t\t\t\t\t<nav aria-label=\"Meny\" class=\"elementor-nav-menu--main elementor-nav-menu__container elementor-nav-menu--layout-horizontal e--pointer-none\">\n\t\t\t\t<ul id=\"menu-1-c9525ac\" class=\"elementor-nav-menu\"><li class=\"menu-item menu-item-type-post_type menu-item-object-page menu-item-105631\"><a href=\"https:\/\/geab.se\/elnat\/arbete-nara-ledning\/bestalla-bevakning\/\" class=\"elementor-item\">Best\u00e4lla bevakning<\/a><\/li>\n<li class=\"menu-item menu-item-type-post_type menu-item-object-page menu-item-105630\"><a href=\"https:\/\/geab.se\/elnat\/arbete-nara-ledning\/ledningsanvisning\/\" class=\"elementor-item\">Ledningsanvisning<\/a><\/li>\n<\/ul>\t\t\t<\/nav>\n\t\t\t\t\t\t<nav class=\"elementor-nav-menu--dropdown elementor-nav-menu__container\" aria-hidden=\"true\">\n\t\t\t\t<ul id=\"menu-2-c9525ac\" class=\"elementor-nav-menu\"><li class=\"menu-item menu-item-type-post_type menu-item-object-page menu-item-105631\"><a href=\"https:\/\/geab.se\/elnat\/arbete-nara-ledning\/bestalla-bevakning\/\" class=\"elementor-item\" tabindex=\"-1\">Best\u00e4lla bevakning<\/a><\/li>\n<li class=\"menu-item menu-item-type-post_type menu-item-object-page menu-item-105630\"><a href=\"https:\/\/geab.se\/elnat\/arbete-nara-ledning\/ledningsanvisning\/\" class=\"elementor-item\" tabindex=\"-1\">Ledningsanvisning<\/a><\/li>\n<\/ul>\t\t\t<\/nav>\n\t\t\t\t\t\t<\/div>\n\t\t\t\t<\/div>\n\t\t\t\t\t<\/div>\n\t\t<\/div>\n\t\t\t\t\t<\/div>\n\t\t<\/section>\n\t\t\t\t<section class=\"elementor-section elementor-top-section elementor-element elementor-element-c4eafa2 elementor-section-full_width elementor-section-height-min-height elementor-section-items-stretch elementor-section-content-middle elementor-section-height-default\" data-id=\"c4eafa2\" data-element_type=\"section\" data-e-type=\"section\" data-settings=\"{&quot;background_background&quot;:&quot;classic&quot;}\">\n\t\t\t\t\t\t\t<div class=\"elementor-background-overlay\"><\/div>\n\t\t\t\t\t\t\t<div class=\"elementor-container elementor-column-gap-no\">\n\t\t\t\t\t<div class=\"elementor-column elementor-col-100 elementor-top-column elementor-element elementor-element-8971b37\" data-id=\"8971b37\" data-element_type=\"column\" data-e-type=\"column\">\n\t\t\t<div class=\"elementor-widget-wrap elementor-element-populated\">\n\t\t\t\t\t\t<section class=\"elementor-section elementor-inner-section elementor-element elementor-element-4a2cec0 elementor-section-content-middle elementor-section-full_width elementor-section-height-default elementor-section-height-default\" data-id=\"4a2cec0\" data-element_type=\"section\" data-e-type=\"section\">\n\t\t\t\t\t\t<div class=\"elementor-container elementor-column-gap-wide\">\n\t\t\t\t\t<div class=\"elementor-column elementor-col-100 elementor-inner-column elementor-element elementor-element-3812ddf\" data-id=\"3812ddf\" data-element_type=\"column\" data-e-type=\"column\">\n\t\t\t<div class=\"elementor-widget-wrap elementor-element-populated\">\n\t\t\t\t\t\t<div class=\"elementor-element elementor-element-84ec89e elementor-widget elementor-widget-heading\" data-id=\"84ec89e\" data-element_type=\"widget\" data-e-type=\"widget\" data-widget_type=\"heading.default\">\n\t\t\t\t<div class=\"elementor-widget-container\">\n\t\t\t\t\t<h1 class=\"elementor-heading-title elementor-size-default\">Bevakning<\/h1>\t\t\t\t<\/div>\n\t\t\t\t<\/div>\n\t\t\t\t<div class=\"elementor-element elementor-element-bb04a80 elementor-widget elementor-widget-heading\" data-id=\"bb04a80\" data-element_type=\"widget\" data-e-type=\"widget\" data-widget_type=\"heading.default\">\n\t\t\t\t<div class=\"elementor-widget-container\">\n\t\t\t\t\t<h5 class=\"elementor-heading-title elementor-size-default\">Fyll i formul\u00e4ret s\u00e5 kontaktar vi dig inom kort<\/h5>\t\t\t\t<\/div>\n\t\t\t\t<\/div>\n\t\t\t\t\t<\/div>\n\t\t<\/div>\n\t\t\t\t\t<\/div>\n\t\t<\/section>\n\t\t\t\t\t<\/div>\n\t\t<\/div>\n\t\t\t\t\t<\/div>\n\t\t<\/section>\n\t\t\t\t<section class=\"elementor-section elementor-top-section elementor-element elementor-element-171ffd7 elementor-section-boxed elementor-section-height-default elementor-section-height-default\" data-id=\"171ffd7\" data-element_type=\"section\" data-e-type=\"section\">\n\t\t\t\t\t\t<div class=\"elementor-container elementor-column-gap-wider\">\n\t\t\t\t\t<div class=\"elementor-column elementor-col-100 elementor-top-column elementor-element elementor-element-997a7b3\" data-id=\"997a7b3\" data-element_type=\"column\" data-e-type=\"column\">\n\t\t\t<div class=\"elementor-widget-wrap elementor-element-populated\">\n\t\t\t\t\t\t<div class=\"elementor-element elementor-element-64755a8 elementor-widget elementor-widget-heading\" data-id=\"64755a8\" data-element_type=\"widget\" data-e-type=\"widget\" data-widget_type=\"heading.default\">\n\t\t\t\t<div class=\"elementor-widget-container\">\n\t\t\t\t\t<h2 class=\"elementor-heading-title elementor-size-default\">V\u00e4nligen t\u00e4nk p\u00e5 detta<\/h2>\t\t\t\t<\/div>\n\t\t\t\t<\/div>\n\t\t\t\t<div class=\"elementor-element elementor-element-c2732ec elementor-widget elementor-widget-text-editor\" data-id=\"c2732ec\" data-element_type=\"widget\" data-e-type=\"widget\" data-widget_type=\"text-editor.default\">\n\t\t\t\t<div class=\"elementor-widget-container\">\n\t\t\t\t\t\t\t\t\t<div class=\"main-header\"><div class=\"container\"><div class=\"row\"><div class=\"col-xs-12\"><div class=\"sub-header_dis content-center\"><p>G\u00f6r en f\u00f6rfr\u00e5gan om bevakning n\u00e4r du ska bygga, f\u00e4lla tr\u00e4d, schakta eller spr\u00e4nga n\u00e4ra v\u00e5ra elledningar. F\u00e4ller du till exempel ett tr\u00e4d och det faller p\u00e5 elledningen kan du bli skyldig att betala skadest\u00e5nd. Ta d\u00e4rf\u00f6r kontakt med oss innan du f\u00e4ller ett tr\u00e4d i anslutning till en elledning. D\u00e5 \u00e4r vi med p\u00e5 plats under arbetets g\u00e5ng och ser till att inga skador uppst\u00e5r.<\/p><p>Best\u00e4ll bevakning i god tid s\u00e5 g\u00f6r vi en bed\u00f6mning om bevakning beh\u00f6vs. Vi f\u00f6rs\u00f6ker \u00e5terkoppla inom minst sju arbetsdagar. Bevakningen \u00e4r kostnadsfri och vi s\u00e4kerst\u00e4ller att ingenting kommer till skada under arbetets g\u00e5ng.<\/p><\/div><\/div><\/div><\/div><\/div>\t\t\t\t\t\t\t\t<\/div>\n\t\t\t\t<\/div>\n\t\t\t\t<div class=\"elementor-element elementor-element-6d71f6e elementor-icon-list--layout-traditional elementor-list-item-link-full_width elementor-widget elementor-widget-icon-list\" data-id=\"6d71f6e\" data-element_type=\"widget\" data-e-type=\"widget\" data-widget_type=\"icon-list.default\">\n\t\t\t\t<div class=\"elementor-widget-container\">\n\t\t\t\t\t\t\t<ul class=\"elementor-icon-list-items\">\n\t\t\t\t\t\t\t<li class=\"elementor-icon-list-item\">\n\t\t\t\t\t\t\t\t\t\t\t<span class=\"elementor-icon-list-icon\">\n\t\t\t\t\t\t\t<i aria-hidden=\"true\" class=\"fas fa-check\"><\/i>\t\t\t\t\t\t<\/span>\n\t\t\t\t\t\t\t\t\t\t<span class=\"elementor-icon-list-text\">Allt arbete d\u00e4r elkablar kan komma till skada kan medf\u00f6ra livsfara b\u00e5de f\u00f6r dig och andra<\/span>\n\t\t\t\t\t\t\t\t\t<\/li>\n\t\t\t\t\t\t\t\t<li class=\"elementor-icon-list-item\">\n\t\t\t\t\t\t\t\t\t\t\t<span class=\"elementor-icon-list-icon\">\n\t\t\t\t\t\t\t<i aria-hidden=\"true\" class=\"fas fa-check\"><\/i>\t\t\t\t\t\t<\/span>\n\t\t\t\t\t\t\t\t\t\t<span class=\"elementor-icon-list-text\">Vid eventuella skador p\u00e5 eln\u00e4tet kan du bli ers\u00e4ttningsskyldig<\/span>\n\t\t\t\t\t\t\t\t\t<\/li>\n\t\t\t\t\t\t\t\t<li class=\"elementor-icon-list-item\">\n\t\t\t\t\t\t\t\t\t\t\t<span class=\"elementor-icon-list-icon\">\n\t\t\t\t\t\t\t<i aria-hidden=\"true\" class=\"fas fa-check\"><\/i>\t\t\t\t\t\t<\/span>\n\t\t\t\t\t\t\t\t\t\t<span class=\"elementor-icon-list-text\">H\u00f6gsp\u00e4nningskablar 33\u2013150kv f\u00e5r ej fril\u00e4ggas utan bevakning<\/span>\n\t\t\t\t\t\t\t\t\t<\/li>\n\t\t\t\t\t\t\t\t<li class=\"elementor-icon-list-item\">\n\t\t\t\t\t\t\t\t\t\t\t<span class=\"elementor-icon-list-icon\">\n\t\t\t\t\t\t\t<i aria-hidden=\"true\" class=\"fas fa-check\"><\/i>\t\t\t\t\t\t<\/span>\n\t\t\t\t\t\t\t\t\t\t<span class=\"elementor-icon-list-text\">Gotlands Eln\u00e4t AB genomf\u00f6r inte sj\u00e4lva tr\u00e4df\u00e4llningen, utan beh\u00f6ver du hj\u00e4lp med det s\u00e5 b\u00f6r du anlita en kunnig entrepren\u00f6r<\/span>\n\t\t\t\t\t\t\t\t\t<\/li>\n\t\t\t\t\t\t\t\t<li class=\"elementor-icon-list-item\">\n\t\t\t\t\t\t\t\t\t\t\t<span class=\"elementor-icon-list-icon\">\n\t\t\t\t\t\t\t<i aria-hidden=\"true\" class=\"fas fa-check\"><\/i>\t\t\t\t\t\t<\/span>\n\t\t\t\t\t\t\t\t\t\t<span class=\"elementor-icon-list-text\">Best\u00e4ll bevakning i god tid - vi har som m\u00e5l att \u00e5terkoppla inom sju arbetsdagar fr\u00e5n det att vi f\u00e5r in din f\u00f6rfr\u00e5gan. <\/span>\n\t\t\t\t\t\t\t\t\t<\/li>\n\t\t\t\t\t\t<\/ul>\n\t\t\t\t\t\t<\/div>\n\t\t\t\t<\/div>\n\t\t\t\t<div class=\"elementor-element elementor-element-cda2111 elementor-widget elementor-widget-spacer\" data-id=\"cda2111\" data-element_type=\"widget\" data-e-type=\"widget\" data-widget_type=\"spacer.default\">\n\t\t\t\t<div class=\"elementor-widget-container\">\n\t\t\t\t\t\t\t<div class=\"elementor-spacer\">\n\t\t\t<div class=\"elementor-spacer-inner\"><\/div>\n\t\t<\/div>\n\t\t\t\t\t\t<\/div>\n\t\t\t\t<\/div>\n\t\t\t\t<div class=\"elementor-element elementor-element-caaf03d elementor-widget elementor-widget-heading\" data-id=\"caaf03d\" data-element_type=\"widget\" data-e-type=\"widget\" data-widget_type=\"heading.default\">\n\t\t\t\t<div class=\"elementor-widget-container\">\n\t\t\t\t\t<h2 class=\"elementor-heading-title elementor-size-default\">F\u00f6rfr\u00e5gan om bevakning<\/h2>\t\t\t\t<\/div>\n\t\t\t\t<\/div>\n\t\t\t\t<div class=\"elementor-element elementor-element-50d0e55 elementor-widget elementor-widget-text-editor\" data-id=\"50d0e55\" data-element_type=\"widget\" data-e-type=\"widget\" data-widget_type=\"text-editor.default\">\n\t\t\t\t<div class=\"elementor-widget-container\">\n\t\t\t\t\t\t\t\t\t<p>G\u00f6r en f\u00f6rfr\u00e5gan h\u00e4r s\u00e5 h\u00f6r vi oss om vi bed\u00f6mer att en bevakning \u00e4r n\u00f6dv\u00e4ndig.\u00a0<\/p>\t\t\t\t\t\t\t\t<\/div>\n\t\t\t\t<\/div>\n\t\t\t\t<div class=\"elementor-element elementor-element-3a87b3e elementor-widget elementor-widget-text-editor\" data-id=\"3a87b3e\" data-element_type=\"widget\" data-e-type=\"widget\" data-widget_type=\"text-editor.default\">\n\t\t\t\t<div class=\"elementor-widget-container\">\n\t\t\t\t\t\t\t\t\t\n<div class=\"wpcf7 no-js\" id=\"wpcf7-f14238-o1\" lang=\"sv-SE\" dir=\"ltr\" data-wpcf7-id=\"14238\">\n<div class=\"screen-reader-response\"><p role=\"status\" aria-live=\"polite\" aria-atomic=\"true\"><\/p> <ul><\/ul><\/div>\n<form action=\"\/elnat\/wp-json\/wp\/v2\/pages\/14236#wpcf7-f14238-o1\" method=\"post\" class=\"wpcf7-form init\" aria-label=\"Kontaktformul\u00e4r\" enctype=\"multipart\/form-data\" novalidate=\"novalidate\" data-status=\"init\">\n<fieldset class=\"hidden-fields-container\"><input type=\"hidden\" name=\"_wpcf7\" value=\"14238\" \/><input type=\"hidden\" name=\"_wpcf7_version\" value=\"6.1.5\" \/><input type=\"hidden\" name=\"_wpcf7_locale\" value=\"sv_SE\" \/><input type=\"hidden\" name=\"_wpcf7_unit_tag\" value=\"wpcf7-f14238-o1\" \/><input type=\"hidden\" name=\"_wpcf7_container_post\" value=\"0\" \/><input type=\"hidden\" name=\"_wpcf7_posted_data_hash\" value=\"\" \/><input type=\"hidden\" name=\"_wpcf7_recaptcha_response\" value=\"\" \/>\n<\/fieldset>\n<h4><b>Vad ska vi bevaka?<\/b>\n<\/h4>\n<fieldset>\n\t<legend>Vad ska vi bevaka?\n\t<\/legend>\n\t<p><span class=\"wpcf7-form-control-wrap\" data-name=\"Bevakning\"><span class=\"wpcf7-form-control wpcf7-radio\"><span class=\"wpcf7-list-item first\"><label><input type=\"radio\" name=\"Bevakning\" value=\"Tr\u00e4df\u00e4llning\" checked=\"checked\" \/><span class=\"wpcf7-list-item-label\">Tr\u00e4df\u00e4llning<\/span><\/label><\/span><span class=\"wpcf7-list-item\"><label><input type=\"radio\" name=\"Bevakning\" value=\"Spr\u00e4ngarbete n\u00e4ra elledning eller station\" \/><span class=\"wpcf7-list-item-label\">Spr\u00e4ngarbete n\u00e4ra elledning eller station<\/span><\/label><\/span><span class=\"wpcf7-list-item\"><label><input type=\"radio\" name=\"Bevakning\" value=\"Arbete n\u00e4ra eller under luftledning\" \/><span class=\"wpcf7-list-item-label\">Arbete n\u00e4ra eller under luftledning<\/span><\/label><\/span><span class=\"wpcf7-list-item last\"><label><input type=\"radio\" name=\"Bevakning\" value=\"Schaktning n\u00e4ra h\u00f6gsp\u00e4nningsledning\" \/><span class=\"wpcf7-list-item-label\">Schaktning n\u00e4ra h\u00f6gsp\u00e4nningsledning<\/span><\/label><\/span><\/span><\/span>\n\t<\/p>\n<\/fieldset>\n<p><b><\/b>\n<\/p>\n<h4>Uppgifter f\u00f6r kontaktperson\n<\/h4>\n<p><label> <span class=\"wpcf7-form-control-wrap\" data-name=\"Namn\"><input size=\"40\" maxlength=\"400\" class=\"wpcf7-form-control wpcf7-text wpcf7-validates-as-required\" aria-required=\"true\" aria-invalid=\"false\" placeholder=\"Namn*\" value=\"\" type=\"text\" name=\"Namn\" \/><\/span> <\/label><br \/>\n<label> <span class=\"wpcf7-form-control-wrap\" data-name=\"Telefonnummer\"><input size=\"40\" maxlength=\"400\" class=\"wpcf7-form-control wpcf7-tel wpcf7-validates-as-required wpcf7-text wpcf7-validates-as-tel\" aria-required=\"true\" aria-invalid=\"false\" placeholder=\"Telefonnummer*\" value=\"\" type=\"tel\" name=\"Telefonnummer\" \/><\/span><\/label><br \/>\n<label> <span class=\"wpcf7-form-control-wrap\" data-name=\"E-postadress\"><input size=\"40\" maxlength=\"400\" class=\"wpcf7-form-control wpcf7-email wpcf7-validates-as-required wpcf7-text wpcf7-validates-as-email\" aria-required=\"true\" aria-invalid=\"false\" placeholder=\"E-postadress*\" value=\"\" type=\"email\" name=\"E-postadress\" \/><\/span><\/label><br \/>\n<label> <span class=\"wpcf7-form-control-wrap\" data-name=\"Adress\"><input size=\"40\" maxlength=\"400\" class=\"wpcf7-form-control wpcf7-text wpcf7-validates-as-required\" aria-required=\"true\" aria-invalid=\"false\" placeholder=\"Adress*\" value=\"\" type=\"text\" name=\"Adress\" \/><\/span><\/label><br \/>\n<label> <span class=\"wpcf7-form-control-wrap\" data-name=\"Postnummer\"><input size=\"40\" maxlength=\"400\" class=\"wpcf7-form-control wpcf7-text wpcf7-validates-as-required\" aria-required=\"true\" aria-invalid=\"false\" placeholder=\"Postnummer*\" value=\"\" type=\"text\" name=\"Postnummer\" \/><\/span> <\/label><br \/>\n<label> <span class=\"wpcf7-form-control-wrap\" data-name=\"Ort\"><input size=\"40\" maxlength=\"400\" class=\"wpcf7-form-control wpcf7-text wpcf7-validates-as-required\" aria-required=\"true\" aria-invalid=\"false\" placeholder=\"Ort*\" value=\"\" type=\"text\" name=\"Ort\" \/><\/span><\/label>\n<\/p>\n<p><b><\/b>\n<\/p>\n<h4>Om bevakningen\n<\/h4>\n<p><label><span class=\"wpcf7-form-control-wrap\" data-name=\"Beskrivningavomrdet\"><textarea cols=\"40\" rows=\"10\" maxlength=\"2000\" class=\"wpcf7-form-control wpcf7-textarea wpcf7-validates-as-required\" aria-required=\"true\" aria-invalid=\"false\" placeholder=\"Beskrivning av omr\u00e5det*\" name=\"Beskrivningavomrdet\"><\/textarea><\/span><\/label>\n<\/p>\n<p><label><span class=\"wpcf7-form-control-wrap\" data-name=\"Fastighetsbeteckning\"><input size=\"40\" maxlength=\"400\" class=\"wpcf7-form-control wpcf7-text wpcf7-validates-as-required\" aria-required=\"true\" aria-invalid=\"false\" placeholder=\"Fastighetsbeteckning**\" value=\"\" type=\"text\" name=\"Fastighetsbeteckning\" \/><\/span> **V\u00e4nd dig till Lantm\u00e4teriet om du \u00e4r os\u00e4ker p\u00e5 fastighetsbeteckningen<\/label>\n<\/p>\n<p><b><\/b>\n<\/p>\n<h4>Bifoga foton\n<\/h4>\n<p>F\u00f6r att vi ska kunna hj\u00e4lpa dig p\u00e5 b\u00e4sta s\u00e4tt, bifoga g\u00e4rna foton (pdf, gif ,png, jpg eller jpeg). Max filstorlek 5 MB.\n<\/p>\n<p><label><span class=\"wpcf7-form-control-wrap\" data-name=\"file-879\"><input size=\"40\" class=\"wpcf7-form-control wpcf7-file filknap\" accept=\".pdf,.gif,.png,.jpg,.jpeg\" aria-invalid=\"false\" type=\"file\" name=\"file-879\" \/><\/span><\/label><br \/>\n<label><span class=\"wpcf7-form-control-wrap\" data-name=\"file-56\"><input size=\"40\" class=\"wpcf7-form-control wpcf7-file filknap\" accept=\".pdf,.gif,.png,.jpg,.jpeg\" aria-invalid=\"false\" type=\"file\" name=\"file-56\" \/><\/span><\/label>\n<\/p>\n<p><b><\/b>\n<\/p>\n<h4>Beskriv hj\u00e4lpen som \u00f6nskas\n<\/h4>\n<p><label><span class=\"wpcf7-form-control-wrap\" data-name=\"Beskrivhjlpensomnskas\"><textarea cols=\"40\" rows=\"10\" maxlength=\"2000\" class=\"wpcf7-form-control wpcf7-textarea\" aria-invalid=\"false\" placeholder=\"Beskriv hj\u00e4lpen som \u00f6nskas*\" name=\"Beskrivhjlpensomnskas\"><\/textarea><\/span><\/label>\n<\/p>\n<p><label><span class=\"wpcf7-form-control-wrap\" data-name=\"acceptance-362\"><span class=\"wpcf7-form-control wpcf7-acceptance\"><span class=\"wpcf7-list-item\"><input type=\"checkbox\" name=\"acceptance-362\" value=\"1\" aria-invalid=\"false\" \/><\/span><\/span><\/span> Jag godk\u00e4nner <a href=\"https:\/\/geab.se\/personuppgifter\/\">Geabs hantering av mina personuppgifter*<\/a><\/label>\n<\/p>\n<p><input class=\"wpcf7-form-control wpcf7-submit has-spinner\" type=\"submit\" value=\"Skicka\" \/>\n<\/p>\n<p>* Obligatoriska f\u00e4lt\n<\/p><div class=\"wpcf7-response-output\" aria-hidden=\"true\"><\/div>\n<\/form>\n<\/div>\n\t\t\t\t\t\t\t\t<\/div>\n\t\t\t\t<\/div>\n\t\t\t\t\t<\/div>\n\t\t<\/div>\n\t\t\t\t\t<\/div>\n\t\t<\/section>\n\t\t\t\t<\/div>\n\t\t","protected":false},"excerpt":{"rendered":"<p>Bevakning Fyll i formul\u00e4ret s\u00e5 kontaktar vi dig inom kort V\u00e4nligen t\u00e4nk p\u00e5 detta G\u00f6r en f\u00f6rfr\u00e5gan om bevakning n\u00e4r du ska bygga, f\u00e4lla tr\u00e4d, schakta eller spr\u00e4nga n\u00e4ra v\u00e5ra elledningar. F\u00e4ller du till exempel ett tr\u00e4d och det faller p\u00e5 elledningen kan du bli skyldig att betala skadest\u00e5nd. Ta d\u00e4rf\u00f6r kontakt med oss innan [&hellip;]<\/p>\n","protected":false},"author":11,"featured_media":0,"parent":14935,"menu_order":0,"comment_status":"closed","ping_status":"closed","template":"elementor_header_footer","meta":{"_seopress_robots_primary_cat":"","_seopress_titles_title":"Best\u00e4lla bevakning | Gotlands Eln\u00e4t","_seopress_titles_desc":"Best\u00e4ll bevakning i god tid s\u00e5 g\u00f6r vi en bed\u00f6mning om bevakning beh\u00f6vs. Vi f\u00f6rs\u00f6ker \u00e5terkoppla inom minst sju arbetsdagar. Bevakningen \u00e4r kostnadsfri och vi s\u00e4kerst\u00e4ller att ingenting kommer till skada under arbetets g\u00e5ng.","_seopress_robots_index":"","footnotes":""},"class_list":["post-14236","page","type-page","status-publish","hentry"],"_links":{"self":[{"href":"https:\/\/geab.se\/elnat\/wp-json\/wp\/v2\/pages\/14236","targetHints":{"allow":["GET"]}}],"collection":[{"href":"https:\/\/geab.se\/elnat\/wp-json\/wp\/v2\/pages"}],"about":[{"href":"https:\/\/geab.se\/elnat\/wp-json\/wp\/v2\/types\/page"}],"author":[{"embeddable":true,"href":"https:\/\/geab.se\/elnat\/wp-json\/wp\/v2\/users\/11"}],"replies":[{"embeddable":true,"href":"https:\/\/geab.se\/elnat\/wp-json\/wp\/v2\/comments?post=14236"}],"version-history":[{"count":89,"href":"https:\/\/geab.se\/elnat\/wp-json\/wp\/v2\/pages\/14236\/revisions"}],"predecessor-version":[{"id":106037,"href":"https:\/\/geab.se\/elnat\/wp-json\/wp\/v2\/pages\/14236\/revisions\/106037"}],"up":[{"embeddable":true,"href":"https:\/\/geab.se\/elnat\/wp-json\/wp\/v2\/pages\/14935"}],"wp:attachment":[{"href":"https:\/\/geab.se\/elnat\/wp-json\/wp\/v2\/media?parent=14236"}],"curies":[{"name":"wp","href":"https:\/\/api.w.org\/{rel}","templated":true}]}}