{"id":105429,"date":"2025-12-30T11:31:14","date_gmt":"2025-12-30T10:31:14","guid":{"rendered":"https:\/\/geab.se\/elnat\/?page_id=105429"},"modified":"2026-04-13T14:30:55","modified_gmt":"2026-04-13T12:30:55","slug":"teckningstavling","status":"publish","type":"page","link":"https:\/\/geab.se\/elnat\/teckningstavling\/","title":{"rendered":"Barnens teckningstavling"},"content":{"rendered":"\t\t<div data-elementor-type=\"wp-page\" data-elementor-id=\"105429\" class=\"elementor elementor-105429\" data-elementor-post-type=\"page\">\n\t\t\t\t\t\t<section class=\"elementor-section elementor-top-section elementor-element elementor-element-4da71990 elementor-section-full_width elementor-section-height-min-height elementor-section-items-stretch elementor-section-content-middle elementor-section-height-default\" data-id=\"4da71990\" data-element_type=\"section\" data-e-type=\"section\" data-settings=\"{&quot;background_background&quot;:&quot;classic&quot;}\">\n\t\t\t\t\t\t\t<div class=\"elementor-background-overlay\"><\/div>\n\t\t\t\t\t\t\t<div class=\"elementor-container elementor-column-gap-no\">\n\t\t\t\t\t<div class=\"elementor-column elementor-col-100 elementor-top-column elementor-element elementor-element-6143fcb1\" data-id=\"6143fcb1\" data-element_type=\"column\" data-e-type=\"column\">\n\t\t\t<div class=\"elementor-widget-wrap\">\n\t\t\t\t\t\t\t<\/div>\n\t\t<\/div>\n\t\t\t\t\t<\/div>\n\t\t<\/section>\n\t\t\t\t<section class=\"elementor-section elementor-top-section elementor-element elementor-element-331a60c4 elementor-section-height-min-height elementor-section-items-stretch elementor-reverse-mobile elementor-section-boxed elementor-section-height-default\" data-id=\"331a60c4\" data-element_type=\"section\" data-e-type=\"section\" data-settings=\"{&quot;background_background&quot;:&quot;classic&quot;}\">\n\t\t\t\t\t\t<div class=\"elementor-container elementor-column-gap-no\">\n\t\t\t\t\t<div class=\"elementor-column elementor-col-50 elementor-top-column elementor-element elementor-element-7a7e952c\" data-id=\"7a7e952c\" data-element_type=\"column\" data-e-type=\"column\" data-settings=\"{&quot;background_background&quot;:&quot;classic&quot;}\">\n\t\t\t<div class=\"elementor-widget-wrap elementor-element-populated\">\n\t\t\t\t\t<div class=\"elementor-background-overlay\"><\/div>\n\t\t\t\t\t\t<div class=\"elementor-element elementor-element-73344739 elementor-widget elementor-widget-image\" data-id=\"73344739\" data-element_type=\"widget\" data-e-type=\"widget\" data-widget_type=\"image.default\">\n\t\t\t\t<div class=\"elementor-widget-container\">\n\t\t\t\t\t\t\t\t\t\t\t\t\t\t\t<img fetchpriority=\"high\" decoding=\"async\" width=\"800\" height=\"455\" src=\"https:\/\/geab.se\/elnat\/wp-content\/uploads\/sites\/3\/2026\/02\/Juryn_teckningstavling-1055x600.png\" class=\"attachment-large size-large wp-image-105726\" alt=\"Teamsm\u00f6te med jurymedlemmar\" srcset=\"https:\/\/geab.se\/elnat\/wp-content\/uploads\/sites\/3\/2026\/02\/Juryn_teckningstavling-1055x600.png 1055w, https:\/\/geab.se\/elnat\/wp-content\/uploads\/sites\/3\/2026\/02\/Juryn_teckningstavling-527x300.png 527w, https:\/\/geab.se\/elnat\/wp-content\/uploads\/sites\/3\/2026\/02\/Juryn_teckningstavling-1536x874.png 1536w, https:\/\/geab.se\/elnat\/wp-content\/uploads\/sites\/3\/2026\/02\/Juryn_teckningstavling.png 1677w\" sizes=\"(max-width: 800px) 100vw, 800px\" \/>\t\t\t\t\t\t\t\t\t\t\t\t\t\t\t<\/div>\n\t\t\t\t<\/div>\n\t\t\t\t<div class=\"elementor-element elementor-element-9897af3 elementor-widget elementor-widget-text-editor\" data-id=\"9897af3\" data-element_type=\"widget\" data-e-type=\"widget\" data-widget_type=\"text-editor.default\">\n\t\t\t\t<div class=\"elementor-widget-container\">\n\t\t\t\t\t\t\t\t\t<p>T\u00e4vlingsjuryn<\/p>\t\t\t\t\t\t\t\t<\/div>\n\t\t\t\t<\/div>\n\t\t\t\t\t<\/div>\n\t\t<\/div>\n\t\t\t\t<div class=\"elementor-column elementor-col-50 elementor-top-column elementor-element elementor-element-70ad2655\" data-id=\"70ad2655\" data-element_type=\"column\" data-e-type=\"column\" data-settings=\"{&quot;background_background&quot;:&quot;classic&quot;}\">\n\t\t\t<div class=\"elementor-widget-wrap elementor-element-populated\">\n\t\t\t\t\t\t<section class=\"elementor-section elementor-inner-section elementor-element elementor-element-2a2a9544 elementor-section-content-middle elementor-section-boxed elementor-section-height-default elementor-section-height-default\" data-id=\"2a2a9544\" data-element_type=\"section\" data-e-type=\"section\">\n\t\t\t\t\t\t<div class=\"elementor-container elementor-column-gap-no\">\n\t\t\t\t\t<div class=\"elementor-column elementor-col-100 elementor-inner-column elementor-element elementor-element-7ded2ed\" data-id=\"7ded2ed\" data-element_type=\"column\" data-e-type=\"column\">\n\t\t\t<div class=\"elementor-widget-wrap elementor-element-populated\">\n\t\t\t\t\t\t<div class=\"elementor-element elementor-element-86c6280 elementor-widget elementor-widget-text-editor\" data-id=\"86c6280\" data-element_type=\"widget\" data-e-type=\"widget\" data-widget_type=\"text-editor.default\">\n\t\t\t\t<div class=\"elementor-widget-container\">\n\t\t\t\t\t\t\t\t\t<p>15 februari 2026<\/p>\t\t\t\t\t\t\t\t<\/div>\n\t\t\t\t<\/div>\n\t\t\t\t<div class=\"elementor-element elementor-element-156a14bb elementor-widget elementor-widget-heading\" data-id=\"156a14bb\" data-element_type=\"widget\" data-e-type=\"widget\" data-widget_type=\"heading.default\">\n\t\t\t\t<div class=\"elementor-widget-container\">\n\t\t\t\t\t<h2 class=\"elementor-heading-title elementor-size-default\">T\u00e4vlingen \u00e4r avslutad\n<\/h2>\t\t\t\t<\/div>\n\t\t\t\t<\/div>\n\t\t\t\t<div class=\"elementor-element elementor-element-421d3cba elementor-widget elementor-widget-text-editor\" data-id=\"421d3cba\" data-element_type=\"widget\" data-e-type=\"widget\" data-widget_type=\"text-editor.default\">\n\t\t\t\t<div class=\"elementor-widget-container\">\n\t\t\t\t\t\t\t\t\t<p>Stort tack till alla fantastiska barn och unga som har skickat in sina underbart fina teckningar. Vi har f\u00e5tt in \u00f6ver 1 000 bidrag och blir helt varma i hj\u00e4rtat av all gl\u00e4dje, kreativitet och energi som ni f\u00f6rmedlar. Ett extra stort tack ocks\u00e5 till alla l\u00e4rare och f\u00f6r\u00e4ldrar som har engagerat sig och gjort detta m\u00f6jligt. Vi kontaktar vinnarna i slutet av februari och i maj v\u00e4ntar invigning i Dalhem med Babben.<\/p>\t\t\t\t\t\t\t\t<\/div>\n\t\t\t\t<\/div>\n\t\t\t\t\t<\/div>\n\t\t<\/div>\n\t\t\t\t\t<\/div>\n\t\t<\/section>\n\t\t\t\t\t<\/div>\n\t\t<\/div>\n\t\t\t\t\t<\/div>\n\t\t<\/section>\n\t\t\t\t<section class=\"elementor-section elementor-top-section elementor-element elementor-element-16e2569 elementor-section-boxed elementor-section-height-default elementor-section-height-default\" data-id=\"16e2569\" data-element_type=\"section\" data-e-type=\"section\">\n\t\t\t\t\t\t<div class=\"elementor-container elementor-column-gap-wider\">\n\t\t\t\t\t<div class=\"elementor-column elementor-col-100 elementor-top-column elementor-element elementor-element-6855a79c\" data-id=\"6855a79c\" data-element_type=\"column\" data-e-type=\"column\">\n\t\t\t<div class=\"elementor-widget-wrap elementor-element-populated\">\n\t\t\t\t\t\t<div class=\"elementor-element elementor-element-8184eed elementor-widget elementor-widget-heading\" data-id=\"8184eed\" data-element_type=\"widget\" data-e-type=\"widget\" data-widget_type=\"heading.default\">\n\t\t\t\t<div class=\"elementor-widget-container\">\n\t\t\t\t\t<h2 class=\"elementor-heading-title elementor-size-default\">Om t\u00e4vlingen<\/h2>\t\t\t\t<\/div>\n\t\t\t\t<\/div>\n\t\t\t\t<div class=\"elementor-element elementor-element-4ab7815a elementor-widget elementor-widget-text-editor\" data-id=\"4ab7815a\" data-element_type=\"widget\" data-e-type=\"widget\" data-widget_type=\"text-editor.default\">\n\t\t\t\t<div class=\"elementor-widget-container\">\n\t\t\t\t\t\t\t\t\t<p style=\"text-align: center;\">Vi bjuder nu in alla barn och unga i grundskolan (F-9) p\u00e5 Gotland till en f\u00e4rgsprakande teckningst\u00e4vling. Mellan 15 januari och 15 februari kan barn skicka in sina teckningar. De utvalda bidragen s\u00e4tts upp p\u00e5 kabelsk\u00e5p runt om p\u00e5 Gotland, med invigning i maj.<\/p>\t\t\t\t\t\t\t\t<\/div>\n\t\t\t\t<\/div>\n\t\t\t\t\t<\/div>\n\t\t<\/div>\n\t\t\t\t\t<\/div>\n\t\t<\/section>\n\t\t\t\t<section class=\"elementor-section elementor-top-section elementor-element elementor-element-2561aa4 elementor-section-height-min-height elementor-section-items-stretch elementor-reverse-mobile elementor-section-boxed elementor-section-height-default\" data-id=\"2561aa4\" data-element_type=\"section\" data-e-type=\"section\" data-settings=\"{&quot;background_background&quot;:&quot;classic&quot;}\">\n\t\t\t\t\t\t<div class=\"elementor-container elementor-column-gap-no\">\n\t\t\t\t\t<div class=\"elementor-column elementor-col-50 elementor-top-column elementor-element elementor-element-5296c9e\" data-id=\"5296c9e\" data-element_type=\"column\" data-e-type=\"column\" data-settings=\"{&quot;background_background&quot;:&quot;classic&quot;}\">\n\t\t\t<div class=\"elementor-widget-wrap elementor-element-populated\">\n\t\t\t\t\t<div class=\"elementor-background-overlay\"><\/div>\n\t\t\t\t\t\t<div class=\"elementor-element elementor-element-c8b2f24 elementor-widget elementor-widget-image\" data-id=\"c8b2f24\" data-element_type=\"widget\" data-e-type=\"widget\" data-widget_type=\"image.default\">\n\t\t\t\t<div class=\"elementor-widget-container\">\n\t\t\t\t\t\t\t\t\t\t\t\t\t\t\t<img decoding=\"async\" width=\"800\" height=\"450\" src=\"https:\/\/geab.se\/elnat\/wp-content\/uploads\/sites\/3\/2025\/12\/16.9-bild-1067x600.jpg\" class=\"attachment-large size-large wp-image-105432\" alt=\"Kabelsk\u00e5p med bild p\u00e5.\" srcset=\"https:\/\/geab.se\/elnat\/wp-content\/uploads\/sites\/3\/2025\/12\/16.9-bild-1067x600.jpg 1067w, https:\/\/geab.se\/elnat\/wp-content\/uploads\/sites\/3\/2025\/12\/16.9-bild-533x300.jpg 533w, https:\/\/geab.se\/elnat\/wp-content\/uploads\/sites\/3\/2025\/12\/16.9-bild-1536x864.jpg 1536w, https:\/\/geab.se\/elnat\/wp-content\/uploads\/sites\/3\/2025\/12\/16.9-bild-2048x1152.jpg 2048w\" sizes=\"(max-width: 800px) 100vw, 800px\" \/>\t\t\t\t\t\t\t\t\t\t\t\t\t\t\t<\/div>\n\t\t\t\t<\/div>\n\t\t\t\t\t<\/div>\n\t\t<\/div>\n\t\t\t\t<div class=\"elementor-column elementor-col-50 elementor-top-column elementor-element elementor-element-d30200c\" data-id=\"d30200c\" data-element_type=\"column\" data-e-type=\"column\" data-settings=\"{&quot;background_background&quot;:&quot;classic&quot;}\">\n\t\t\t<div class=\"elementor-widget-wrap elementor-element-populated\">\n\t\t\t\t\t\t<section class=\"elementor-section elementor-inner-section elementor-element elementor-element-c12b9ca elementor-section-content-middle elementor-section-boxed elementor-section-height-default elementor-section-height-default\" data-id=\"c12b9ca\" data-element_type=\"section\" data-e-type=\"section\">\n\t\t\t\t\t\t<div class=\"elementor-container elementor-column-gap-no\">\n\t\t\t\t\t<div class=\"elementor-column elementor-col-100 elementor-inner-column elementor-element elementor-element-e71d941\" data-id=\"e71d941\" data-element_type=\"column\" data-e-type=\"column\">\n\t\t\t<div class=\"elementor-widget-wrap elementor-element-populated\">\n\t\t\t\t\t\t<div class=\"elementor-element elementor-element-5e33548 elementor-widget elementor-widget-heading\" data-id=\"5e33548\" data-element_type=\"widget\" data-e-type=\"widget\" data-widget_type=\"heading.default\">\n\t\t\t\t<div class=\"elementor-widget-container\">\n\t\t\t\t\t<h2 class=\"elementor-heading-title elementor-size-default\">Vill du se din teckning p\u00e5 ett kabelsk\u00e5p?\n<\/h2>\t\t\t\t<\/div>\n\t\t\t\t<\/div>\n\t\t\t\t<div class=\"elementor-element elementor-element-7487fa3 elementor-widget elementor-widget-text-editor\" data-id=\"7487fa3\" data-element_type=\"widget\" data-e-type=\"widget\" data-widget_type=\"text-editor.default\">\n\t\t\t\t<div class=\"elementor-widget-container\">\n\t\t\t\t\t\t\t\t\t<p>Nu har du chansen! G\u00e5r du i grundskolan (F\u20139) kan just din teckning bli en del av gatumilj\u00f6n i Burgsvik, Dalhem, F\u00e5r\u00f6sund, Hemse, Klintehamn, Slite och Visby. Totalt v\u00e4ljs 34 teckningar ut, kanske \u00e4r en av dem din.<\/p>\t\t\t\t\t\t\t\t<\/div>\n\t\t\t\t<\/div>\n\t\t\t\t\t<\/div>\n\t\t<\/div>\n\t\t\t\t\t<\/div>\n\t\t<\/section>\n\t\t\t\t\t<\/div>\n\t\t<\/div>\n\t\t\t\t\t<\/div>\n\t\t<\/section>\n\t\t\t\t<section class=\"elementor-section elementor-top-section elementor-element elementor-element-37f1c5fe elementor-section-height-min-height elementor-section-items-stretch elementor-reverse-mobile elementor-section-boxed elementor-section-height-default\" data-id=\"37f1c5fe\" data-element_type=\"section\" data-e-type=\"section\" data-settings=\"{&quot;background_background&quot;:&quot;classic&quot;}\">\n\t\t\t\t\t\t<div class=\"elementor-container elementor-column-gap-no\">\n\t\t\t\t\t<div class=\"elementor-column elementor-col-50 elementor-top-column elementor-element elementor-element-5d7aceb1\" data-id=\"5d7aceb1\" data-element_type=\"column\" data-e-type=\"column\" data-settings=\"{&quot;background_background&quot;:&quot;classic&quot;}\">\n\t\t\t<div class=\"elementor-widget-wrap elementor-element-populated\">\n\t\t\t\t\t\t<section class=\"elementor-section elementor-inner-section elementor-element elementor-element-1f93c7fe elementor-section-content-middle elementor-section-boxed elementor-section-height-default elementor-section-height-default\" data-id=\"1f93c7fe\" data-element_type=\"section\" data-e-type=\"section\">\n\t\t\t\t\t\t<div class=\"elementor-container elementor-column-gap-no\">\n\t\t\t\t\t<div class=\"elementor-column elementor-col-100 elementor-inner-column elementor-element elementor-element-204cf0ec\" data-id=\"204cf0ec\" data-element_type=\"column\" data-e-type=\"column\">\n\t\t\t<div class=\"elementor-widget-wrap elementor-element-populated\">\n\t\t\t\t\t\t<div class=\"elementor-element elementor-element-6f89949a elementor-widget elementor-widget-heading\" data-id=\"6f89949a\" data-element_type=\"widget\" data-e-type=\"widget\" data-widget_type=\"heading.default\">\n\t\t\t\t<div class=\"elementor-widget-container\">\n\t\t\t\t\t<h2 class=\"elementor-heading-title elementor-size-default\">Tr\u00e4ffa Babben<\/h2>\t\t\t\t<\/div>\n\t\t\t\t<\/div>\n\t\t\t\t<div class=\"elementor-element elementor-element-73bd46ed elementor-widget elementor-widget-text-editor\" data-id=\"73bd46ed\" data-element_type=\"widget\" data-e-type=\"widget\" data-widget_type=\"text-editor.default\">\n\t\t\t\t<div class=\"elementor-widget-container\">\n\t\t\t\t\t\t\t\t\t<p>Teckningarna bed\u00f6ms av en jury d\u00e4r bland andra komikern och Gotlandsprofilen Babben Larsson \u00e4r med. Vinnarna f\u00e5r \u00e4ven tr\u00e4ffa Babben p\u00e5 den stora invigningen i Dalhem i maj.<\/p>\t\t\t\t\t\t\t\t<\/div>\n\t\t\t\t<\/div>\n\t\t\t\t<div class=\"elementor-element elementor-element-d1d54ee elementor-widget elementor-widget-text-editor\" data-id=\"d1d54ee\" data-element_type=\"widget\" data-e-type=\"widget\" data-widget_type=\"text-editor.default\">\n\t\t\t\t<div class=\"elementor-widget-container\">\n\t\t\t\t\t\t\t\t\t<p>\u2013 L\u00e5t fantasin fl\u00f6da och pennorna gl\u00f6da. Skicka in en teckning du nyss ritat eller en favorit du \u00e4r extra stolt \u00f6ver. Jag ser verkligen fram emot att f\u00e5 ta del av alla bidrag, h\u00e4lsar Babben Larsson.<\/p>\t\t\t\t\t\t\t\t<\/div>\n\t\t\t\t<\/div>\n\t\t\t\t\t<\/div>\n\t\t<\/div>\n\t\t\t\t\t<\/div>\n\t\t<\/section>\n\t\t\t\t\t<\/div>\n\t\t<\/div>\n\t\t\t\t<div class=\"elementor-column elementor-col-50 elementor-top-column elementor-element elementor-element-32889826\" data-id=\"32889826\" data-element_type=\"column\" data-e-type=\"column\" data-settings=\"{&quot;background_background&quot;:&quot;classic&quot;}\">\n\t\t\t<div class=\"elementor-widget-wrap elementor-element-populated\">\n\t\t\t\t\t<div class=\"elementor-background-overlay\"><\/div>\n\t\t\t\t\t\t<div class=\"elementor-element elementor-element-1f6d9117 elementor-widget elementor-widget-image\" data-id=\"1f6d9117\" data-element_type=\"widget\" data-e-type=\"widget\" data-widget_type=\"image.default\">\n\t\t\t\t<div class=\"elementor-widget-container\">\n\t\t\t\t\t\t\t\t\t\t\t\t\t\t\t<img decoding=\"async\" width=\"450\" height=\"600\" src=\"https:\/\/geab.se\/elnat\/wp-content\/uploads\/sites\/3\/2025\/12\/babben-450x600.jpg\" class=\"attachment-large size-large wp-image-105434\" alt=\"Portr\u00e4tt Babben Larsson\" srcset=\"https:\/\/geab.se\/elnat\/wp-content\/uploads\/sites\/3\/2025\/12\/babben-450x600.jpg 450w, https:\/\/geab.se\/elnat\/wp-content\/uploads\/sites\/3\/2025\/12\/babben-225x300.jpg 225w, https:\/\/geab.se\/elnat\/wp-content\/uploads\/sites\/3\/2025\/12\/babben-1152x1536.jpg 1152w, https:\/\/geab.se\/elnat\/wp-content\/uploads\/sites\/3\/2025\/12\/babben-1536x2048.jpg 1536w, https:\/\/geab.se\/elnat\/wp-content\/uploads\/sites\/3\/2025\/12\/babben-scaled.jpg 1920w\" sizes=\"(max-width: 450px) 100vw, 450px\" \/>\t\t\t\t\t\t\t\t\t\t\t\t\t\t\t<\/div>\n\t\t\t\t<\/div>\n\t\t\t\t\t<\/div>\n\t\t<\/div>\n\t\t\t\t\t<\/div>\n\t\t<\/section>\n\t\t\t\t<section class=\"elementor-section elementor-top-section elementor-element elementor-element-58e35e0b elementor-section-height-min-height elementor-section-items-stretch elementor-reverse-mobile elementor-section-boxed elementor-section-height-default\" data-id=\"58e35e0b\" data-element_type=\"section\" data-e-type=\"section\" data-settings=\"{&quot;background_background&quot;:&quot;classic&quot;}\">\n\t\t\t\t\t\t<div class=\"elementor-container elementor-column-gap-no\">\n\t\t\t\t\t<div class=\"elementor-column elementor-col-50 elementor-top-column elementor-element elementor-element-37e59d2f\" data-id=\"37e59d2f\" data-element_type=\"column\" data-e-type=\"column\" data-settings=\"{&quot;background_background&quot;:&quot;classic&quot;}\">\n\t\t\t<div class=\"elementor-widget-wrap elementor-element-populated\">\n\t\t\t\t\t<div class=\"elementor-background-overlay\"><\/div>\n\t\t\t\t\t\t<div class=\"elementor-element elementor-element-4dff197e elementor-widget elementor-widget-image\" data-id=\"4dff197e\" data-element_type=\"widget\" data-e-type=\"widget\" data-widget_type=\"image.default\">\n\t\t\t\t<div class=\"elementor-widget-container\">\n\t\t\t\t\t\t\t\t\t\t\t\t\t\t\t<img loading=\"lazy\" decoding=\"async\" width=\"800\" height=\"571\" src=\"https:\/\/geab.se\/elnat\/wp-content\/uploads\/sites\/3\/2025\/12\/iStock-2240066504-840x600.jpg\" class=\"attachment-large size-large wp-image-105433\" alt=\"Person som sitter med f\u00e4rgpennor framf\u00f6r ansiktet.\" srcset=\"https:\/\/geab.se\/elnat\/wp-content\/uploads\/sites\/3\/2025\/12\/iStock-2240066504-840x600.jpg 840w, https:\/\/geab.se\/elnat\/wp-content\/uploads\/sites\/3\/2025\/12\/iStock-2240066504-420x300.jpg 420w, https:\/\/geab.se\/elnat\/wp-content\/uploads\/sites\/3\/2025\/12\/iStock-2240066504-1536x1097.jpg 1536w, https:\/\/geab.se\/elnat\/wp-content\/uploads\/sites\/3\/2025\/12\/iStock-2240066504-2048x1463.jpg 2048w\" sizes=\"(max-width: 800px) 100vw, 800px\" \/>\t\t\t\t\t\t\t\t\t\t\t\t\t\t\t<\/div>\n\t\t\t\t<\/div>\n\t\t\t\t\t<\/div>\n\t\t<\/div>\n\t\t\t\t<div class=\"elementor-column elementor-col-50 elementor-top-column elementor-element elementor-element-6a72a6e0\" data-id=\"6a72a6e0\" data-element_type=\"column\" data-e-type=\"column\" data-settings=\"{&quot;background_background&quot;:&quot;classic&quot;}\">\n\t\t\t<div class=\"elementor-widget-wrap elementor-element-populated\">\n\t\t\t\t\t\t<section class=\"elementor-section elementor-inner-section elementor-element elementor-element-330481e0 elementor-section-content-middle elementor-section-boxed elementor-section-height-default elementor-section-height-default\" data-id=\"330481e0\" data-element_type=\"section\" data-e-type=\"section\">\n\t\t\t\t\t\t<div class=\"elementor-container elementor-column-gap-no\">\n\t\t\t\t\t<div class=\"elementor-column elementor-col-100 elementor-inner-column elementor-element elementor-element-34470a26\" data-id=\"34470a26\" data-element_type=\"column\" data-e-type=\"column\">\n\t\t\t<div class=\"elementor-widget-wrap elementor-element-populated\">\n\t\t\t\t\t\t<div class=\"elementor-element elementor-element-50dc71a1 elementor-widget elementor-widget-heading\" data-id=\"50dc71a1\" data-element_type=\"widget\" data-e-type=\"widget\" data-widget_type=\"heading.default\">\n\t\t\t\t<div class=\"elementor-widget-container\">\n\t\t\t\t\t<h2 class=\"elementor-heading-title elementor-size-default\">S\u00e5 deltar du - t\u00e4vling avslutad<\/h2>\t\t\t\t<\/div>\n\t\t\t\t<\/div>\n\t\t\t\t<div class=\"elementor-element elementor-element-48330c40 elementor-widget elementor-widget-text-editor\" data-id=\"48330c40\" data-element_type=\"widget\" data-e-type=\"widget\" data-widget_type=\"text-editor.default\">\n\t\t\t\t<div class=\"elementor-widget-container\">\n\t\t\t\t\t\t\t\t\t<p><strong>1.<\/strong> Rita en teckning som sprider gl\u00e4dje och energi<br \/><strong>2.<\/strong> Fota din teckning<br \/><strong>3<\/strong>. Mejla bilden till <a href=\"mailto:hej@geab.se\">hej@geab.se<\/a><br \/><strong>4.<\/strong> Spara originalet (din riktiga teckning)<br \/><strong>5<\/strong>. Skriv i mejlet vad du har ritat, ditt namn och din \u00e5lder<\/p>\t\t\t\t\t\t\t\t<\/div>\n\t\t\t\t<\/div>\n\t\t\t\t<div class=\"elementor-element elementor-element-76013b7 elementor-widget elementor-widget-text-editor\" data-id=\"76013b7\" data-element_type=\"widget\" data-e-type=\"widget\" data-widget_type=\"text-editor.default\">\n\t\t\t\t<div class=\"elementor-widget-container\">\n\t\t\t\t\t\t\t\t\t<p>Teckningst\u00e4vlingen p\u00e5g\u00e5r 15 januari till 15 februari. Max tv\u00e5 teckningar per barn.\u00a0<\/p>\t\t\t\t\t\t\t\t<\/div>\n\t\t\t\t<\/div>\n\t\t\t\t\t<\/div>\n\t\t<\/div>\n\t\t\t\t\t<\/div>\n\t\t<\/section>\n\t\t\t\t\t<\/div>\n\t\t<\/div>\n\t\t\t\t\t<\/div>\n\t\t<\/section>\n\t\t<div class=\"elementor-element elementor-element-9bb76c4 e-flex e-con-boxed e-con e-parent\" data-id=\"9bb76c4\" data-element_type=\"container\" data-e-type=\"container\">\n\t\t\t\t\t<div class=\"e-con-inner\">\n\t\t\t\t<div class=\"elementor-element elementor-element-ab91378 elementor-widget elementor-widget-heading\" data-id=\"ab91378\" data-element_type=\"widget\" data-e-type=\"widget\" data-widget_type=\"heading.default\">\n\t\t\t\t<div class=\"elementor-widget-container\">\n\t\t\t\t\t<h2 class=\"elementor-heading-title elementor-size-default\">R\u00e4ttigheter &amp; villkor\n\n<\/h2>\t\t\t\t<\/div>\n\t\t\t\t<\/div>\n\t\t\t\t<div class=\"elementor-element elementor-element-299e46c elementor-widget elementor-widget-text-editor\" data-id=\"299e46c\" data-element_type=\"widget\" data-e-type=\"widget\" data-widget_type=\"text-editor.default\">\n\t\t\t\t<div class=\"elementor-widget-container\">\n\t\t\t\t\t\t\t\t\t<p>Genom att delta i t\u00e4vlingen ger du oss r\u00e4tt att anv\u00e4nda din teckning i samband med t\u00e4vlingen och dess marknadsf\u00f6ring. Du beh\u00e5ller dock upphovsr\u00e4tten till din bild. Ingen ekonomisk ers\u00e4ttning utg\u00e5r, och vi f\u00f6rbeh\u00e5ller oss r\u00e4tten att publicera inskickade bidrag samt att diskvalificera bidrag som inte uppfyller t\u00e4vlingsreglerna, inneh\u00e5ller ol\u00e4mpligt material eller inte \u00e4r ritade av deltagaren sj\u00e4lv. T\u00e4vlingen p\u00e5g\u00e5r 15 januari till 15 februari 2026.<\/p>\t\t\t\t\t\t\t\t<\/div>\n\t\t\t\t<\/div>\n\t\t\t\t\t<\/div>\n\t\t\t\t<\/div>\n\t\t\t\t<\/div>\n\t\t","protected":false},"excerpt":{"rendered":"<p>T\u00e4vlingsjuryn 15 februari 2026 T\u00e4vlingen \u00e4r avslutad Stort tack till alla fantastiska barn och unga som har skickat in sina underbart fina teckningar. Vi har f\u00e5tt in \u00f6ver 1 000 bidrag och blir helt varma i hj\u00e4rtat av all gl\u00e4dje, kreativitet och energi som ni f\u00f6rmedlar. Ett extra stort tack ocks\u00e5 till alla l\u00e4rare och [&hellip;]<\/p>\n","protected":false},"author":11,"featured_media":0,"parent":0,"menu_order":0,"comment_status":"closed","ping_status":"closed","template":"elementor_header_footer","meta":{"_seopress_robots_primary_cat":"","_seopress_titles_title":"Barnens teckningst\u00e4vling p\u00e5 kabelsk\u00e5p | Gotlands Eln\u00e4t","_seopress_titles_desc":"Var med i v\u00e5r teckningst\u00e4vling och f\u00e5 chansen att f\u00e5 din teckning uppsatt p\u00e5 ett kabelsk\u00e5p i Burgsvik, Dalhem, F\u00e5r\u00f6sund, Hemse, Klintehamn, Slite eller Visby. Totalt v\u00e4ljs 34 teckningar ut.","_seopress_robots_index":"","footnotes":""},"class_list":["post-105429","page","type-page","status-publish","hentry"],"_links":{"self":[{"href":"https:\/\/geab.se\/elnat\/wp-json\/wp\/v2\/pages\/105429","targetHints":{"allow":["GET"]}}],"collection":[{"href":"https:\/\/geab.se\/elnat\/wp-json\/wp\/v2\/pages"}],"about":[{"href":"https:\/\/geab.se\/elnat\/wp-json\/wp\/v2\/types\/page"}],"author":[{"embeddable":true,"href":"https:\/\/geab.se\/elnat\/wp-json\/wp\/v2\/users\/11"}],"replies":[{"embeddable":true,"href":"https:\/\/geab.se\/elnat\/wp-json\/wp\/v2\/comments?post=105429"}],"version-history":[{"count":77,"href":"https:\/\/geab.se\/elnat\/wp-json\/wp\/v2\/pages\/105429\/revisions"}],"predecessor-version":[{"id":106152,"href":"https:\/\/geab.se\/elnat\/wp-json\/wp\/v2\/pages\/105429\/revisions\/106152"}],"wp:attachment":[{"href":"https:\/\/geab.se\/elnat\/wp-json\/wp\/v2\/media?parent=105429"}],"curies":[{"name":"wp","href":"https:\/\/api.w.org\/{rel}","templated":true}]}}