{"id":104562,"date":"2025-09-30T08:30:26","date_gmt":"2025-09-30T06:30:26","guid":{"rendered":"https:\/\/geab.se\/elnat\/?page_id=104562"},"modified":"2026-04-13T14:38:38","modified_gmt":"2026-04-13T12:38:38","slug":"hogspanningsanlaggning","status":"publish","type":"page","link":"https:\/\/geab.se\/elnat\/hogspanningsanlaggning\/","title":{"rendered":"H\u00f6gsp\u00e4nningsanl\u00e4ggning"},"content":{"rendered":"\t\t<div data-elementor-type=\"wp-page\" data-elementor-id=\"104562\" class=\"elementor elementor-104562\" data-elementor-post-type=\"page\">\n\t\t\t\t\t\t<section class=\"elementor-section elementor-top-section elementor-element elementor-element-7b93de1f elementor-section-boxed elementor-section-height-default elementor-section-height-default\" data-id=\"7b93de1f\" data-element_type=\"section\" data-e-type=\"section\">\n\t\t\t\t\t\t<div class=\"elementor-container elementor-column-gap-default\">\n\t\t\t\t\t<div class=\"elementor-column elementor-col-100 elementor-top-column elementor-element elementor-element-2c789459\" data-id=\"2c789459\" data-element_type=\"column\" data-e-type=\"column\">\n\t\t\t<div class=\"elementor-widget-wrap elementor-element-populated\">\n\t\t\t\t\t\t<div class=\"elementor-element elementor-element-4f6bf18e elementor-nav-menu__align-center elementor-hidden-mobile elementor-hidden-tablet elementor-nav-menu--dropdown-tablet elementor-nav-menu__text-align-aside elementor-nav-menu--toggle elementor-nav-menu--burger elementor-widget elementor-widget-nav-menu\" data-id=\"4f6bf18e\" data-element_type=\"widget\" data-e-type=\"widget\" data-settings=\"{&quot;layout&quot;:&quot;horizontal&quot;,&quot;submenu_icon&quot;:{&quot;value&quot;:&quot;&lt;i class=\\&quot;fas fa-caret-down\\&quot; aria-hidden=\\&quot;true\\&quot;&gt;&lt;\\\/i&gt;&quot;,&quot;library&quot;:&quot;fa-solid&quot;},&quot;toggle&quot;:&quot;burger&quot;}\" data-widget_type=\"nav-menu.default\">\n\t\t\t\t<div class=\"elementor-widget-container\">\n\t\t\t\t\t\t\t\t<nav aria-label=\"Meny\" class=\"elementor-nav-menu--main elementor-nav-menu__container elementor-nav-menu--layout-horizontal e--pointer-none\">\n\t\t\t\t<ul id=\"menu-1-4f6bf18e\" class=\"elementor-nav-menu\"><li class=\"menu-item menu-item-type-post_type menu-item-object-page menu-item-105592\"><a href=\"https:\/\/geab.se\/elnat\/elanslutning\/valj-ratt-huvudsakring-2\/\" class=\"elementor-item\">V\u00e4lj r\u00e4tt huvuds\u00e4kring<\/a><\/li>\n<li class=\"menu-item menu-item-type-post_type menu-item-object-page menu-item-105600\"><a href=\"https:\/\/geab.se\/elnat\/elanslutning\/andra-abonnemang\/\" class=\"elementor-item\">\u00c4ndra abonnemang<\/a><\/li>\n<li class=\"menu-item menu-item-type-post_type menu-item-object-page menu-item-105601\"><a href=\"https:\/\/geab.se\/elnat\/elmatare\/\" class=\"elementor-item\">Elm\u00e4tare<\/a><\/li>\n<li class=\"menu-item menu-item-type-post_type menu-item-object-page menu-item-105602\"><a href=\"https:\/\/geab.se\/elnat\/tillgang-till-matvarden\/\" class=\"elementor-item\">Tillg\u00e5ng till m\u00e4tv\u00e4rden<\/a><\/li>\n<li class=\"menu-item menu-item-type-post_type menu-item-object-page menu-item-105603\"><a href=\"https:\/\/geab.se\/elnat\/hogspanningsanlaggning\/\" class=\"elementor-item\">Service h\u00f6gsp\u00e4nningsanl\u00e4ggning<\/a><\/li>\n<\/ul>\t\t\t<\/nav>\n\t\t\t\t\t<div class=\"elementor-menu-toggle\" role=\"button\" tabindex=\"0\" aria-label=\"Sl\u00e5 p\u00e5\/av meny\" aria-expanded=\"false\">\n\t\t\t<i aria-hidden=\"true\" role=\"presentation\" class=\"elementor-menu-toggle__icon--open eicon-menu-bar\"><\/i><i aria-hidden=\"true\" role=\"presentation\" class=\"elementor-menu-toggle__icon--close eicon-close\"><\/i>\t\t<\/div>\n\t\t\t\t\t<nav class=\"elementor-nav-menu--dropdown elementor-nav-menu__container\" aria-hidden=\"true\">\n\t\t\t\t<ul id=\"menu-2-4f6bf18e\" class=\"elementor-nav-menu\"><li class=\"menu-item menu-item-type-post_type menu-item-object-page menu-item-105592\"><a href=\"https:\/\/geab.se\/elnat\/elanslutning\/valj-ratt-huvudsakring-2\/\" class=\"elementor-item\" tabindex=\"-1\">V\u00e4lj r\u00e4tt huvuds\u00e4kring<\/a><\/li>\n<li class=\"menu-item menu-item-type-post_type menu-item-object-page menu-item-105600\"><a href=\"https:\/\/geab.se\/elnat\/elanslutning\/andra-abonnemang\/\" class=\"elementor-item\" tabindex=\"-1\">\u00c4ndra abonnemang<\/a><\/li>\n<li class=\"menu-item menu-item-type-post_type menu-item-object-page menu-item-105601\"><a href=\"https:\/\/geab.se\/elnat\/elmatare\/\" class=\"elementor-item\" tabindex=\"-1\">Elm\u00e4tare<\/a><\/li>\n<li class=\"menu-item menu-item-type-post_type menu-item-object-page menu-item-105602\"><a href=\"https:\/\/geab.se\/elnat\/tillgang-till-matvarden\/\" class=\"elementor-item\" tabindex=\"-1\">Tillg\u00e5ng till m\u00e4tv\u00e4rden<\/a><\/li>\n<li class=\"menu-item menu-item-type-post_type menu-item-object-page menu-item-105603\"><a href=\"https:\/\/geab.se\/elnat\/hogspanningsanlaggning\/\" class=\"elementor-item\" tabindex=\"-1\">Service h\u00f6gsp\u00e4nningsanl\u00e4ggning<\/a><\/li>\n<\/ul>\t\t\t<\/nav>\n\t\t\t\t\t\t<\/div>\n\t\t\t\t<\/div>\n\t\t\t\t\t<\/div>\n\t\t<\/div>\n\t\t\t\t\t<\/div>\n\t\t<\/section>\n\t\t\t\t<section class=\"elementor-section elementor-top-section elementor-element elementor-element-6b9991ef elementor-section-full_width elementor-section-height-min-height elementor-section-items-stretch elementor-section-content-middle elementor-section-height-default\" data-id=\"6b9991ef\" data-element_type=\"section\" data-e-type=\"section\" data-settings=\"{&quot;background_background&quot;:&quot;classic&quot;}\">\n\t\t\t\t\t\t\t<div class=\"elementor-background-overlay\"><\/div>\n\t\t\t\t\t\t\t<div class=\"elementor-container elementor-column-gap-no\">\n\t\t\t\t\t<div class=\"elementor-column elementor-col-100 elementor-top-column elementor-element elementor-element-5f238cd4\" data-id=\"5f238cd4\" data-element_type=\"column\" data-e-type=\"column\">\n\t\t\t<div class=\"elementor-widget-wrap elementor-element-populated\">\n\t\t\t\t\t\t<section class=\"elementor-section elementor-inner-section elementor-element elementor-element-69d56b6c elementor-section-content-middle elementor-section-boxed elementor-section-height-default elementor-section-height-default\" data-id=\"69d56b6c\" data-element_type=\"section\" data-e-type=\"section\">\n\t\t\t\t\t\t<div class=\"elementor-container elementor-column-gap-wide\">\n\t\t\t\t\t<div class=\"elementor-column elementor-col-100 elementor-inner-column elementor-element elementor-element-5bdd778d\" data-id=\"5bdd778d\" data-element_type=\"column\" data-e-type=\"column\">\n\t\t\t<div class=\"elementor-widget-wrap elementor-element-populated\">\n\t\t\t\t\t\t<div class=\"elementor-element elementor-element-24edb250 elementor-widget elementor-widget-heading\" data-id=\"24edb250\" data-element_type=\"widget\" data-e-type=\"widget\" data-widget_type=\"heading.default\">\n\t\t\t\t<div class=\"elementor-widget-container\">\n\t\t\t\t\t<h1 class=\"elementor-heading-title elementor-size-default\">Service h\u00f6gsp\u00e4nningsanl\u00e4ggning<\/h1>\t\t\t\t<\/div>\n\t\t\t\t<\/div>\n\t\t\t\t\t<\/div>\n\t\t<\/div>\n\t\t\t\t\t<\/div>\n\t\t<\/section>\n\t\t\t\t\t<\/div>\n\t\t<\/div>\n\t\t\t\t\t<\/div>\n\t\t<\/section>\n\t\t\t\t<section class=\"elementor-section elementor-top-section elementor-element elementor-element-10c51aa elementor-section-boxed elementor-section-height-default elementor-section-height-default\" data-id=\"10c51aa\" data-element_type=\"section\" data-e-type=\"section\">\n\t\t\t\t\t\t<div class=\"elementor-container elementor-column-gap-wider\">\n\t\t\t\t\t<div class=\"elementor-column elementor-col-100 elementor-top-column elementor-element elementor-element-c79848e\" data-id=\"c79848e\" data-element_type=\"column\" data-e-type=\"column\">\n\t\t\t<div class=\"elementor-widget-wrap elementor-element-populated\">\n\t\t\t\t\t\t<div class=\"elementor-element elementor-element-7932575 elementor-widget elementor-widget-text-editor\" data-id=\"7932575\" data-element_type=\"widget\" data-e-type=\"widget\" data-widget_type=\"text-editor.default\">\n\t\t\t\t<div class=\"elementor-widget-container\">\n\t\t\t\t\t\t\t\t\t<p>\u00c4r du kund med en h\u00f6gsp\u00e4nningsanl\u00e4ggning och beh\u00f6ver service eller underh\u00e5ll? Fyll i v\u00e5rt best\u00e4llningsformul\u00e4r s\u00e5 hj\u00e4lper vi dig.<\/p>\t\t\t\t\t\t\t\t<\/div>\n\t\t\t\t<\/div>\n\t\t\t\t\t<\/div>\n\t\t<\/div>\n\t\t\t\t\t<\/div>\n\t\t<\/section>\n\t\t\t\t<section class=\"elementor-section elementor-top-section elementor-element elementor-element-66864d7 elementor-section-height-min-height elementor-section-items-stretch elementor-reverse-mobile elementor-section-boxed elementor-section-height-default\" data-id=\"66864d7\" data-element_type=\"section\" data-e-type=\"section\" data-settings=\"{&quot;background_background&quot;:&quot;classic&quot;}\">\n\t\t\t\t\t\t<div class=\"elementor-container elementor-column-gap-no\">\n\t\t\t\t\t<div class=\"elementor-column elementor-col-50 elementor-top-column elementor-element elementor-element-6a92a0c\" data-id=\"6a92a0c\" data-element_type=\"column\" data-e-type=\"column\" data-settings=\"{&quot;background_background&quot;:&quot;classic&quot;}\">\n\t\t\t<div class=\"elementor-widget-wrap elementor-element-populated\">\n\t\t\t\t\t\t<section class=\"elementor-section elementor-inner-section elementor-element elementor-element-bd18156 elementor-section-content-middle elementor-section-boxed elementor-section-height-default elementor-section-height-default\" data-id=\"bd18156\" data-element_type=\"section\" data-e-type=\"section\">\n\t\t\t\t\t\t<div class=\"elementor-container elementor-column-gap-no\">\n\t\t\t\t\t<div class=\"elementor-column elementor-col-100 elementor-inner-column elementor-element elementor-element-7fcb655\" data-id=\"7fcb655\" data-element_type=\"column\" data-e-type=\"column\">\n\t\t\t<div class=\"elementor-widget-wrap elementor-element-populated\">\n\t\t\t\t\t\t<div class=\"elementor-element elementor-element-445c690 elementor-widget elementor-widget-heading\" data-id=\"445c690\" data-element_type=\"widget\" data-e-type=\"widget\" data-widget_type=\"heading.default\">\n\t\t\t\t<div class=\"elementor-widget-container\">\n\t\t\t\t\t<h2 class=\"elementor-heading-title elementor-size-default\">Det h\u00e4r kan vi hj\u00e4lpa dig med<\/h2>\t\t\t\t<\/div>\n\t\t\t\t<\/div>\n\t\t\t\t<div class=\"elementor-element elementor-element-20c03e3 elementor-widget elementor-widget-text-editor\" data-id=\"20c03e3\" data-element_type=\"widget\" data-e-type=\"widget\" data-widget_type=\"text-editor.default\">\n\t\t\t\t<div class=\"elementor-widget-container\">\n\t\t\t\t\t\t\t\t\t<div class=\"vf-custom-media-block__content-container vf-bg--light-blue\"><div class=\"vf-custom-media-block__box vf-container pt-2\"><div class=\"vf-row\"><div class=\"vf-custom-media-block__content vf-col-sm-12 vf-col-md-6 vf-col-lg-4\"><p data-start=\"321\" data-end=\"372\">Vi erbjuder specialiserad service inom h\u00f6gsp\u00e4nning:<\/p><ul><li>Brytarservice<\/li><li>Rel\u00e4service<\/li><li>Termografering<\/li><li data-start=\"435\" data-end=\"467\">\u00d6vrigt underh\u00e5ll och service<\/li><\/ul><\/div><\/div><\/div><\/div>\t\t\t\t\t\t\t\t<\/div>\n\t\t\t\t<\/div>\n\t\t\t\t<div class=\"elementor-element elementor-element-3541c24 elementor-widget elementor-widget-text-editor\" data-id=\"3541c24\" data-element_type=\"widget\" data-e-type=\"widget\" data-widget_type=\"text-editor.default\">\n\t\t\t\t<div class=\"elementor-widget-container\">\n\t\t\t\t\t\t\t\t\t<div class=\"vf-custom-media-block__content-container vf-bg--light-blue\"><div class=\"vf-custom-media-block__box vf-container pt-2\"><div class=\"vf-row\"><div class=\"vf-custom-media-block__content vf-col-sm-12 vf-col-md-6 vf-col-lg-4\"><h4>Viktigt att veta innan du g\u00f6r en f\u00f6rfr\u00e5gan<\/h4><p>Vi erbjuder <strong data-start=\"506\" data-end=\"514\">inte<\/strong> vanlig elservice. F\u00f6r elinstallationer och fels\u00f6kning i l\u00e5gsp\u00e4nningsanl\u00e4ggningar h\u00e4nvisar vi till <a class=\"decorated-link cursor-pointer\" target=\"_new\" rel=\"noopener\" data-start=\"613\" data-end=\"666\">Els\u00e4kerhetsverket<\/a>, d\u00e4r du hittar certifierade elinstallat\u00f6rer.<\/p><\/div><\/div><\/div><\/div>\t\t\t\t\t\t\t\t<\/div>\n\t\t\t\t<\/div>\n\t\t\t\t\t<\/div>\n\t\t<\/div>\n\t\t\t\t\t<\/div>\n\t\t<\/section>\n\t\t\t\t\t<\/div>\n\t\t<\/div>\n\t\t\t\t<div class=\"elementor-column elementor-col-50 elementor-top-column elementor-element elementor-element-73456a2\" data-id=\"73456a2\" data-element_type=\"column\" data-e-type=\"column\" data-settings=\"{&quot;background_background&quot;:&quot;classic&quot;}\">\n\t\t\t<div class=\"elementor-widget-wrap elementor-element-populated\">\n\t\t\t\t\t<div class=\"elementor-background-overlay\"><\/div>\n\t\t\t\t\t\t<div class=\"elementor-element elementor-element-8d6e81b elementor-widget elementor-widget-image\" data-id=\"8d6e81b\" data-element_type=\"widget\" data-e-type=\"widget\" data-widget_type=\"image.default\">\n\t\t\t\t<div class=\"elementor-widget-container\">\n\t\t\t\t\t\t\t\t\t\t\t\t\t\t\t<img fetchpriority=\"high\" decoding=\"async\" width=\"400\" height=\"600\" src=\"https:\/\/geab.se\/elnat\/wp-content\/uploads\/sites\/3\/2021\/12\/IMG_8873-400x600.jpg\" class=\"attachment-large size-large wp-image-14298\" alt=\"Tr\u00e4d bakom tv\u00e5 stenmurar.\" srcset=\"https:\/\/geab.se\/elnat\/wp-content\/uploads\/sites\/3\/2021\/12\/IMG_8873-400x600.jpg 400w, https:\/\/geab.se\/elnat\/wp-content\/uploads\/sites\/3\/2021\/12\/IMG_8873-200x300.jpg 200w, https:\/\/geab.se\/elnat\/wp-content\/uploads\/sites\/3\/2021\/12\/IMG_8873-1024x1536.jpg 1024w, https:\/\/geab.se\/elnat\/wp-content\/uploads\/sites\/3\/2021\/12\/IMG_8873-1365x2048.jpg 1365w, https:\/\/geab.se\/elnat\/wp-content\/uploads\/sites\/3\/2021\/12\/IMG_8873-scaled.jpg 1707w\" sizes=\"(max-width: 400px) 100vw, 400px\" \/>\t\t\t\t\t\t\t\t\t\t\t\t\t\t\t<\/div>\n\t\t\t\t<\/div>\n\t\t\t\t\t<\/div>\n\t\t<\/div>\n\t\t\t\t\t<\/div>\n\t\t<\/section>\n\t\t\t\t<section class=\"elementor-section elementor-top-section elementor-element elementor-element-aba8e2e elementor-section-boxed elementor-section-height-default elementor-section-height-default\" data-id=\"aba8e2e\" data-element_type=\"section\" data-e-type=\"section\" data-settings=\"{&quot;background_background&quot;:&quot;classic&quot;}\">\n\t\t\t\t\t\t<div class=\"elementor-container elementor-column-gap-wider\">\n\t\t\t\t\t<div class=\"elementor-column elementor-col-100 elementor-top-column elementor-element elementor-element-6992f9b\" data-id=\"6992f9b\" data-element_type=\"column\" data-e-type=\"column\" data-settings=\"{&quot;background_background&quot;:&quot;classic&quot;}\">\n\t\t\t<div class=\"elementor-widget-wrap elementor-element-populated\">\n\t\t\t\t\t\t<div class=\"elementor-element elementor-element-b38dab9 elementor-widget elementor-widget-spacer\" data-id=\"b38dab9\" data-element_type=\"widget\" data-e-type=\"widget\" data-widget_type=\"spacer.default\">\n\t\t\t\t<div class=\"elementor-widget-container\">\n\t\t\t\t\t\t\t<div class=\"elementor-spacer\">\n\t\t\t<div class=\"elementor-spacer-inner\"><\/div>\n\t\t<\/div>\n\t\t\t\t\t\t<\/div>\n\t\t\t\t<\/div>\n\t\t\t\t<div class=\"elementor-element elementor-element-35b163d elementor-widget elementor-widget-heading\" data-id=\"35b163d\" data-element_type=\"widget\" data-e-type=\"widget\" data-widget_type=\"heading.default\">\n\t\t\t\t<div class=\"elementor-widget-container\">\n\t\t\t\t\t<h2 class=\"elementor-heading-title elementor-size-default\">F\u00f6rfr\u00e5gan service h\u00f6gsp\u00e4nningsanl\u00e4ggning<\/h2>\t\t\t\t<\/div>\n\t\t\t\t<\/div>\n\t\t\t\t<div class=\"elementor-element elementor-element-fa4f308 elementor-widget elementor-widget-text-editor\" data-id=\"fa4f308\" data-element_type=\"widget\" data-e-type=\"widget\" data-widget_type=\"text-editor.default\">\n\t\t\t\t<div class=\"elementor-widget-container\">\n\t\t\t\t\t\t\t\t\t\n<div class=\"wpcf7 no-js\" id=\"wpcf7-f104565-o1\" lang=\"sv-SE\" dir=\"ltr\" data-wpcf7-id=\"104565\">\n<div class=\"screen-reader-response\"><p role=\"status\" aria-live=\"polite\" aria-atomic=\"true\"><\/p> <ul><\/ul><\/div>\n<form action=\"\/elnat\/wp-json\/wp\/v2\/pages\/104562#wpcf7-f104565-o1\" method=\"post\" class=\"wpcf7-form init\" aria-label=\"Kontaktformul\u00e4r\" novalidate=\"novalidate\" data-status=\"init\">\n<fieldset class=\"hidden-fields-container\"><input type=\"hidden\" name=\"_wpcf7\" value=\"104565\" \/><input type=\"hidden\" name=\"_wpcf7_version\" value=\"6.1.5\" \/><input type=\"hidden\" name=\"_wpcf7_locale\" value=\"sv_SE\" \/><input type=\"hidden\" name=\"_wpcf7_unit_tag\" value=\"wpcf7-f104565-o1\" \/><input type=\"hidden\" name=\"_wpcf7_container_post\" value=\"0\" \/><input type=\"hidden\" name=\"_wpcf7_posted_data_hash\" value=\"\" \/><input type=\"hidden\" name=\"_wpcf7_recaptcha_response\" value=\"\" \/>\n<\/fieldset>\n<h3>Kontaktuppgifter till best\u00e4llaren\n<\/h3>\n<p><label> <b>Ditt namn<\/b><br \/>\n<span class=\"wpcf7-form-control-wrap\" data-name=\"your-name\"><input size=\"40\" maxlength=\"400\" class=\"wpcf7-form-control wpcf7-text wpcf7-validates-as-required\" autocomplete=\"name\" aria-required=\"true\" aria-invalid=\"false\" value=\"\" type=\"text\" name=\"your-name\" \/><\/span> <\/label>\n<\/p>\n<p><label> <b>Din e-post<\/b><br \/>\n<span class=\"wpcf7-form-control-wrap\" data-name=\"your-email\"><input size=\"40\" maxlength=\"400\" class=\"wpcf7-form-control wpcf7-email wpcf7-validates-as-required wpcf7-text wpcf7-validates-as-email\" autocomplete=\"email\" aria-required=\"true\" aria-invalid=\"false\" value=\"\" type=\"email\" name=\"your-email\" \/><\/span> <\/label>\n<\/p>\n<p><label> <b>Telefonnummer<\/b><br \/>\n<span class=\"wpcf7-form-control-wrap\" data-name=\"tel-537\"><input size=\"40\" maxlength=\"400\" class=\"wpcf7-form-control wpcf7-tel wpcf7-validates-as-required wpcf7-text wpcf7-validates-as-tel\" aria-required=\"true\" aria-invalid=\"false\" value=\"\" type=\"tel\" name=\"tel-537\" \/><\/span> <\/label>\n<\/p>\n<h3>Faktureringsinformation\n<\/h3>\n<p><label> <b>Faktureringsadress<\/b><br \/>\n<span class=\"wpcf7-form-control-wrap\" data-name=\"text-899\"><input size=\"40\" maxlength=\"400\" class=\"wpcf7-form-control wpcf7-text wpcf7-validates-as-required\" aria-required=\"true\" aria-invalid=\"false\" value=\"\" type=\"text\" name=\"text-899\" \/><\/span><\/label>\n<\/p>\n<p><label> <b>Organisationsnummer<\/b><br \/>\n<span class=\"wpcf7-form-control-wrap\" data-name=\"text-633\"><input size=\"40\" maxlength=\"400\" class=\"wpcf7-form-control wpcf7-text wpcf7-validates-as-required\" aria-required=\"true\" aria-invalid=\"false\" value=\"\" type=\"text\" name=\"text-633\" \/><\/span><\/label>\n<\/p>\n<p><label> <b>Best\u00e4llarreferens<\/b> (valfritt)<br \/>\n<span class=\"wpcf7-form-control-wrap\" data-name=\"text-318\"><input size=\"40\" maxlength=\"400\" class=\"wpcf7-form-control wpcf7-text\" aria-invalid=\"false\" value=\"\" type=\"text\" name=\"text-318\" \/><\/span> <\/label>\n<\/p>\n<p><label> <b>Eventuell m\u00e4rkning p\u00e5 fakturan<\/b><br \/>\n<span class=\"wpcf7-form-control-wrap\" data-name=\"text-632\"><input size=\"40\" maxlength=\"400\" class=\"wpcf7-form-control wpcf7-text\" aria-invalid=\"false\" value=\"\" type=\"text\" name=\"text-632\" \/><\/span><\/label>\n<\/p>\n<p><label> <b>Eventuellt meddelande<\/b> (valfritt)<br \/>\n<span class=\"wpcf7-form-control-wrap\" data-name=\"your-message\"><textarea cols=\"40\" rows=\"10\" maxlength=\"2000\" class=\"wpcf7-form-control wpcf7-textarea\" aria-invalid=\"false\" name=\"your-message\"><\/textarea><\/span> <\/label>\n<\/p>\n<p><label><span class=\"wpcf7-form-control-wrap\" data-name=\"acceptance-362\"><span class=\"wpcf7-form-control wpcf7-acceptance\"><span class=\"wpcf7-list-item\"><input type=\"checkbox\" name=\"acceptance-362\" value=\"1\" aria-invalid=\"false\" \/><\/span><\/span><\/span> Jag godk\u00e4nner <a href=\"https:\/\/geab.se\/personuppgifter\/\">Geabs hantering av mina personuppgifter<\/a><\/label>\n<\/p>\n<p><input class=\"wpcf7-form-control wpcf7-submit has-spinner\" type=\"submit\" value=\"Skicka\" \/>\n<\/p>\n<p>* Obligatoriska f\u00e4lt\n<\/p><div class=\"wpcf7-response-output\" aria-hidden=\"true\"><\/div>\n<\/form>\n<\/div>\n\t\t\t\t\t\t\t\t<\/div>\n\t\t\t\t<\/div>\n\t\t\t\t<div class=\"elementor-element elementor-element-489e7a7 elementor-widget elementor-widget-spacer\" data-id=\"489e7a7\" data-element_type=\"widget\" data-e-type=\"widget\" data-widget_type=\"spacer.default\">\n\t\t\t\t<div class=\"elementor-widget-container\">\n\t\t\t\t\t\t\t<div class=\"elementor-spacer\">\n\t\t\t<div class=\"elementor-spacer-inner\"><\/div>\n\t\t<\/div>\n\t\t\t\t\t\t<\/div>\n\t\t\t\t<\/div>\n\t\t\t\t\t<\/div>\n\t\t<\/div>\n\t\t\t\t\t<\/div>\n\t\t<\/section>\n\t\t\t\t<\/div>\n\t\t","protected":false},"excerpt":{"rendered":"<p>Service h\u00f6gsp\u00e4nningsanl\u00e4ggning \u00c4r du kund med en h\u00f6gsp\u00e4nningsanl\u00e4ggning och beh\u00f6ver service eller underh\u00e5ll? Fyll i v\u00e5rt best\u00e4llningsformul\u00e4r s\u00e5 hj\u00e4lper vi dig. Det h\u00e4r kan vi hj\u00e4lpa dig med Vi erbjuder specialiserad service inom h\u00f6gsp\u00e4nning: Brytarservice Rel\u00e4service Termografering \u00d6vrigt underh\u00e5ll och service Viktigt att veta innan du g\u00f6r en f\u00f6rfr\u00e5gan Vi erbjuder inte vanlig elservice. F\u00f6r [&hellip;]<\/p>\n","protected":false},"author":11,"featured_media":0,"parent":0,"menu_order":0,"comment_status":"closed","ping_status":"closed","template":"elementor_header_footer","meta":{"_seopress_robots_primary_cat":"","_seopress_titles_title":"H\u00f6gsp\u00e4nningsanl\u00e4ggning | Gotlands Eln\u00e4t","_seopress_titles_desc":"","_seopress_robots_index":"","footnotes":""},"class_list":["post-104562","page","type-page","status-publish","hentry"],"_links":{"self":[{"href":"https:\/\/geab.se\/elnat\/wp-json\/wp\/v2\/pages\/104562","targetHints":{"allow":["GET"]}}],"collection":[{"href":"https:\/\/geab.se\/elnat\/wp-json\/wp\/v2\/pages"}],"about":[{"href":"https:\/\/geab.se\/elnat\/wp-json\/wp\/v2\/types\/page"}],"author":[{"embeddable":true,"href":"https:\/\/geab.se\/elnat\/wp-json\/wp\/v2\/users\/11"}],"replies":[{"embeddable":true,"href":"https:\/\/geab.se\/elnat\/wp-json\/wp\/v2\/comments?post=104562"}],"version-history":[{"count":29,"href":"https:\/\/geab.se\/elnat\/wp-json\/wp\/v2\/pages\/104562\/revisions"}],"predecessor-version":[{"id":106050,"href":"https:\/\/geab.se\/elnat\/wp-json\/wp\/v2\/pages\/104562\/revisions\/106050"}],"wp:attachment":[{"href":"https:\/\/geab.se\/elnat\/wp-json\/wp\/v2\/media?parent=104562"}],"curies":[{"name":"wp","href":"https:\/\/api.w.org\/{rel}","templated":true}]}}